{"id":1051,"date":"2015-04-09T21:24:18","date_gmt":"2015-04-09T21:24:18","guid":{"rendered":"http:\/\/jocelynrobert.com\/?page_id=1051"},"modified":"2015-04-09T21:31:25","modified_gmt":"2015-04-09T21:31:25","slug":"environ-8000-kilometres","status":"publish","type":"page","link":"http:\/\/jocelynrobert.com\/?page_id=1051","title":{"rendered":"Environ 8,000 kilom\u00e8tres"},"content":{"rendered":"<section class=\"wpb-content-wrapper\"><p>[vc_row][vc_column width=&#8221;1\/1&#8243;][vc_column_text]Installation, avec <a href=\"http:\/\/www.dianelandry.com\">Diane Landry<\/a>, 1991. Une qu\u00eate artistique de 8\u00a0000 kilom\u00e8tres effectu\u00e9e \u00e0 bicyclette \u00e0 travers le Canada, de Vancouver, Colombie-Britannique, \u00e0 Saint-Jean, Terre-Neuve. Cette travers\u00e9e \u00e0 v\u00e9lo fut r\u00e9gl\u00e9e par l&#8217;application quotidienne d&#8217;un processus strict. Les r\u00e9sultats\u00a0: une sculpture sonore faite de 60 haut-parleurs sur socles, d&#8217;un magn\u00e9tophone et d&#8217;une trame sonore en boucle de pr\u00e8s de deux heures, d\u2019une murale compos\u00e9e de 83 objets photographiques, et d\u2019une s\u00e9quence de 60 bo\u00eetes-observatoires des objets trouv\u00e9s-alt\u00e9r\u00e9s, avec son syst\u00e8me d&#8217;\u00e9clairage propre. Deux autres \u00e9l\u00e9ments sculpturaux accompagnent l&#8217;installation.<\/p>\n<p>Installation, with <a href=\"http:\/\/www.dianelandry.com\">Diane Landry<\/a>, 1991. The result of a 8,000-kilometer artistic quest, made on bicycle across Canada, from Vancouver, B.C. to St. John&#8217;s, Newfoundland. This bicycle quest followed a very strict gathering process. The results: a sound sculpture made-up of 60 loudspeakers on stands, a tape player and a two-hour sound loop, a wall piece made up of 83 photo objects, a sequence of 60 boxes\/observatories containing the found\/chosen objects, with their own lighting system. Two other sculptural elements accompany the installation.[\/vc_column_text][\/vc_column][\/vc_row][vc_row full_width=&#8221;&#8221;][vc_column width=&#8221;1\/2&#8243;][vc_single_image image=&#8221;1054&#8243; alignment=&#8221;center&#8221; border_color=&#8221;grey&#8221; img_link_large=&#8221;&#8221; img_link_target=&#8221;_self&#8221; img_size=&#8221;full&#8221;][\/vc_column][vc_column width=&#8221;1\/2&#8243;][vc_single_image image=&#8221;1055&#8243; alignment=&#8221;center&#8221; border_color=&#8221;grey&#8221; img_link_large=&#8221;&#8221; img_link_target=&#8221;_self&#8221; img_size=&#8221;full&#8221;][\/vc_column][\/vc_row][vc_row full_width=&#8221;&#8221;][vc_column width=&#8221;1\/2&#8243;][vc_single_image image=&#8221;1053&#8243; alignment=&#8221;center&#8221; border_color=&#8221;grey&#8221; img_link_large=&#8221;&#8221; img_link_target=&#8221;_self&#8221; img_size=&#8221;full&#8221;][\/vc_column][vc_column width=&#8221;1\/2&#8243;][vc_single_image image=&#8221;1056&#8243; alignment=&#8221;center&#8221; border_color=&#8221;grey&#8221; img_link_large=&#8221;&#8221; img_link_target=&#8221;_self&#8221; img_size=&#8221;full&#8221;][\/vc_column][\/vc_row][vc_row full_width=&#8221;&#8221;][vc_column width=&#8221;1\/2&#8243;][vc_single_image image=&#8221;1057&#8243; alignment=&#8221;center&#8221; border_color=&#8221;grey&#8221; img_link_large=&#8221;&#8221; img_link_target=&#8221;_self&#8221; img_size=&#8221;full&#8221;][\/vc_column][vc_column width=&#8221;1\/2&#8243;][vc_single_image image=&#8221;1059&#8243; alignment=&#8221;center&#8221; border_color=&#8221;grey&#8221; img_link_large=&#8221;&#8221; img_link_target=&#8221;_self&#8221; img_size=&#8221;full&#8221;][\/vc_column][\/vc_row]<\/p>\n<\/section>","protected":false},"excerpt":{"rendered":"<p>[vc_row][vc_column width=&#8221;1\/1&#8243;][vc_column_text]Installation, avec Diane Landry, 1991. Une qu\u00eate artistique de 8\u00a0000 kilom\u00e8tres effectu\u00e9e \u00e0 bicyclette \u00e0 travers le Canada, de Vancouver, Colombie-Britannique, \u00e0 Saint-Jean, Terre-Neuve. Cette travers\u00e9e \u00e0 v\u00e9lo fut r\u00e9gl\u00e9e par l&#8217;application quotidienne d&#8217;un processus strict. Les r\u00e9sultats\u00a0: une sculpture sonore faite de 60 haut-parleurs sur socles, d&#8217;un magn\u00e9tophone et d&#8217;une trame sonore en &#8230; <a title=\"Environ 8,000 kilom\u00e8tres\" class=\"read-more\" href=\"http:\/\/jocelynrobert.com\/?page_id=1051\" aria-label=\"More on Environ 8,000 kilom\u00e8tres\">Read more<\/a><\/p>\n","protected":false},"author":1,"featured_media":0,"parent":40,"menu_order":0,"comment_status":"closed","ping_status":"open","template":"","meta":[],"_links":{"self":[{"href":"http:\/\/jocelynrobert.com\/index.php?rest_route=\/wp\/v2\/pages\/1051"}],"collection":[{"href":"http:\/\/jocelynrobert.com\/index.php?rest_route=\/wp\/v2\/pages"}],"about":[{"href":"http:\/\/jocelynrobert.com\/index.php?rest_route=\/wp\/v2\/types\/page"}],"author":[{"embeddable":true,"href":"http:\/\/jocelynrobert.com\/index.php?rest_route=\/wp\/v2\/users\/1"}],"replies":[{"embeddable":true,"href":"http:\/\/jocelynrobert.com\/index.php?rest_route=%2Fwp%2Fv2%2Fcomments&post=1051"}],"version-history":[{"count":3,"href":"http:\/\/jocelynrobert.com\/index.php?rest_route=\/wp\/v2\/pages\/1051\/revisions"}],"predecessor-version":[{"id":1061,"href":"http:\/\/jocelynrobert.com\/index.php?rest_route=\/wp\/v2\/pages\/1051\/revisions\/1061"}],"up":[{"embeddable":true,"href":"http:\/\/jocelynrobert.com\/index.php?rest_route=\/wp\/v2\/pages\/40"}],"wp:attachment":[{"href":"http:\/\/jocelynrobert.com\/index.php?rest_route=%2Fwp%2Fv2%2Fmedia&parent=1051"}],"curies":[{"name":"wp","href":"https:\/\/api.w.org\/{rel}","templated":true}]}}