{"id":1065,"date":"2015-04-09T21:47:49","date_gmt":"2015-04-09T21:47:49","guid":{"rendered":"http:\/\/jocelynrobert.com\/?page_id=1065"},"modified":"2015-04-09T21:58:44","modified_gmt":"2015-04-09T21:58:44","slug":"ab-box","status":"publish","type":"page","link":"http:\/\/jocelynrobert.com\/?page_id=1065","title":{"rendered":"AB Box"},"content":{"rendered":"<section class=\"wpb-content-wrapper\"><p>[vc_row][vc_column][vc_column_text]Installation interactive, avec <a href=\"http:\/\/dianelandry.com\">Diane Landry<\/a>, 1992-1993. Cette installation sonore interactive agit comme catalyseur pour la formation spontan\u00e9e de regroupements parmi les visiteurs d&#8217;un lieu public. L&#8217;installation int\u00e8gre des objets usuels et familiers comme sources sonores et lumineuses. Les visiteurs acqui\u00e8rent un certain contr\u00f4le sur les objets en touchant les plaques de cuivre sur les accoudoirs des chaises. L\u2019installation r\u00e9agit diff\u00e9remment selon le nombre de personnes actives, produisant une interaction qui n\u2019est pas la somme des actions individuelles mais un r\u00e9sultat unique des diff\u00e9rentes actions.<\/p>\n<p>Interactive installation, with <a href=\"http:\/\/dianelandry.com\">Diane Landry<\/a>, 1992-1993. This interactive sound installation acts as a catalyst for the spontaneous formation of groups in public spaces. It uses common objects as sound and light components. Visitors can sit on chairs provided with copper plates on the armrests. When they touch the plates, they acquire relative control of the sounds and lights produced. The installation reacts differently depending on the number of players, producing an interaction that is not the addition of individual actions but the unique result of different actions.[\/vc_column_text][\/vc_column][vc_column width=&#8221;1\/1&#8243;][vc_video link=&#8221;https:\/\/vimeo.com\/63744370&#8243;][\/vc_column][\/vc_row][vc_row full_width=&#8221;&#8221;][vc_column width=&#8221;1\/1&#8243;][vc_single_image image=&#8221;1069&#8243; alignment=&#8221;center&#8221; border_color=&#8221;grey&#8221; img_link_large=&#8221;&#8221; img_link_target=&#8221;_self&#8221; img_size=&#8221;full&#8221;][\/vc_column][\/vc_row][vc_row][vc_column width=&#8221;1\/1&#8243;][vc_single_image image=&#8221;1070&#8243; alignment=&#8221;center&#8221; border_color=&#8221;grey&#8221; img_link_large=&#8221;&#8221; img_link_target=&#8221;_self&#8221; img_size=&#8221;full&#8221;][\/vc_column][\/vc_row][vc_row full_width=&#8221;&#8221;][vc_column width=&#8221;1\/2&#8243;][vc_single_image image=&#8221;1067&#8243; alignment=&#8221;center&#8221; border_color=&#8221;grey&#8221; img_link_large=&#8221;&#8221; img_link_target=&#8221;_self&#8221; img_size=&#8221;full&#8221;][\/vc_column][vc_column width=&#8221;1\/2&#8243;][vc_single_image image=&#8221;1068&#8243; border_color=&#8221;grey&#8221; img_link_large=&#8221;&#8221; img_link_target=&#8221;_self&#8221; img_size=&#8221;full&#8221; alignment=&#8221;center&#8221;][\/vc_column][\/vc_row][vc_row full_width=&#8221;&#8221;][vc_column width=&#8221;1\/2&#8243;][vc_single_image image=&#8221;1071&#8243; border_color=&#8221;grey&#8221; img_link_large=&#8221;&#8221; img_link_target=&#8221;_self&#8221; img_size=&#8221;full&#8221;][\/vc_column][vc_column width=&#8221;1\/2&#8243;][vc_single_image image=&#8221;1072&#8243; alignment=&#8221;center&#8221; border_color=&#8221;grey&#8221; img_link_large=&#8221;&#8221; img_link_target=&#8221;_self&#8221; img_size=&#8221;full&#8221;][\/vc_column][\/vc_row]<\/p>\n<\/section>","protected":false},"excerpt":{"rendered":"<p>[vc_row][vc_column][vc_column_text]Installation interactive, avec Diane Landry, 1992-1993. Cette installation sonore interactive agit comme catalyseur pour la formation spontan\u00e9e de regroupements parmi les visiteurs d&#8217;un lieu public. L&#8217;installation int\u00e8gre des objets usuels et familiers comme sources sonores et lumineuses. Les visiteurs acqui\u00e8rent un certain contr\u00f4le sur les objets en touchant les plaques de cuivre sur les accoudoirs &#8230; <a title=\"AB Box\" class=\"read-more\" href=\"http:\/\/jocelynrobert.com\/?page_id=1065\" aria-label=\"More on AB Box\">Read more<\/a><\/p>\n","protected":false},"author":1,"featured_media":0,"parent":40,"menu_order":0,"comment_status":"closed","ping_status":"open","template":"","meta":[],"_links":{"self":[{"href":"http:\/\/jocelynrobert.com\/index.php?rest_route=\/wp\/v2\/pages\/1065"}],"collection":[{"href":"http:\/\/jocelynrobert.com\/index.php?rest_route=\/wp\/v2\/pages"}],"about":[{"href":"http:\/\/jocelynrobert.com\/index.php?rest_route=\/wp\/v2\/types\/page"}],"author":[{"embeddable":true,"href":"http:\/\/jocelynrobert.com\/index.php?rest_route=\/wp\/v2\/users\/1"}],"replies":[{"embeddable":true,"href":"http:\/\/jocelynrobert.com\/index.php?rest_route=%2Fwp%2Fv2%2Fcomments&post=1065"}],"version-history":[{"count":2,"href":"http:\/\/jocelynrobert.com\/index.php?rest_route=\/wp\/v2\/pages\/1065\/revisions"}],"predecessor-version":[{"id":1073,"href":"http:\/\/jocelynrobert.com\/index.php?rest_route=\/wp\/v2\/pages\/1065\/revisions\/1073"}],"up":[{"embeddable":true,"href":"http:\/\/jocelynrobert.com\/index.php?rest_route=\/wp\/v2\/pages\/40"}],"wp:attachment":[{"href":"http:\/\/jocelynrobert.com\/index.php?rest_route=%2Fwp%2Fv2%2Fmedia&parent=1065"}],"curies":[{"name":"wp","href":"https:\/\/api.w.org\/{rel}","templated":true}]}}