{"id":1081,"date":"2015-04-10T01:06:56","date_gmt":"2015-04-10T01:06:56","guid":{"rendered":"http:\/\/jocelynrobert.com\/?page_id=1081"},"modified":"2025-12-29T16:47:45","modified_gmt":"2025-12-29T16:47:45","slug":"presse","status":"publish","type":"page","link":"http:\/\/jocelynrobert.com\/?page_id=1081","title":{"rendered":"Presse"},"content":{"rendered":"<section class=\"wpb-content-wrapper\"><p>[vc_row][vc_column][vc_column_text]Quelques extraits de presse s\u00e9lectionn\u00e9s<\/p>\n<p>A few selected press reviews[\/vc_column_text][\/vc_column][\/vc_row][vc_row][vc_column][vc_column_text]2025<\/p>\n<p><a href=\"https:\/\/neural.it\/2025\/08\/jocelyn-robert-un-jardin-dombres\/\">Un Jardin d&#8217;ombres<\/a>, Aurelio Cianciotta, Neural<\/p>\n<p>2024<\/p>\n<p><a href=\"https:\/\/inactuelles.over-blog.com\/2024\/08\/jocelyn-robert-l-oceante.html\">L&#8217;Oc\u00e9ante,<\/a> Inactuelles<\/p>\n<p>2023<\/p>\n<p><a href=\"https:\/\/inactuelles.over-blog.com\/2023\/03\/jocelyn-robert-les-dimanches.html\">Les Dimanches<\/a>, Inactuelles<\/p>\n<p>2021<\/p>\n<p><a href=\"http:\/\/inactuelles.over-blog.com\/2021\/09\/jocelyn-robert-requiem.html\">Jocelyn Robert &#8211; Requiem<\/a>, Inactuelles<\/p>\n<p>2020<\/p>\n<p><a href=\"http:\/\/jocelynrobert.com\/wp-content\/uploads\/2020\/03\/Espace124_PeriodRooms_2020pdf.pdf\">Period Rooms<\/a>, Stefan Kr\u00e4mer, Espace art actuel<\/p>\n<p>2019<\/p>\n<p><a href=\"https:\/\/www.ledevoir.com\/culture\/arts-visuels\/562479\/jocelyn-robert-au-dela-du-consensus?fbclid=IwAR32QyuxnkCcE37lC2bbMfHWxP6hZS7sbvVkdW_AeuyDy9IeRYoJ6NTsK7E\">Jocelyn Robert \/ Au-del\u00e0 du concensus<\/a>, J\u00e9r\u00f4me Delgago, Le Devoir<\/p>\n<p><a href=\"http:\/\/jocelynrobert.com\/wp-content\/uploads\/2020\/03\/Ciel-Variable-0.pdf\">Jocelyn Robert \/ Co\u00efncidences,<\/a> Cynthia Fecteau, Ciel Variable<\/p>\n<p>2018<\/p>\n<p><a href=\"https:\/\/www.lesoleil.com\/arts\/jocelyn-robert-les-fragments-revelateurs-6fe4d76f2b6258a7b55780289c20ee36\">Les fragments r\u00e9v\u00e9lateurs<\/a>, Josiane Desloges, Le Soleil<\/p>\n<p><a href=\"http:\/\/www.vitalweekly.net\/1153.html\">Vital Weekly #1153<\/a>, Netherlands<\/p>\n<p>2017<\/p>\n<p><a href=\"http:\/\/evadegroote.be\/wp-content\/uploads\/2017\/10\/Jocelyn-Robert_-Its-all-about-seeing-linkages-and-marveling-at-them-2.pdf\">It&#8217;s all about seeing linkages and marveling at them<\/a>, Eva De Groote, blog<\/p>\n<p>2016<\/p>\n<p><a href=\"http:\/\/jocelynrobert.com\/wp-content\/uploads\/2017\/03\/a-vie-des-arts-243-2016-a.pdf\" target=\"_blank\" rel=\"noopener\">La beaut\u00e9 du hasard, <\/a>Anne Pilorget, Vie des arts, #243<a href=\"http:\/\/jocelynrobert.com\/wp-content\/uploads\/2016\/02\/espace-112.pdf\" target=\"_blank\" rel=\"noopener\"><br \/>\n<\/a><\/p>\n<p><a href=\"http:\/\/jocelynrobert.com\/wp-content\/uploads\/2016\/02\/espace-112.pdf\" target=\"_blank\" rel=\"noopener\">Jocelyn Robert. L&#8217;art par la disparition<\/a>, Anne Pilorget, Espace #112<\/p>\n<p>2015<\/p>\n<p><a href=\"http:\/\/grisli.canalblog.com\/archives\/2015\/10\/20\/32803010.html\" target=\"_blank\" rel=\"noopener\">Jocelyn Robert : The Maze<\/a>, Pierre C\u00e9cile, Le son du grisli<\/p>\n<p><a href=\"http:\/\/www.vitalweekly.net\/999.html\" target=\"_blank\" rel=\"noopener\">Jocelyn Robert, The Maze<\/a>, Frans De Waard, Vital Weekly #999<\/p>\n<p><a href=\"http:\/\/jocelynrobert.com\/wp-content\/uploads\/2015\/07\/le-monde-assemblage-1f.pdf\" target=\"_blank\" rel=\"noopener\">Jocelyn Robert, Perturbateur professionnel<\/a>, Claire Guillot, Le Monde, 4 juillet 2015<\/p>\n<p><a href=\"http:\/\/www.vitalweekly.net\/986.html\" target=\"_blank\" rel=\"noopener\">Piano Seul<\/a>, Vital Weekly #986<\/p>\n<p><a href=\"http:\/\/jocelynrobert.com\/wp-content\/uploads\/2015\/04\/Avant-Music-News-02-2015.pdf\">Cyclo\u00efdes<\/a>, Stephen Fruitman, AvantMusic News, United-States<\/p>\n<p>2014<\/p>\n<p><a href=\"http:\/\/jocelynrobert.com\/wp-content\/uploads\/2015\/04\/TheWire359-012014.pdf\">Cyclo\u00efdes<\/a>, Julian Cowley, The Wire #359, London (England)<\/p>\n<p><a href=\"http:\/\/jocelynrobert.com\/wp-content\/uploads\/2015\/06\/devoir-novembre-2014b.pdf\" target=\"_blank\" rel=\"noopener\">L&#8217;Interdisciplinarit\u00e9 comme sp\u00e9cialit\u00e9<\/a>, Benoit Rose, Le Devoir, Novembre 2014<\/p>\n<p>2013<\/p>\n<p><a href=\"http:\/\/jocelynrobert.com\/wp-content\/uploads\/2015\/04\/24images-dec-2013.pdf\">Entretiens<\/a>, 24 Images, Montr\u00e9al (Qu\u00e9bec)<\/p>\n<p><a href=\"http:\/\/www.sequenza21.com\/cdreviews\/2013\/01\/jocelyn-robert-immobile\/\" target=\"_blank\" rel=\"noopener\">Jocelyn Robert Immobile<\/a>, Sequenza 21 \/ Contemporary Classical Music Community<\/p>\n<p>2012<\/p>\n<p><a href=\"http:\/\/inactuelles.over-blog.com\/2014\/03\/jocelyn-robert-piano-disklavier.html\" target=\"_blank\" rel=\"noopener\">Immobile, Vers\u00f6hnungskirche<\/a>, Musiques singuli\u00e8res.<\/p>\n<p>2011<\/p>\n<p><a href=\"https:\/\/vimeo.com\/39838081\" target=\"_blank\" rel=\"noopener\">Archipels &#8211; Jocelyn Robert<\/a>, Matthieu Dugal, TLMSF<\/p>\n<p>2007<\/p>\n<p><a href=\"http:\/\/jocelynrobert.com\/wp-content\/uploads\/2015\/04\/Vie_des_arts_205_2007-p86.pdf\">Le Repli du temps<\/a>, Jean-Fran\u00e7ois Caron, Vie des Arts #205, Montr\u00e9al (Qc)<\/p>\n<p><a href=\"http:\/\/jocelynrobert.com\/wp-content\/uploads\/2015\/04\/so-berlin.pdf\">Berlin attend Avatar<\/a>, Nathalie C\u00f4t\u00e9, Le Soleil, Qu\u00e9bec (Qc)<\/p>\n<p>2006<\/p>\n<p><a href=\"http:\/\/jocelynrobert.com\/wp-content\/uploads\/2015\/04\/review-pandore-2.pdf\">Pandore<\/a>, Diverese revues<\/p>\n<p><a href=\"http:\/\/jocelynrobert.com\/wp-content\/uploads\/2015\/04\/sequence-voir-2006.pdf\">R\u00e9animation<\/a>, Jean-Fran\u00e7ois Caron, Le Voir, Saguenay (Qc)<\/p>\n<p><a href=\"http:\/\/jocelynrobert.com\/wp-content\/uploads\/2015\/04\/dazibao-presse-voir-ici.pdf\">La Lumi\u00e8re immobile \u00e0 Dazibao<\/a>, 3 articles, Montr\u00e9al (Qc)<\/p>\n<p><a href=\"http:\/\/jocelynrobert.com\/wp-content\/uploads\/2015\/04\/Soleil_281106.pdf\">Un festival de f\u00e9licitations<\/a>, R\u00e9gis Tremblay, Le Soleil, Qu\u00e9bec (Qc)<\/p>\n<p>2005<\/p>\n<p><a href=\"http:\/\/jocelynrobert.com\/wp-content\/uploads\/2015\/04\/ETC-Montreal-71-2005.pdf\">Sous l&#8217;emprise de la perception<\/a>, Sylvain Campeau, ETC Montr\u00e9al #71, Montr\u00e9al (Qc)<\/p>\n<p><a href=\"http:\/\/jocelynrobert.com\/wp-content\/uploads\/2015\/04\/UQAM-Vox-Devoir-270305.pdf\">De rigueur et de po\u00e9sie<\/a>, Bernard Lamarche, Le Devoir, Montr\u00e9al (Qc)<\/p>\n<p><a href=\"http:\/\/jocelynrobert.com\/wp-content\/uploads\/2015\/04\/UQAM-VOX-LaPresse-130305.pdf\">La fusion des sens<\/a>, Jerome Delgado, La Presse, Montr\u00e9al (Qc)<\/p>\n<p><a href=\"http:\/\/jocelynrobert.com\/wp-content\/uploads\/2015\/04\/devoir230105.pdf\">Entre sons et abstractions<\/a>, Bernard Lamarche, Le Devoir, Montr\u00e9al (Qu\u00e9bec)<\/p>\n<p>2004<\/p>\n<p><a href=\"http:\/\/jocelynrobert.com\/wp-content\/uploads\/2015\/04\/Timelength-2004.pdf\">L&#8217;Image entre deux \u00e9tats<\/a>, Jean-Claude Rochefort, Le Devoir, Montr\u00e9al (Qc)<\/p>\n<p><a href=\"http:\/\/jocelynrobert.com\/wp-content\/uploads\/2015\/04\/Soleil-131104-C4_17.pdf\">L&#8217;art de la ville<\/a>, Julie Bouchard, Le Soleil, Qu\u00e9bec (Qc)<\/p>\n<p>2003<\/p>\n<p><a href=\"http:\/\/jocelynrobert.com\/wp-content\/uploads\/2015\/04\/ETC-Montreal-61-2003.pdf\">Le pav\u00e9 dans la mare<\/a>, Sylvain Campeau, ETC MOntr\u00e9al #61, Montr\u00e9al (Qc)<\/p>\n<p><a href=\"http:\/\/jocelynrobert.com\/wp-content\/uploads\/2015\/04\/art-forum.pdf\">Best of<\/a>, Pamela M Lee, Art Forum, New York (NY)<\/p>\n<p><a href=\"http:\/\/jocelynrobert.com\/wp-content\/uploads\/2015\/04\/chili-mercurio.pdf\">Media Art en Santiago<\/a>, M C Gonzalez, El Mercurio, Santiago (Chili)<\/p>\n<p><a href=\"http:\/\/jocelynrobert.com\/wp-content\/uploads\/2015\/04\/revue-corr-57-03-critique.pdf\">Catalogue CD ROM<\/a>, Pierre-DURR, Revue et Corrig\u00e9e #57, Lille (France)<\/p>\n<p>2002<\/p>\n<p><a href=\"http:\/\/jocelynrobert.com\/wp-content\/uploads\/2015\/04\/Espace-Sculpture-59-2002.pdf\">Entretiens<\/a>, Louise Provencher, Espace Sculpture 59, Montr\u00e9al (Qc)<\/p>\n<p><a href=\"http:\/\/jocelynrobert.com\/wp-content\/uploads\/2015\/04\/devoir-oboro-121002.pdf\">Images en fuite et mots tus<\/a>, Jean-Claude Rochefort, Le Devoir, Montr\u00e9al (Qc)<\/p>\n<p><a href=\"http:\/\/jocelynrobert.com\/wp-content\/uploads\/2015\/04\/parachute-102-06_2002_cover.pdf\">Lynda Gaudreau et Jocelyn Robert<\/a>, Chantal Pontbriand, Parachute, Montr\u00e9al (Qc)<\/p>\n<p>2000<\/p>\n<p><a href=\"http:\/\/jocelynrobert.com\/wp-content\/uploads\/2015\/04\/Musicworks-77-2000-p56.pdf\">Aural Epiphanies<\/a>, Mark Sutherland, Musiworks 77, Toronto (Ontario)<\/p>\n<p><a href=\"http:\/\/jocelynrobert.com\/wp-content\/uploads\/2015\/04\/Revue_Cor_43_2000-cover.pdf\">Interview<\/a>, Eric La Casa, Revue et Corrig\u00e9e, Lille (France)<\/p>\n<p>1998<\/p>\n<p><a href=\"http:\/\/jocelynrobert.com\/wp-content\/uploads\/2015\/04\/ETC-Montreal-41-1998.pdf\">Musique, non-musique<\/a>, Karime Larose, ETC Montr\u00e9al #41, Montr\u00e9al (Qc)<\/p>\n<p>1993<\/p>\n<p><a href=\"http:\/\/jocelynrobert.com\/wp-content\/uploads\/2015\/04\/inter57-1993-abbox-cover.pdf\">AB Box<\/a>, Pierre-Andr\u00e9 Arcand, Inter #57, Qu\u00e9bec (Qc)[\/vc_column_text][\/vc_column][\/vc_row]<\/p>\n<\/section>","protected":false},"excerpt":{"rendered":"<p>[vc_row][vc_column][vc_column_text]Quelques extraits de presse s\u00e9lectionn\u00e9s A few selected press reviews[\/vc_column_text][\/vc_column][\/vc_row][vc_row][vc_column][vc_column_text]2025 Un Jardin d&#8217;ombres, Aurelio Cianciotta, Neural 2024 L&#8217;Oc\u00e9ante, Inactuelles 2023 Les Dimanches, Inactuelles 2021 Jocelyn Robert &#8211; Requiem, Inactuelles 2020 Period Rooms, Stefan Kr\u00e4mer, Espace art actuel 2019 Jocelyn Robert \/ Au-del\u00e0 du concensus, J\u00e9r\u00f4me Delgago, Le Devoir Jocelyn Robert \/ Co\u00efncidences, Cynthia Fecteau, Ciel &#8230; <a title=\"Presse\" class=\"read-more\" href=\"http:\/\/jocelynrobert.com\/?page_id=1081\" aria-label=\"More on Presse\">Read more<\/a><\/p>\n","protected":false},"author":1,"featured_media":0,"parent":14,"menu_order":0,"comment_status":"closed","ping_status":"open","template":"","meta":[],"_links":{"self":[{"href":"http:\/\/jocelynrobert.com\/index.php?rest_route=\/wp\/v2\/pages\/1081"}],"collection":[{"href":"http:\/\/jocelynrobert.com\/index.php?rest_route=\/wp\/v2\/pages"}],"about":[{"href":"http:\/\/jocelynrobert.com\/index.php?rest_route=\/wp\/v2\/types\/page"}],"author":[{"embeddable":true,"href":"http:\/\/jocelynrobert.com\/index.php?rest_route=\/wp\/v2\/users\/1"}],"replies":[{"embeddable":true,"href":"http:\/\/jocelynrobert.com\/index.php?rest_route=%2Fwp%2Fv2%2Fcomments&post=1081"}],"version-history":[{"count":20,"href":"http:\/\/jocelynrobert.com\/index.php?rest_route=\/wp\/v2\/pages\/1081\/revisions"}],"predecessor-version":[{"id":1938,"href":"http:\/\/jocelynrobert.com\/index.php?rest_route=\/wp\/v2\/pages\/1081\/revisions\/1938"}],"up":[{"embeddable":true,"href":"http:\/\/jocelynrobert.com\/index.php?rest_route=\/wp\/v2\/pages\/14"}],"wp:attachment":[{"href":"http:\/\/jocelynrobert.com\/index.php?rest_route=%2Fwp%2Fv2%2Fmedia&parent=1081"}],"curies":[{"name":"wp","href":"https:\/\/api.w.org\/{rel}","templated":true}]}}