{"id":1157,"date":"2015-04-10T14:43:25","date_gmt":"2015-04-10T14:43:25","guid":{"rendered":"http:\/\/jocelynrobert.com\/?page_id=1157"},"modified":"2015-04-10T14:50:53","modified_gmt":"2015-04-10T14:50:53","slug":"qwerty-radio-free-america","status":"publish","type":"page","link":"http:\/\/jocelynrobert.com\/?page_id=1157","title":{"rendered":"QWERTY : Radio Free America"},"content":{"rendered":"<section class=\"wpb-content-wrapper\"><p>[vc_row][vc_column][vc_column_text]Solo cd for a performance in the FADO festival, Toronto, 2003<\/p>\n<p>Un travail poussant les cons\u00e9quences du &#8220;march\u00e9 d\u00e9mocratique&#8221; de la radiophonie am\u00e9ricaine jusqu&#8217;\u00e0 sa conclusion ultime. 68 cds achet\u00e9s en Californie entre 2001 et 2003 sont superpos\u00e9s et \u00e9cout\u00e9s simultan\u00e9ment. 400 copies du cd ont \u00e9t\u00e9 distribu\u00e9es gratuitement sur les \u00e9tag\u00e8res de commerces de Toronto. <em>(73:47)<\/em><\/p>\n<p>A work taking the consequences of the &#8220;market democracy&#8221; of american radio to its ultimate conclusion. 68 cds bought in California between 2001 and 2003 are layered and played simultaneously. 400 copies of the cd have been distributed for free on the shelves of shops in Toronto. <em>(73:47)<\/em>[\/vc_column_text][\/vc_column][vc_column width=&#8221;1\/1&#8243;][vc_single_image image=&#8221;391&#8243; alignment=&#8221;center&#8221; border_color=&#8221;grey&#8221; img_link_large=&#8221;&#8221; img_link_target=&#8221;_self&#8221; img_size=&#8221;large&#8221;][\/vc_column][\/vc_row]<\/p>\n<\/section>","protected":false},"excerpt":{"rendered":"<p>[vc_row][vc_column][vc_column_text]Solo cd for a performance in the FADO festival, Toronto, 2003 Un travail poussant les cons\u00e9quences du &#8220;march\u00e9 d\u00e9mocratique&#8221; de la radiophonie am\u00e9ricaine jusqu&#8217;\u00e0 sa conclusion ultime. 68 cds achet\u00e9s en Californie entre 2001 et 2003 sont superpos\u00e9s et \u00e9cout\u00e9s simultan\u00e9ment. 400 copies du cd ont \u00e9t\u00e9 distribu\u00e9es gratuitement sur les \u00e9tag\u00e8res de commerces de &#8230; <a title=\"QWERTY : Radio Free America\" class=\"read-more\" href=\"http:\/\/jocelynrobert.com\/?page_id=1157\" aria-label=\"More on QWERTY : Radio Free America\">Read more<\/a><\/p>\n","protected":false},"author":1,"featured_media":0,"parent":43,"menu_order":0,"comment_status":"closed","ping_status":"open","template":"","meta":[],"_links":{"self":[{"href":"http:\/\/jocelynrobert.com\/index.php?rest_route=\/wp\/v2\/pages\/1157"}],"collection":[{"href":"http:\/\/jocelynrobert.com\/index.php?rest_route=\/wp\/v2\/pages"}],"about":[{"href":"http:\/\/jocelynrobert.com\/index.php?rest_route=\/wp\/v2\/types\/page"}],"author":[{"embeddable":true,"href":"http:\/\/jocelynrobert.com\/index.php?rest_route=\/wp\/v2\/users\/1"}],"replies":[{"embeddable":true,"href":"http:\/\/jocelynrobert.com\/index.php?rest_route=%2Fwp%2Fv2%2Fcomments&post=1157"}],"version-history":[{"count":2,"href":"http:\/\/jocelynrobert.com\/index.php?rest_route=\/wp\/v2\/pages\/1157\/revisions"}],"predecessor-version":[{"id":1159,"href":"http:\/\/jocelynrobert.com\/index.php?rest_route=\/wp\/v2\/pages\/1157\/revisions\/1159"}],"up":[{"embeddable":true,"href":"http:\/\/jocelynrobert.com\/index.php?rest_route=\/wp\/v2\/pages\/43"}],"wp:attachment":[{"href":"http:\/\/jocelynrobert.com\/index.php?rest_route=%2Fwp%2Fv2%2Fmedia&parent=1157"}],"curies":[{"name":"wp","href":"https:\/\/api.w.org\/{rel}","templated":true}]}}