{"id":1172,"date":"2015-04-10T15:00:10","date_gmt":"2015-04-10T15:00:10","guid":{"rendered":"http:\/\/jocelynrobert.com\/?page_id=1172"},"modified":"2015-04-10T15:03:18","modified_gmt":"2015-04-10T15:03:18","slug":"two-solitudes-edallab-indelibile","status":"publish","type":"page","link":"http:\/\/jocelynrobert.com\/?page_id=1172","title":{"rendered":"Two Solitudes, Edallab Indelibile"},"content":{"rendered":"<section class=\"wpb-content-wrapper\"><p>[vc_row][vc_column width=&#8221;1\/1&#8243;][vc_column_text]2 pi\u00e8ces sur le coffret cd triple 3 Phases, de Michael Snow<br \/>\nOhm \u00c9ditions, ohm-avtr 017-18-19, Avatar, Qu\u00e9bec 1997<\/p>\n<p>Deux Solitudes est un duo : Michael Snow est dans une salle et joue sur le piano, Jocelyn Robert dans une autre et improvise avec l&#8217;ordinateur des notes qui sont jou\u00e9es en temps r\u00e9el sur le m\u00eame piano, la composition se cr\u00e9ant par action\/r\u00e9action. Edallab Indelibile est aussi un duo : Jocelyn Robert a invers\u00e9, r\u00e9p\u00e9t\u00e9, remplac\u00e9 les phrases jou\u00e9es au piano par Snow, cr\u00e9ant une sorte de distillat de la forme &#8220;ballade&#8221;.<\/p>\n<p>Les deux pi\u00e8ces ont \u00e9t\u00e9 enregistr\u00e9es lors des s\u00e9ances de studio qui ont men\u00e9 \u00e0 la production du coffret triple 3 phases, par Michael Snow, publi\u00e9 par Avatar\/Ohm \u00c9ditions, \u00e0 Qu\u00e9bec.<\/p>\n<p>Deux Solitudes is a duet : Michael Snow is in a room and plays on a DisKlavier piano, while Jocelyn Robert is in another improvising notes on a computer. These notes are played by the machine on the same piano that Michael Snow plays, and the composition becomes an action\/reaction process on the intrument. Edallab Indelibile is also a duet : Jocelyn Robert reverses, repets, replaces phrases played on the piano by Snow, creating a condensed version of the &#8220;ballad&#8221; form.<\/p>\n<p>The two pieces were recorded in the 3 phases project, from Michael Snow, published by Avatar\/Ohm \u00c9ditions, Qu\u00e9bec. Jocelyn Robert also co-produced the project with Mario Gauthier and wrote the software for the compositions on the 3rd compact disc.[\/vc_column_text][vc_single_image image=&#8221;413&#8243; alignment=&#8221;center&#8221; border_color=&#8221;grey&#8221; img_link_large=&#8221;&#8221; img_link_target=&#8221;_self&#8221; img_size=&#8221;large&#8221;][vc_column_text]<!--[if lt IE 9]><script>document.createElement('audio');<\/script><![endif]-->\n<audio class=\"wp-audio-shortcode\" id=\"audio-1172-1\" preload=\"none\" style=\"width: 100%;\" controls=\"controls\"><source type=\"audio\/mpeg\" src=\"http:\/\/jocelynrobert.com\/wp-content\/uploads\/2015\/04\/03-Deux-Solitudes.m4a?_=1\" \/><a href=\"http:\/\/jocelynrobert.com\/wp-content\/uploads\/2015\/04\/03-Deux-Solitudes.m4a\">http:\/\/jocelynrobert.com\/wp-content\/uploads\/2015\/04\/03-Deux-Solitudes.m4a<\/a><\/audio>[\/vc_column_text][\/vc_column][\/vc_row]<\/p>\n<\/section>","protected":false},"excerpt":{"rendered":"<p>[vc_row][vc_column width=&#8221;1\/1&#8243;][vc_column_text]2 pi\u00e8ces sur le coffret cd triple 3 Phases, de Michael Snow Ohm \u00c9ditions, ohm-avtr 017-18-19, Avatar, Qu\u00e9bec 1997 Deux Solitudes est un duo : Michael Snow est dans une salle et joue sur le piano, Jocelyn Robert dans une autre et improvise avec l&#8217;ordinateur des notes qui sont jou\u00e9es en temps r\u00e9el sur &#8230; <a title=\"Two Solitudes, Edallab Indelibile\" class=\"read-more\" href=\"http:\/\/jocelynrobert.com\/?page_id=1172\" aria-label=\"More on Two Solitudes, Edallab Indelibile\">Read more<\/a><\/p>\n","protected":false},"author":1,"featured_media":0,"parent":43,"menu_order":0,"comment_status":"closed","ping_status":"open","template":"","meta":[],"_links":{"self":[{"href":"http:\/\/jocelynrobert.com\/index.php?rest_route=\/wp\/v2\/pages\/1172"}],"collection":[{"href":"http:\/\/jocelynrobert.com\/index.php?rest_route=\/wp\/v2\/pages"}],"about":[{"href":"http:\/\/jocelynrobert.com\/index.php?rest_route=\/wp\/v2\/types\/page"}],"author":[{"embeddable":true,"href":"http:\/\/jocelynrobert.com\/index.php?rest_route=\/wp\/v2\/users\/1"}],"replies":[{"embeddable":true,"href":"http:\/\/jocelynrobert.com\/index.php?rest_route=%2Fwp%2Fv2%2Fcomments&post=1172"}],"version-history":[{"count":3,"href":"http:\/\/jocelynrobert.com\/index.php?rest_route=\/wp\/v2\/pages\/1172\/revisions"}],"predecessor-version":[{"id":1176,"href":"http:\/\/jocelynrobert.com\/index.php?rest_route=\/wp\/v2\/pages\/1172\/revisions\/1176"}],"up":[{"embeddable":true,"href":"http:\/\/jocelynrobert.com\/index.php?rest_route=\/wp\/v2\/pages\/43"}],"wp:attachment":[{"href":"http:\/\/jocelynrobert.com\/index.php?rest_route=%2Fwp%2Fv2%2Fmedia&parent=1172"}],"curies":[{"name":"wp","href":"https:\/\/api.w.org\/{rel}","templated":true}]}}