{"id":1233,"date":"2015-04-18T21:14:28","date_gmt":"2015-04-18T21:14:28","guid":{"rendered":"http:\/\/jocelynrobert.com\/?page_id=1233"},"modified":"2015-04-18T21:31:26","modified_gmt":"2015-04-18T21:31:26","slug":"monsonics","status":"publish","type":"page","link":"http:\/\/jocelynrobert.com\/?page_id=1233","title":{"rendered":"Monsonics"},"content":{"rendered":"<section class=\"wpb-content-wrapper\"><p>[vc_row][vc_column][vc_column_text]<em>&#8220;Monsonics forms experimental sound collages that seems to plug in to Radio Earth as it dips into the music, noises, static detritus, found sounds and general polka dot sonics of everyday life.&#8221;<\/em><br \/>\n<em>&#8211; HiFi World<\/em><\/p>\n<p><em>&#8220;[&#8230;] mit einer geradezu sommerlich melodischen A-Seite inklusive perlendem Piano und einer merklich abget\u00f6nteren B-Seite mit Verzerrerrauschen, Kettenrasseln und Stimmenkleinhack.&#8221;<\/em><br \/>\n<em>&#8211; De:Bug<\/em><\/p>\n<p><em>&#8220;D&#8217;un c\u00f4t\u00e9, une musique \u00e9lectroacoustique qui joue sur la m\u00e9tamorphose des sources et un jeu avec l&#8217;anecdote, et de l&#8217;autre un jeu live bas\u00e9 sur l&#8217;accumulation en temps r\u00e9el plus proche par exemple de Pierre-Andr\u00e9 Arcand.&#8221;<\/em><br \/>\n<em>&#8211; Metamkine<\/em><\/p>\n<p>&nbsp;<\/p>\n<p>Voir \/ See <a href=\"http:\/\/www.cdbaby.com\/cd\/jocelynrobert4\">http:\/\/www.cdbaby.com\/cd\/jocelynrobert4<\/a> (CD)<\/p>\n<p>et \/ and <a href=\"http:\/\/www.hronir.de\/Jocelyn_Robert.html\">http:\/\/www.hronir.de\/Jocelyn_Robert.html<\/a> (Vinyl LP)<\/p>\n<p>&nbsp;[\/vc_column_text][\/vc_column][vc_column width=&#8221;1\/1&#8243;][vc_single_image image=&#8221;357&#8243; alignment=&#8221;center&#8221; border_color=&#8221;grey&#8221; img_link_large=&#8221;&#8221; img_link_target=&#8221;_blank&#8221; img_size=&#8221;full&#8221; link=&#8221;http:\/\/www.cdbaby.com\/cd\/jocelynrobert4&#8243;][\/vc_column][\/vc_row]<\/p>\n<\/section>","protected":false},"excerpt":{"rendered":"<p>[vc_row][vc_column][vc_column_text]&#8220;Monsonics forms experimental sound collages that seems to plug in to Radio Earth as it dips into the music, noises, static detritus, found sounds and general polka dot sonics of everyday life.&#8221; &#8211; HiFi World &#8220;[&#8230;] mit einer geradezu sommerlich melodischen A-Seite inklusive perlendem Piano und einer merklich abget\u00f6nteren B-Seite mit Verzerrerrauschen, Kettenrasseln und Stimmenkleinhack.&#8221; &#8230; <a title=\"Monsonics\" class=\"read-more\" href=\"http:\/\/jocelynrobert.com\/?page_id=1233\" aria-label=\"More on Monsonics\">Read more<\/a><\/p>\n","protected":false},"author":1,"featured_media":0,"parent":43,"menu_order":0,"comment_status":"closed","ping_status":"open","template":"","meta":[],"_links":{"self":[{"href":"http:\/\/jocelynrobert.com\/index.php?rest_route=\/wp\/v2\/pages\/1233"}],"collection":[{"href":"http:\/\/jocelynrobert.com\/index.php?rest_route=\/wp\/v2\/pages"}],"about":[{"href":"http:\/\/jocelynrobert.com\/index.php?rest_route=\/wp\/v2\/types\/page"}],"author":[{"embeddable":true,"href":"http:\/\/jocelynrobert.com\/index.php?rest_route=\/wp\/v2\/users\/1"}],"replies":[{"embeddable":true,"href":"http:\/\/jocelynrobert.com\/index.php?rest_route=%2Fwp%2Fv2%2Fcomments&post=1233"}],"version-history":[{"count":5,"href":"http:\/\/jocelynrobert.com\/index.php?rest_route=\/wp\/v2\/pages\/1233\/revisions"}],"predecessor-version":[{"id":1243,"href":"http:\/\/jocelynrobert.com\/index.php?rest_route=\/wp\/v2\/pages\/1233\/revisions\/1243"}],"up":[{"embeddable":true,"href":"http:\/\/jocelynrobert.com\/index.php?rest_route=\/wp\/v2\/pages\/43"}],"wp:attachment":[{"href":"http:\/\/jocelynrobert.com\/index.php?rest_route=%2Fwp%2Fv2%2Fmedia&parent=1233"}],"curies":[{"name":"wp","href":"https:\/\/api.w.org\/{rel}","templated":true}]}}