{"id":1237,"date":"2015-04-18T21:20:28","date_gmt":"2015-04-18T21:20:28","guid":{"rendered":"http:\/\/jocelynrobert.com\/?page_id=1237"},"modified":"2015-04-18T21:31:38","modified_gmt":"2015-04-18T21:31:38","slug":"scories","status":"publish","type":"page","link":"http:\/\/jocelynrobert.com\/?page_id=1237","title":{"rendered":"Scories"},"content":{"rendered":"<section class=\"wpb-content-wrapper\"><p>[vc_row][vc_column][vc_column_text]<em>&#8220;Robert se sirve fundamentalmente de sonidos ambientales, fragmentos musicales y la voz para, entre otros prop\u00f3sitos, componer un evocador relato radiof\u00f3nico, sugerir traves\u00edas imaginarias, explorar resonancias de entornos dom\u00e9sticos o producir montajes con los que acompa\u00f1ar piezas de teatro experimental. En definitiva, una aproximaci\u00f3n ideal a los sonidos de un artista que se caracteriza por manejar con igual lucidez las ideas de cotidianeidad e ilusi\u00f3n.&#8221;<\/em><\/p>\n<p><a href=\"http:\/\/arsonal-arsonal.blogspot.ca\/2010\/02\/jocelyn-robert-scories.html\"><em>http:\/\/arsonal-arsonal.blogspot.ca\/2010\/02\/jocelyn-robert-scories.html<\/em><\/a><\/p>\n<p>&nbsp;<\/p>\n<p>Voir \/ See <a href=\"http:\/\/www.librairieformats.org\/product_info.php?manufacturers_id=13&amp;products_id=520&amp;osCsid=74ti5gt7qb4btse3jqks95p6d3\">http:\/\/www.librairieformats.org\/product_info.php?manufacturers_id=13&amp;products_id=520&amp;osCsid=74ti5gt7qb4btse3jqks95p6d3<\/a><\/p>\n<p>&nbsp;[\/vc_column_text][\/vc_column][vc_column width=&#8221;1\/1&#8243;][vc_single_image image=&#8221;368&#8243; alignment=&#8221;center&#8221; border_color=&#8221;grey&#8221; img_link_large=&#8221;&#8221; img_link_target=&#8221;_blank&#8221; img_size=&#8221;full&#8221; link=&#8221;http:\/\/www.librairieformats.org\/product_info.php?manufacturers_id=13&#038;products_id=520&#038;osCsid=74ti5gt7qb4btse3jqks95p6d3&#8243;][\/vc_column][\/vc_row]<\/p>\n<\/section>","protected":false},"excerpt":{"rendered":"<p>[vc_row][vc_column][vc_column_text]&#8220;Robert se sirve fundamentalmente de sonidos ambientales, fragmentos musicales y la voz para, entre otros prop\u00f3sitos, componer un evocador relato radiof\u00f3nico, sugerir traves\u00edas imaginarias, explorar resonancias de entornos dom\u00e9sticos o producir montajes con los que acompa\u00f1ar piezas de teatro experimental. En definitiva, una aproximaci\u00f3n ideal a los sonidos de un artista que se caracteriza por &#8230; <a title=\"Scories\" class=\"read-more\" href=\"http:\/\/jocelynrobert.com\/?page_id=1237\" aria-label=\"More on Scories\">Read more<\/a><\/p>\n","protected":false},"author":1,"featured_media":0,"parent":43,"menu_order":0,"comment_status":"closed","ping_status":"open","template":"","meta":[],"_links":{"self":[{"href":"http:\/\/jocelynrobert.com\/index.php?rest_route=\/wp\/v2\/pages\/1237"}],"collection":[{"href":"http:\/\/jocelynrobert.com\/index.php?rest_route=\/wp\/v2\/pages"}],"about":[{"href":"http:\/\/jocelynrobert.com\/index.php?rest_route=\/wp\/v2\/types\/page"}],"author":[{"embeddable":true,"href":"http:\/\/jocelynrobert.com\/index.php?rest_route=\/wp\/v2\/users\/1"}],"replies":[{"embeddable":true,"href":"http:\/\/jocelynrobert.com\/index.php?rest_route=%2Fwp%2Fv2%2Fcomments&post=1237"}],"version-history":[{"count":2,"href":"http:\/\/jocelynrobert.com\/index.php?rest_route=\/wp\/v2\/pages\/1237\/revisions"}],"predecessor-version":[{"id":1239,"href":"http:\/\/jocelynrobert.com\/index.php?rest_route=\/wp\/v2\/pages\/1237\/revisions\/1239"}],"up":[{"embeddable":true,"href":"http:\/\/jocelynrobert.com\/index.php?rest_route=\/wp\/v2\/pages\/43"}],"wp:attachment":[{"href":"http:\/\/jocelynrobert.com\/index.php?rest_route=%2Fwp%2Fv2%2Fmedia&parent=1237"}],"curies":[{"name":"wp","href":"https:\/\/api.w.org\/{rel}","templated":true}]}}