{"id":1254,"date":"2015-04-19T19:00:34","date_gmt":"2015-04-19T19:00:34","guid":{"rendered":"http:\/\/jocelynrobert.com\/?page_id=1254"},"modified":"2015-04-19T19:10:44","modified_gmt":"2015-04-19T19:10:44","slug":"la-chute","status":"publish","type":"page","link":"http:\/\/jocelynrobert.com\/?page_id=1254","title":{"rendered":"La Chute"},"content":{"rendered":"<section class=\"wpb-content-wrapper\"><p>[vc_row][vc_column width=&#8221;1\/2&#8243;][vc_single_image border_color=&#8221;grey&#8221; img_link_target=&#8221;_blank&#8221; image=&#8221;452&#8243; img_size=&#8221;full&#8221; alignment=&#8221;center&#8221; img_link_large=&#8221;&#8221; link=&#8221;http:\/\/avatarquebec.org\/fr\/projets\/la-chute\/&#8221;][\/vc_column][vc_column width=&#8221;1\/2&#8243;][vc_column_text]Emile Morin et Jocelyn Robert ont d\u2019abord command\u00e9 \u00e0 six artistes du film et de la vid\u00e9o et \u00e0 six artistes du son des pi\u00e8ces de 10\u00a0secondes, les pr\u00e9venant que ces pi\u00e8ces seraient port\u00e9es de 10\u00a0secondes \u00e0 10\u00a0minutes.<\/p>\n<p>Mais il ne s&#8217;agissait pas d&#8217;un \u00e9tirement m\u00e9canique : pour chaque pi\u00e8ce, vid\u00e9o ou sonore, un syst\u00e8me sp\u00e9cifique a \u00e9t\u00e9 \u00e9labor\u00e9 en tentant de respecter les propos et les m\u00e9thodes de la courte s\u00e9quence d\u2019origine. Finalement, un DVD a \u00e9t\u00e9 programm\u00e9 avec l&#8217;assitance de Meriol Lehmann pour permettre diff\u00e9rents modes de lecture et d\u2019association des images et des sons, de l\u2019al\u00e9atoire complet au contr\u00f4le total.<\/p>\n<p>Emile Morin and Jocelyn Robert first commissioned 10 seconds works from 6 artists of video and cinema and 6 artists from sound. The artists were warned from the start : their work would be stretched from 10 seconds to 10 minutes.<\/p>\n<p>But the stretching was not automatic : for each proposal, be it in images or sound, a specific strategy was elaborated so that the result would respect and actually magnify the theme or methods of the original clip. Finally, a DVD was programmed with the help of Meriol Lehmann to allow for different modes of screening and listening, from total control to total randomness.<\/p>\n<p>See \/ Voir <a href=\"http:\/\/avatarquebec.org\/en\/#!\/en\/projects\/la-chute\/\" target=\"_blank\">http:\/\/avatarquebec.org\/en\/#!\/en\/projects\/la-chute\/<\/a><\/p>\n<p>&nbsp;[\/vc_column_text][\/vc_column][\/vc_row]<\/p>\n<\/section>","protected":false},"excerpt":{"rendered":"<p>[vc_row][vc_column width=&#8221;1\/2&#8243;][vc_single_image border_color=&#8221;grey&#8221; img_link_target=&#8221;_blank&#8221; image=&#8221;452&#8243; img_size=&#8221;full&#8221; alignment=&#8221;center&#8221; img_link_large=&#8221;&#8221; link=&#8221;http:\/\/avatarquebec.org\/fr\/projets\/la-chute\/&#8221;][\/vc_column][vc_column width=&#8221;1\/2&#8243;][vc_column_text]Emile Morin et Jocelyn Robert ont d\u2019abord command\u00e9 \u00e0 six artistes du film et de la vid\u00e9o et \u00e0 six artistes du son des pi\u00e8ces de 10\u00a0secondes, les pr\u00e9venant que ces pi\u00e8ces seraient port\u00e9es de 10\u00a0secondes \u00e0 10\u00a0minutes. Mais il ne s&#8217;agissait pas d&#8217;un \u00e9tirement m\u00e9canique &#8230; <a title=\"La Chute\" class=\"read-more\" href=\"http:\/\/jocelynrobert.com\/?page_id=1254\" aria-label=\"More on La Chute\">Read more<\/a><\/p>\n","protected":false},"author":1,"featured_media":0,"parent":198,"menu_order":0,"comment_status":"closed","ping_status":"open","template":"","meta":[],"_links":{"self":[{"href":"http:\/\/jocelynrobert.com\/index.php?rest_route=\/wp\/v2\/pages\/1254"}],"collection":[{"href":"http:\/\/jocelynrobert.com\/index.php?rest_route=\/wp\/v2\/pages"}],"about":[{"href":"http:\/\/jocelynrobert.com\/index.php?rest_route=\/wp\/v2\/types\/page"}],"author":[{"embeddable":true,"href":"http:\/\/jocelynrobert.com\/index.php?rest_route=\/wp\/v2\/users\/1"}],"replies":[{"embeddable":true,"href":"http:\/\/jocelynrobert.com\/index.php?rest_route=%2Fwp%2Fv2%2Fcomments&post=1254"}],"version-history":[{"count":2,"href":"http:\/\/jocelynrobert.com\/index.php?rest_route=\/wp\/v2\/pages\/1254\/revisions"}],"predecessor-version":[{"id":1256,"href":"http:\/\/jocelynrobert.com\/index.php?rest_route=\/wp\/v2\/pages\/1254\/revisions\/1256"}],"up":[{"embeddable":true,"href":"http:\/\/jocelynrobert.com\/index.php?rest_route=\/wp\/v2\/pages\/198"}],"wp:attachment":[{"href":"http:\/\/jocelynrobert.com\/index.php?rest_route=%2Fwp%2Fv2%2Fmedia&parent=1254"}],"curies":[{"name":"wp","href":"https:\/\/api.w.org\/{rel}","templated":true}]}}