{"id":1260,"date":"2015-04-19T19:18:42","date_gmt":"2015-04-19T19:18:42","guid":{"rendered":"http:\/\/jocelynrobert.com\/?page_id=1260"},"modified":"2015-04-19T19:24:15","modified_gmt":"2015-04-19T19:24:15","slug":"recouvrement-dyouville","status":"publish","type":"page","link":"http:\/\/jocelynrobert.com\/?page_id=1260","title":{"rendered":"Recouvrement d&#8217;Youville"},"content":{"rendered":"<section class=\"wpb-content-wrapper\"><p>[vc_row][vc_column width=&#8221;1\/1&#8243;][vc_column_text]Proposition de manoeuvre, avec <a href=\"http:\/\/www.dianelandry.com\" target=\"_blank\">Diane Landry<\/a>, 1988.<br \/>\nx\u00e9rographie, collage 45 x 30 cm<br \/>\npour la place d\u2019Youville, Qu\u00e9bec<\/p>\n<p>Proposition pour une performance-installation sur une place publique de Qu\u00e9bec. La proposition comprenait le recouvrement temporaire de la place publique avec des journaux et faisait appel \u00e0 la participation de la municipalit\u00e9, du journal local et des passants.<\/p>\n<div id=\"pgc-2203-1-1\" class=\"panel-grid-cell\">\n<p>A proposal for a performance-installation with <a href=\"http:\/\/www.dianelandry.com\" target=\"_blank\">Diane Landry<\/a>, 1988.<br \/>\nxerograph, collage, 45 cm x 30 cm<br \/>\nfor the Place d\u2019Youville, Quebec City<\/p>\n<p>A proposal for a performance-installation\u00a0in a public square in Quebec City. The proposal included the temporary covering of a windy square with newspapers and rocks, with the coordinated participation of passers-by, the city administration and the local newspaper.<\/p>\n<\/div>\n<p>[\/vc_column_text][\/vc_column][\/vc_row][vc_row][vc_column width=&#8221;1\/2&#8243;][vc_single_image border_color=&#8221;grey&#8221; img_link_target=&#8221;_self&#8221; image=&#8221;1258&#8243; img_size=&#8221;full&#8221; alignment=&#8221;center&#8221; img_link_large=&#8221;&#8221;][\/vc_column][vc_column width=&#8221;1\/2&#8243;][vc_single_image border_color=&#8221;grey&#8221; img_link_target=&#8221;_self&#8221; image=&#8221;1262&#8243; img_link_large=&#8221;&#8221; img_size=&#8221;full&#8221; alignment=&#8221;center&#8221;][\/vc_column][\/vc_row]<\/p>\n<\/section>","protected":false},"excerpt":{"rendered":"<p>[vc_row][vc_column width=&#8221;1\/1&#8243;][vc_column_text]Proposition de manoeuvre, avec Diane Landry, 1988. x\u00e9rographie, collage 45 x 30 cm pour la place d\u2019Youville, Qu\u00e9bec Proposition pour une performance-installation sur une place publique de Qu\u00e9bec. La proposition comprenait le recouvrement temporaire de la place publique avec des journaux et faisait appel \u00e0 la participation de la municipalit\u00e9, du journal local et &#8230; <a title=\"Recouvrement d&#8217;Youville\" class=\"read-more\" href=\"http:\/\/jocelynrobert.com\/?page_id=1260\" aria-label=\"More on Recouvrement d&#8217;Youville\">Read more<\/a><\/p>\n","protected":false},"author":1,"featured_media":0,"parent":40,"menu_order":0,"comment_status":"closed","ping_status":"open","template":"","meta":[],"_links":{"self":[{"href":"http:\/\/jocelynrobert.com\/index.php?rest_route=\/wp\/v2\/pages\/1260"}],"collection":[{"href":"http:\/\/jocelynrobert.com\/index.php?rest_route=\/wp\/v2\/pages"}],"about":[{"href":"http:\/\/jocelynrobert.com\/index.php?rest_route=\/wp\/v2\/types\/page"}],"author":[{"embeddable":true,"href":"http:\/\/jocelynrobert.com\/index.php?rest_route=\/wp\/v2\/users\/1"}],"replies":[{"embeddable":true,"href":"http:\/\/jocelynrobert.com\/index.php?rest_route=%2Fwp%2Fv2%2Fcomments&post=1260"}],"version-history":[{"count":2,"href":"http:\/\/jocelynrobert.com\/index.php?rest_route=\/wp\/v2\/pages\/1260\/revisions"}],"predecessor-version":[{"id":1263,"href":"http:\/\/jocelynrobert.com\/index.php?rest_route=\/wp\/v2\/pages\/1260\/revisions\/1263"}],"up":[{"embeddable":true,"href":"http:\/\/jocelynrobert.com\/index.php?rest_route=\/wp\/v2\/pages\/40"}],"wp:attachment":[{"href":"http:\/\/jocelynrobert.com\/index.php?rest_route=%2Fwp%2Fv2%2Fmedia&parent=1260"}],"curies":[{"name":"wp","href":"https:\/\/api.w.org\/{rel}","templated":true}]}}