{"id":1286,"date":"2015-04-23T20:01:55","date_gmt":"2015-04-23T20:01:55","guid":{"rendered":"http:\/\/jocelynrobert.com\/?page_id=1286"},"modified":"2015-04-23T20:06:48","modified_gmt":"2015-04-23T20:06:48","slug":"mobile","status":"publish","type":"page","link":"http:\/\/jocelynrobert.com\/?page_id=1286","title":{"rendered":"Mobile"},"content":{"rendered":"<section class=\"wpb-content-wrapper\"><p>[vc_row][vc_column][vc_column_text]<em>\u201cCela\u00a0<\/em>ne se d\u00e9roule pas<em>\u00a0: \u00e7a s\u2019enroule, se noue autour de points d\u2019ancrage, pour former un labyrinthe fascinant de notes, isol\u00e9es ou en grappes, prolong\u00e9es par l\u2019action de la p\u00e9dale ou br\u00e8ves, se d\u00e9tachant sur le discret mart\u00e8lement des marteaux. Un tr\u00e8s grand moment, une merveille ! (\u2026) Notes longues, tenues tr\u00e8s souvent au d\u00e9but, a\u00e9r\u00e9es de silences. Ce sont les premi\u00e8res gouttes, erratiques, qui tombent parfois par deux ou trois, une plus grosse avec une ou deux petites. Elles rebondissent plus ou moins sur le sol, selon l\u2019endroit de leur chute. Puis la pluie s\u2019intensifie, elle chante, s\u2019\u00e9tage\u2026elle recouvre le monde avec \u00e9clat, avec douceur, dans un r\u00e9seau de transparences liquides, de petites et multiples fulgurances. Elle tombe o\u00f9 elle veut, \u00e0 son rythme, pusiqu\u2019elle est le rythme m\u00eame. C\u2019est une pi\u00e8ce forte, exquise, adorable qui signe la r\u00e9ussite de l\u2019entreprise de Jocelyn Robert.\u201d<\/em><\/p>\n<p><a href=\"http:\/\/inactuelles.over-blog.com\/2014\/03\/jocelyn-robert-piano-disklavier.html\"><em>http:\/\/inactuelles.over-blog.com\/2014\/03\/jocelyn-robert-piano-disklavier.html<\/em><\/a><\/p>\n<p><em>\u201cRobert\u2019s approach is refreshing in its sparseness, using the Disklavier to evoke an almost piano-as-wind-chimes aesthetic. What Robert embraces in his\u00a0 music is an underlying nature and humanity. The textures get thick at times and while portions of each piece might be playable by a human many portions are not. The fact that my ear loses the exact moment when that possible\/impossible shift occurs makes me like this disc even more.\u201d<\/em><\/p>\n<p><a href=\"http:\/\/www.sequenza21.com\/cdreviews\/2013\/01\/jocelyn-robert-immobile\/\"><em>http:\/\/www.sequenza21.com\/cdreviews\/2013\/01\/jocelyn-robert-immobile\/<\/em><\/a><\/p>\n<p>&nbsp;<\/p>\n<p>Voir \/ See\u00a0<a href=\"http:\/\/www.cdbaby.com\/cd\/jocelynrobert\">http:\/\/www.cdbaby.com\/cd\/jocelynrobert<\/a><\/p>\n<p>&nbsp;[\/vc_column_text][\/vc_column][vc_column width=&#8221;1\/1&#8243;][vc_single_image image=&#8221;365&#8243; alignment=&#8221;center&#8221; border_color=&#8221;grey&#8221; img_link_large=&#8221;&#8221; img_link_target=&#8221;_self&#8221; img_size=&#8221;full&#8221;][\/vc_column][\/vc_row]<\/p>\n<\/section>","protected":false},"excerpt":{"rendered":"<p>[vc_row][vc_column][vc_column_text]\u201cCela\u00a0ne se d\u00e9roule pas\u00a0: \u00e7a s\u2019enroule, se noue autour de points d\u2019ancrage, pour former un labyrinthe fascinant de notes, isol\u00e9es ou en grappes, prolong\u00e9es par l\u2019action de la p\u00e9dale ou br\u00e8ves, se d\u00e9tachant sur le discret mart\u00e8lement des marteaux. Un tr\u00e8s grand moment, une merveille ! (\u2026) Notes longues, tenues tr\u00e8s souvent au d\u00e9but, a\u00e9r\u00e9es &#8230; <a title=\"Mobile\" class=\"read-more\" href=\"http:\/\/jocelynrobert.com\/?page_id=1286\" aria-label=\"More on Mobile\">Read more<\/a><\/p>\n","protected":false},"author":1,"featured_media":0,"parent":43,"menu_order":0,"comment_status":"closed","ping_status":"open","template":"","meta":[],"_links":{"self":[{"href":"http:\/\/jocelynrobert.com\/index.php?rest_route=\/wp\/v2\/pages\/1286"}],"collection":[{"href":"http:\/\/jocelynrobert.com\/index.php?rest_route=\/wp\/v2\/pages"}],"about":[{"href":"http:\/\/jocelynrobert.com\/index.php?rest_route=\/wp\/v2\/types\/page"}],"author":[{"embeddable":true,"href":"http:\/\/jocelynrobert.com\/index.php?rest_route=\/wp\/v2\/users\/1"}],"replies":[{"embeddable":true,"href":"http:\/\/jocelynrobert.com\/index.php?rest_route=%2Fwp%2Fv2%2Fcomments&post=1286"}],"version-history":[{"count":3,"href":"http:\/\/jocelynrobert.com\/index.php?rest_route=\/wp\/v2\/pages\/1286\/revisions"}],"predecessor-version":[{"id":1290,"href":"http:\/\/jocelynrobert.com\/index.php?rest_route=\/wp\/v2\/pages\/1286\/revisions\/1290"}],"up":[{"embeddable":true,"href":"http:\/\/jocelynrobert.com\/index.php?rest_route=\/wp\/v2\/pages\/43"}],"wp:attachment":[{"href":"http:\/\/jocelynrobert.com\/index.php?rest_route=%2Fwp%2Fv2%2Fmedia&parent=1286"}],"curies":[{"name":"wp","href":"https:\/\/api.w.org\/{rel}","templated":true}]}}