{"id":1305,"date":"2015-06-09T17:18:39","date_gmt":"2015-06-09T17:18:39","guid":{"rendered":"http:\/\/jocelynrobert.com\/?page_id=1305"},"modified":"2015-10-01T19:12:03","modified_gmt":"2015-10-01T19:12:03","slug":"piano-seul","status":"publish","type":"page","link":"http:\/\/jocelynrobert.com\/?page_id=1305","title":{"rendered":"Piano Seul"},"content":{"rendered":"<section class=\"wpb-content-wrapper\"><p>[vc_row][vc_column][vc_column_text]Les pi\u00e8ces du <em>Piano seul<\/em> ont \u00e9t\u00e9 compos\u00e9es comme des improvisations \u00e0 l\u2019int\u00e9rieur de structures, de la musique libre qui trace son chemin au travers de cl\u00f4tures et de voies trac\u00e9es&#8230; Ceux qui ont appr\u00e9ci\u00e9 Cycloides, son plus r\u00e9cent disque publi\u00e9 par GD Stereo (<a href=\"http:\/\/gdstereo.com\/recordings\/gd023-jocelyn-robert-cycloides\" target=\"_blank\">http:\/\/gdstereo.com\/recordings\/gd023-jocelyn-robert-cycloides<\/a>)<br \/>\nseront en terrain connu.<\/p>\n<p>The pieces on <em>Piano Seul<\/em> have all been written in this context and feature improvisation within structures, free music making its way through fences and pre-drawn roads&#8230; Those who enjoyed his Cycloides cd, released last year on GD Stereo<br \/>\n(<a href=\"http:\/\/gdstereo.com\/recordings\/gd023-jocelyn-robert-cycloides\" target=\"_blank\">http:\/\/gdstereo.com\/recordings\/gd023-jocelyn-robert-cycloides<\/a>)<br \/>\nwill be on familiar grounds.<\/p>\n<p>Voir \/ See <a href=\"http:\/\/www.cdbaby.com\/cd\/jocelynrobert6\" target=\"_blank\">http:\/\/www.cdbaby.com\/cd\/jocelynrobert6<\/a><\/p>\n<p>&nbsp;<\/p>\n<p><em>&#8220;&#8230;this is another wonderful release by Robert. I have been playing this the last few days every morning, which I think is the best time of the day for that kind of music. It&#8217;s meditative, yet also a bit alien and strange. It sounds melodic upon superficial listening, but perhaps it&#8217;s all much more abstract upon closer inspection. It sounds as composed as it sounds improvised; and vice versa. Excellent meditation!&#8221; <a href=\"http:\/\/www.vitalweekly.net\/986.html\" target=\"_blank\">http:\/\/www.vitalweekly.net\/986.html <\/a><\/em><\/p>\n<p><em>Within the art of Jocelyn Robert, manifested diffusely over the years through text, installations, visual images, sound art, music and performance the piano has lingered as a touchstone and resource. More specifically Robert has written music for Disklavier since the early 1990s. Piano Seul is a set of negotiations with software; improvisation in real time, enabled or obstructed by pre-delineated contours and programmed constraints. This recording was made live at Quebec\u2019s Mois Multi festival in February 2014. Apart from brief flourishes of harmonic lushness and bursts of mechanistic rhythm the music is devoid of flamboyance, yet its puzzle-solving\u2028air of alert concentration and steady determination is quietly compelling. No fireworks, but a pervasive sense of fending off potential confusion, of dodging false leads and avoiding tangles. A tightrope walk for a pianist alone at a keyboard with a mind of its own.\u00a0\u00a0\u00a0\u00a0\u00a0\u00a0\u00a0\u00a0\u00a0 &#8211;<\/em> The Wire, October 2015[\/vc_column_text][vc_separator][vc_single_image image=&#8221;1307&#8243; img_size=&#8221;large&#8221; alignment=&#8221;center&#8221;][vc_separator][\/vc_column][\/vc_row]<\/p>\n<\/section>","protected":false},"excerpt":{"rendered":"<p>[vc_row][vc_column][vc_column_text]Les pi\u00e8ces du Piano seul ont \u00e9t\u00e9 compos\u00e9es comme des improvisations \u00e0 l\u2019int\u00e9rieur de structures, de la musique libre qui trace son chemin au travers de cl\u00f4tures et de voies trac\u00e9es&#8230; Ceux qui ont appr\u00e9ci\u00e9 Cycloides, son plus r\u00e9cent disque publi\u00e9 par GD Stereo (http:\/\/gdstereo.com\/recordings\/gd023-jocelyn-robert-cycloides) seront en terrain connu. The pieces on Piano Seul have &#8230; <a title=\"Piano Seul\" class=\"read-more\" href=\"http:\/\/jocelynrobert.com\/?page_id=1305\" aria-label=\"More on Piano Seul\">Read more<\/a><\/p>\n","protected":false},"author":1,"featured_media":0,"parent":43,"menu_order":0,"comment_status":"closed","ping_status":"open","template":"","meta":[],"_links":{"self":[{"href":"http:\/\/jocelynrobert.com\/index.php?rest_route=\/wp\/v2\/pages\/1305"}],"collection":[{"href":"http:\/\/jocelynrobert.com\/index.php?rest_route=\/wp\/v2\/pages"}],"about":[{"href":"http:\/\/jocelynrobert.com\/index.php?rest_route=\/wp\/v2\/types\/page"}],"author":[{"embeddable":true,"href":"http:\/\/jocelynrobert.com\/index.php?rest_route=\/wp\/v2\/users\/1"}],"replies":[{"embeddable":true,"href":"http:\/\/jocelynrobert.com\/index.php?rest_route=%2Fwp%2Fv2%2Fcomments&post=1305"}],"version-history":[{"count":5,"href":"http:\/\/jocelynrobert.com\/index.php?rest_route=\/wp\/v2\/pages\/1305\/revisions"}],"predecessor-version":[{"id":1356,"href":"http:\/\/jocelynrobert.com\/index.php?rest_route=\/wp\/v2\/pages\/1305\/revisions\/1356"}],"up":[{"embeddable":true,"href":"http:\/\/jocelynrobert.com\/index.php?rest_route=\/wp\/v2\/pages\/43"}],"wp:attachment":[{"href":"http:\/\/jocelynrobert.com\/index.php?rest_route=%2Fwp%2Fv2%2Fmedia&parent=1305"}],"curies":[{"name":"wp","href":"https:\/\/api.w.org\/{rel}","templated":true}]}}