{"id":1371,"date":"2016-01-15T22:50:14","date_gmt":"2016-01-15T22:50:14","guid":{"rendered":"http:\/\/jocelynrobert.com\/?page_id=1371"},"modified":"2016-01-15T22:57:55","modified_gmt":"2016-01-15T22:57:55","slug":"1371-2","status":"publish","type":"page","link":"http:\/\/jocelynrobert.com\/?page_id=1371","title":{"rendered":"La Maison de l&#8217;Architecture"},"content":{"rendered":"<section class=\"wpb-content-wrapper\"><p>[vc_row][vc_column width=&#8221;1\/2&#8243;][vc_single_image image=&#8221;1373&#8243; img_size=&#8221;full&#8221; alignment=&#8221;center&#8221;][vc_single_image image=&#8221;1375&#8243; img_size=&#8221;full&#8221; alignment=&#8221;center&#8221;][\/vc_column][vc_column width=&#8221;1\/2&#8243;][vc_single_image image=&#8221;1374&#8243; img_size=&#8221;full&#8221; alignment=&#8221;center&#8221;][vc_single_image image=&#8221;1376&#8243; img_size=&#8221;full&#8221; alignment=&#8221;center&#8221;][\/vc_column][\/vc_row][vc_row][vc_column][vc_column_text][\/vc_column_text][\/vc_column][vc_column][vc_column_text]\u00c0 la Galerie de la Maison de la Maison R\u00e9gionale de l&#8217;Architecture, 18 photographies de Efrat Shvily, une pi\u00e8ce vid\u00e9o intitul\u00e9e <em>Politique d&#8217;Int\u00e9rieur<\/em> et une pi\u00e8ce sonore intitul\u00e9e <em>It Shouldn&#8217;t Be Cancer<\/em>, de Jocelyn Robert.<\/p>\n<p>At the Galerie de la Maison de la Maison R\u00e9gionale de l&#8217;Architecture, 18 pictures from Efrat Shvily, a video work named <em>Politique d&#8217;Int\u00e9rieur<\/em> and a sound work named <em>It Shouldn&#8217;t Be Cancer<\/em>, from Jocelyn Robert.[\/vc_column_text][\/vc_column][\/vc_row]<\/p>\n<\/section>","protected":false},"excerpt":{"rendered":"<p>[vc_row][vc_column width=&#8221;1\/2&#8243;][vc_single_image image=&#8221;1373&#8243; img_size=&#8221;full&#8221; alignment=&#8221;center&#8221;][vc_single_image image=&#8221;1375&#8243; img_size=&#8221;full&#8221; alignment=&#8221;center&#8221;][\/vc_column][vc_column width=&#8221;1\/2&#8243;][vc_single_image image=&#8221;1374&#8243; img_size=&#8221;full&#8221; alignment=&#8221;center&#8221;][vc_single_image image=&#8221;1376&#8243; img_size=&#8221;full&#8221; alignment=&#8221;center&#8221;][\/vc_column][\/vc_row][vc_row][vc_column][vc_column_text][\/vc_column_text][\/vc_column][vc_column][vc_column_text]\u00c0 la Galerie de la Maison de la Maison R\u00e9gionale de l&#8217;Architecture, 18 photographies de Efrat Shvily, une pi\u00e8ce vid\u00e9o intitul\u00e9e Politique d&#8217;Int\u00e9rieur et une pi\u00e8ce sonore intitul\u00e9e It Shouldn&#8217;t Be Cancer, de Jocelyn Robert. At the Galerie de la Maison &#8230; <a title=\"La Maison de l&#8217;Architecture\" class=\"read-more\" href=\"http:\/\/jocelynrobert.com\/?page_id=1371\" aria-label=\"More on La Maison de l&#8217;Architecture\">Read more<\/a><\/p>\n","protected":false},"author":1,"featured_media":0,"parent":890,"menu_order":0,"comment_status":"closed","ping_status":"closed","template":"","meta":[],"_links":{"self":[{"href":"http:\/\/jocelynrobert.com\/index.php?rest_route=\/wp\/v2\/pages\/1371"}],"collection":[{"href":"http:\/\/jocelynrobert.com\/index.php?rest_route=\/wp\/v2\/pages"}],"about":[{"href":"http:\/\/jocelynrobert.com\/index.php?rest_route=\/wp\/v2\/types\/page"}],"author":[{"embeddable":true,"href":"http:\/\/jocelynrobert.com\/index.php?rest_route=\/wp\/v2\/users\/1"}],"replies":[{"embeddable":true,"href":"http:\/\/jocelynrobert.com\/index.php?rest_route=%2Fwp%2Fv2%2Fcomments&post=1371"}],"version-history":[{"count":3,"href":"http:\/\/jocelynrobert.com\/index.php?rest_route=\/wp\/v2\/pages\/1371\/revisions"}],"predecessor-version":[{"id":1379,"href":"http:\/\/jocelynrobert.com\/index.php?rest_route=\/wp\/v2\/pages\/1371\/revisions\/1379"}],"up":[{"embeddable":true,"href":"http:\/\/jocelynrobert.com\/index.php?rest_route=\/wp\/v2\/pages\/890"}],"wp:attachment":[{"href":"http:\/\/jocelynrobert.com\/index.php?rest_route=%2Fwp%2Fv2%2Fmedia&parent=1371"}],"curies":[{"name":"wp","href":"https:\/\/api.w.org\/{rel}","templated":true}]}}