{"id":1503,"date":"2017-02-03T16:32:37","date_gmt":"2017-02-03T16:32:37","guid":{"rendered":"http:\/\/jocelynrobert.com\/?page_id=1503"},"modified":"2017-02-03T20:54:06","modified_gmt":"2017-02-03T20:54:06","slug":"vancouver-new-music-festival","status":"publish","type":"page","link":"http:\/\/jocelynrobert.com\/?page_id=1503","title":{"rendered":"Vancouver New Music Festival"},"content":{"rendered":"<section class=\"wpb-content-wrapper\"><p>[vc_row][vc_column][vc_column_text]Un concert de la s\u00e9rie Piano Seul, dans le cadre de l&#8217;\u00e9v\u00e9nement Mechanical Music organis\u00e9 par le Vancouver New Music Festival, octobre 2016.<\/p>\n<p>A concert from the series Piano Seul, as part of the Mechanical Music event organized by Vancouver New Music Festival, October 2016.[\/vc_column_text][\/vc_column][\/vc_row][vc_row][vc_column][vc_video link=&#8221;https:\/\/vimeo.com\/200099696&#8243; title=&#8221;Extraits du concert \/ Concert excerpts&#8221;][\/vc_column][\/vc_row]<\/p>\n<\/section>","protected":false},"excerpt":{"rendered":"<p>[vc_row][vc_column][vc_column_text]Un concert de la s\u00e9rie Piano Seul, dans le cadre de l&#8217;\u00e9v\u00e9nement Mechanical Music organis\u00e9 par le Vancouver New Music Festival, octobre 2016. A concert from the series Piano Seul, as part of the Mechanical Music event organized by Vancouver New Music Festival, October 2016.[\/vc_column_text][\/vc_column][\/vc_row][vc_row][vc_column][vc_video link=&#8221;https:\/\/vimeo.com\/200099696&#8243; title=&#8221;Extraits du concert \/ Concert excerpts&#8221;][\/vc_column][\/vc_row]<\/p>\n","protected":false},"author":1,"featured_media":0,"parent":0,"menu_order":0,"comment_status":"closed","ping_status":"closed","template":"","meta":[],"_links":{"self":[{"href":"http:\/\/jocelynrobert.com\/index.php?rest_route=\/wp\/v2\/pages\/1503"}],"collection":[{"href":"http:\/\/jocelynrobert.com\/index.php?rest_route=\/wp\/v2\/pages"}],"about":[{"href":"http:\/\/jocelynrobert.com\/index.php?rest_route=\/wp\/v2\/types\/page"}],"author":[{"embeddable":true,"href":"http:\/\/jocelynrobert.com\/index.php?rest_route=\/wp\/v2\/users\/1"}],"replies":[{"embeddable":true,"href":"http:\/\/jocelynrobert.com\/index.php?rest_route=%2Fwp%2Fv2%2Fcomments&post=1503"}],"version-history":[{"count":4,"href":"http:\/\/jocelynrobert.com\/index.php?rest_route=\/wp\/v2\/pages\/1503\/revisions"}],"predecessor-version":[{"id":1507,"href":"http:\/\/jocelynrobert.com\/index.php?rest_route=\/wp\/v2\/pages\/1503\/revisions\/1507"}],"wp:attachment":[{"href":"http:\/\/jocelynrobert.com\/index.php?rest_route=%2Fwp%2Fv2%2Fmedia&parent=1503"}],"curies":[{"name":"wp","href":"https:\/\/api.w.org\/{rel}","templated":true}]}}