{"id":1522,"date":"2017-02-04T19:05:47","date_gmt":"2017-02-04T19:05:47","guid":{"rendered":"http:\/\/jocelynrobert.com\/?page_id=1522"},"modified":"2017-02-04T21:50:00","modified_gmt":"2017-02-04T21:50:00","slug":"moires-et-automoires-automoires","status":"publish","type":"page","link":"http:\/\/jocelynrobert.com\/?page_id=1522","title":{"rendered":"Moir\u00e9s et Automoir\u00e9s : Automoir\u00e9s"},"content":{"rendered":"<section class=\"wpb-content-wrapper\"><p>[vc_row][vc_column][vc_column_text]Les <em>Automoir\u00e9s<\/em> sont d\u00e9velopp\u00e9s \u00e0 partir d&#8217;autoportraits photographiques.\u00a0La s\u00e9rie <em>Moir\u00e9s et Automoir\u00e9s<\/em> a commenc\u00e9 en 2014. Il s\u2019agit d\u2019images imprim\u00e9es pr\u00e9sentant simultan\u00e9ment divers \u00e9chos d\u2019un autoportrait, d\u2019un objet ou d\u2019un lieu, soit \u00e0 partir d&#8217; images prises sur internet ou \u00e0 partir de mes propres images. La s\u00e9rie est toujours en cours. Quelques-uns des <em>Moir\u00e9s et Automoir\u00e9s<\/em> furent montr\u00e9s \u00e0 Nantes en 2015, mais les premi\u00e8res expositions solo ont eu lieu au Centre VU, \u00e0 Qu\u00e9bec, en mai 2016 et \u00e0 la Galerie d&#8217;Art de Matane en septembre 2016. <a href=\"http:\/\/jocelynrobert.com\/?page_id=1443\" target=\"_blank\"><em>Autres images ici.<\/em><\/a><\/p>\n<p><em>Automoir\u00e9s<\/em> are made from self-portraits.\u00a0The <em>Moir\u00e9s et <\/em><em>Automoir\u00e9s<\/em> series began in 2014. It is a series of printed pictures showing the echos of selfportraits, of objects and of places either on the Internet or in my own pictures. It is still ongoing. Some of the <em>Moir\u00e9s et Automoir\u00e9s<\/em> were shown in Nantes in 2015, but the first solo shows were at Centre VU Photo, in Quebec, in May 2016 and at Galerie d&#8217;Art de Matane, September 2016. <a href=\"http:\/\/jocelynrobert.com\/?page_id=1443\" target=\"_blank\"><em>More pictures here<\/em><\/a><\/p>\n<p>Cliquez sur l&#8217;image pour voir en grand format \/ Click on picture to get larger scale[\/vc_column_text][\/vc_column][\/vc_row][vc_row][vc_column width=&#8221;1\/4&#8243;][vc_single_image image=&#8221;1526&#8243; img_size=&#8221;large&#8221; alignment=&#8221;center&#8221; onclick=&#8221;img_link_large&#8221; img_link_target=&#8221;_blank&#8221;][\/vc_column][vc_column width=&#8221;1\/4&#8243;][vc_single_image image=&#8221;1525&#8243; img_size=&#8221;large&#8221; alignment=&#8221;center&#8221; onclick=&#8221;img_link_large&#8221; img_link_target=&#8221;_blank&#8221;][\/vc_column][vc_column width=&#8221;1\/4&#8243;][vc_single_image image=&#8221;1527&#8243; img_size=&#8221;large&#8221; alignment=&#8221;center&#8221; onclick=&#8221;img_link_large&#8221; img_link_target=&#8221;_blank&#8221;][\/vc_column][vc_column width=&#8221;1\/4&#8243;][vc_single_image image=&#8221;1529&#8243; img_size=&#8221;large&#8221; alignment=&#8221;center&#8221; onclick=&#8221;img_link_large&#8221; img_link_target=&#8221;_blank&#8221;][\/vc_column][\/vc_row][vc_row][vc_column width=&#8221;1\/4&#8243;][vc_single_image image=&#8221;1531&#8243; img_size=&#8221;large&#8221; alignment=&#8221;center&#8221; onclick=&#8221;img_link_large&#8221; img_link_target=&#8221;_blank&#8221;][\/vc_column][vc_column width=&#8221;1\/4&#8243;][vc_single_image image=&#8221;1532&#8243; img_size=&#8221;large&#8221; alignment=&#8221;center&#8221; onclick=&#8221;img_link_large&#8221; img_link_target=&#8221;_blank&#8221;][\/vc_column][vc_column width=&#8221;1\/4&#8243;][vc_single_image image=&#8221;1533&#8243; img_size=&#8221;large&#8221; alignment=&#8221;center&#8221; onclick=&#8221;img_link_large&#8221; img_link_target=&#8221;_blank&#8221;][\/vc_column][vc_column width=&#8221;1\/4&#8243;][vc_single_image image=&#8221;1534&#8243; img_size=&#8221;large&#8221; alignment=&#8221;center&#8221; onclick=&#8221;img_link_large&#8221; img_link_target=&#8221;_blank&#8221;][\/vc_column][\/vc_row][vc_row][vc_column width=&#8221;1\/2&#8243;][vc_single_image image=&#8221;1540&#8243; img_size=&#8221;large&#8221; alignment=&#8221;center&#8221; onclick=&#8221;img_link_large&#8221; img_link_target=&#8221;_blank&#8221;][\/vc_column][vc_column width=&#8221;1\/2&#8243;][\/vc_column][\/vc_row]<\/p>\n<\/section>","protected":false},"excerpt":{"rendered":"<p>[vc_row][vc_column][vc_column_text]Les Automoir\u00e9s sont d\u00e9velopp\u00e9s \u00e0 partir d&#8217;autoportraits photographiques.\u00a0La s\u00e9rie Moir\u00e9s et Automoir\u00e9s a commenc\u00e9 en 2014. Il s\u2019agit d\u2019images imprim\u00e9es pr\u00e9sentant simultan\u00e9ment divers \u00e9chos d\u2019un autoportrait, d\u2019un objet ou d\u2019un lieu, soit \u00e0 partir d&#8217; images prises sur internet ou \u00e0 partir de mes propres images. La s\u00e9rie est toujours en cours. Quelques-uns des Moir\u00e9s &#8230; <a title=\"Moir\u00e9s et Automoir\u00e9s : Automoir\u00e9s\" class=\"read-more\" href=\"http:\/\/jocelynrobert.com\/?page_id=1522\" aria-label=\"More on Moir\u00e9s et Automoir\u00e9s : Automoir\u00e9s\">Read more<\/a><\/p>\n","protected":false},"author":1,"featured_media":0,"parent":40,"menu_order":0,"comment_status":"closed","ping_status":"closed","template":"","meta":[],"_links":{"self":[{"href":"http:\/\/jocelynrobert.com\/index.php?rest_route=\/wp\/v2\/pages\/1522"}],"collection":[{"href":"http:\/\/jocelynrobert.com\/index.php?rest_route=\/wp\/v2\/pages"}],"about":[{"href":"http:\/\/jocelynrobert.com\/index.php?rest_route=\/wp\/v2\/types\/page"}],"author":[{"embeddable":true,"href":"http:\/\/jocelynrobert.com\/index.php?rest_route=\/wp\/v2\/users\/1"}],"replies":[{"embeddable":true,"href":"http:\/\/jocelynrobert.com\/index.php?rest_route=%2Fwp%2Fv2%2Fcomments&post=1522"}],"version-history":[{"count":5,"href":"http:\/\/jocelynrobert.com\/index.php?rest_route=\/wp\/v2\/pages\/1522\/revisions"}],"predecessor-version":[{"id":1549,"href":"http:\/\/jocelynrobert.com\/index.php?rest_route=\/wp\/v2\/pages\/1522\/revisions\/1549"}],"up":[{"embeddable":true,"href":"http:\/\/jocelynrobert.com\/index.php?rest_route=\/wp\/v2\/pages\/40"}],"wp:attachment":[{"href":"http:\/\/jocelynrobert.com\/index.php?rest_route=%2Fwp%2Fv2%2Fmedia&parent=1522"}],"curies":[{"name":"wp","href":"https:\/\/api.w.org\/{rel}","templated":true}]}}