{"id":1600,"date":"2018-04-16T12:26:18","date_gmt":"2018-04-16T12:26:18","guid":{"rendered":"http:\/\/jocelynrobert.com\/?page_id=1600"},"modified":"2018-10-06T18:34:13","modified_gmt":"2018-10-06T18:34:13","slug":"lil-y-a","status":"publish","type":"page","link":"http:\/\/jocelynrobert.com\/?page_id=1600","title":{"rendered":"L&#8217;Il y a"},"content":{"rendered":"<section class=\"wpb-content-wrapper\"><p>[vc_row][vc_column][vc_column_text]<em>L&#8217;Il y a<\/em> est un autoportrait multiple qui fait suite, en vid\u00e9o, aux <em>Automoir\u00e9s<\/em> imprim\u00e9s. Il a \u00e9t\u00e9 pr\u00e9sent\u00e9 une premi\u00e8re fois en projection ext\u00e9rieure \u00e0 grande \u00e9chelle, sur le mur du Petit S\u00e9minaire de Qu\u00e9bec, lors de la Manif d&#8217;art de Qu\u00e9bec \u00e0 l&#8217;hiver 2017. L&#8217;\u0153uvre a \u00e9t\u00e9 pr\u00e9sent\u00e9e par la suite au Mus\u00e9e Mac Val, \u00e0 Paris, \u00e0 l&#8217;automne de la m\u00eame ann\u00e9e.<\/p>\n<p><em>L&#8217;Il y a <\/em>is a multiple self-portrait which develops in video the work began with the printed <em>Automoir\u00e9s<\/em>. It was shown for the first time as a large-scale outdoor video projection on the wall of the Petit S\u00e9minaire, in Quebec, as part of the Manif d&#8217;art de Qu\u00e9bec in the Winter of 2017. The work was later shown at Mus\u00e9e Mac Val, Paris, in the Fall of the same year.<\/p>\n<p>Cliquez sur la premi\u00e8re image pour la vid\u00e9o\/Click on the first picture for video<\/p>\n<p>&nbsp;[\/vc_column_text][\/vc_column][\/vc_row][vc_row][vc_column width=&#8221;1\/2&#8243;][vc_single_image image=&#8221;463&#8243; img_size=&#8221;large&#8221; alignment=&#8221;center&#8221;][\/vc_column][vc_column width=&#8221;1\/2&#8243;][vc_single_image image=&#8221;464&#8243; img_size=&#8221;large&#8221; alignment=&#8221;center&#8221;][\/vc_column][\/vc_row][vc_row][vc_column][vc_single_image image=&#8221;1598&#8243; img_size=&#8221;large&#8221; onclick=&#8221;custom_link&#8221; link=&#8221;https:\/\/vimeo.com\/210643395&#8243;][\/vc_column][\/vc_row][vc_row][vc_column][vc_column_text]Photo : Renaud Philippe\/KAHEM 2017[\/vc_column_text][\/vc_column][\/vc_row][vc_row][vc_column][vc_single_image image=&#8221;1602&#8243; img_size=&#8221;large&#8221;][\/vc_column][\/vc_row]<\/p>\n<\/section>","protected":false},"excerpt":{"rendered":"<p>[vc_row][vc_column][vc_column_text]L&#8217;Il y a est un autoportrait multiple qui fait suite, en vid\u00e9o, aux Automoir\u00e9s imprim\u00e9s. Il a \u00e9t\u00e9 pr\u00e9sent\u00e9 une premi\u00e8re fois en projection ext\u00e9rieure \u00e0 grande \u00e9chelle, sur le mur du Petit S\u00e9minaire de Qu\u00e9bec, lors de la Manif d&#8217;art de Qu\u00e9bec \u00e0 l&#8217;hiver 2017. L&#8217;\u0153uvre a \u00e9t\u00e9 pr\u00e9sent\u00e9e par la suite au Mus\u00e9e &#8230; <a title=\"L&#8217;Il y a\" class=\"read-more\" href=\"http:\/\/jocelynrobert.com\/?page_id=1600\" aria-label=\"More on L&#8217;Il y a\">Read more<\/a><\/p>\n","protected":false},"author":1,"featured_media":0,"parent":40,"menu_order":0,"comment_status":"closed","ping_status":"closed","template":"","meta":[],"_links":{"self":[{"href":"http:\/\/jocelynrobert.com\/index.php?rest_route=\/wp\/v2\/pages\/1600"}],"collection":[{"href":"http:\/\/jocelynrobert.com\/index.php?rest_route=\/wp\/v2\/pages"}],"about":[{"href":"http:\/\/jocelynrobert.com\/index.php?rest_route=\/wp\/v2\/types\/page"}],"author":[{"embeddable":true,"href":"http:\/\/jocelynrobert.com\/index.php?rest_route=\/wp\/v2\/users\/1"}],"replies":[{"embeddable":true,"href":"http:\/\/jocelynrobert.com\/index.php?rest_route=%2Fwp%2Fv2%2Fcomments&post=1600"}],"version-history":[{"count":5,"href":"http:\/\/jocelynrobert.com\/index.php?rest_route=\/wp\/v2\/pages\/1600\/revisions"}],"predecessor-version":[{"id":1644,"href":"http:\/\/jocelynrobert.com\/index.php?rest_route=\/wp\/v2\/pages\/1600\/revisions\/1644"}],"up":[{"embeddable":true,"href":"http:\/\/jocelynrobert.com\/index.php?rest_route=\/wp\/v2\/pages\/40"}],"wp:attachment":[{"href":"http:\/\/jocelynrobert.com\/index.php?rest_route=%2Fwp%2Fv2%2Fmedia&parent=1600"}],"curies":[{"name":"wp","href":"https:\/\/api.w.org\/{rel}","templated":true}]}}