{"id":1604,"date":"2018-04-16T12:36:54","date_gmt":"2018-04-16T12:36:54","guid":{"rendered":"http:\/\/jocelynrobert.com\/?page_id=1604"},"modified":"2018-04-16T12:43:53","modified_gmt":"2018-04-16T12:43:53","slug":"belugas","status":"publish","type":"page","link":"http:\/\/jocelynrobert.com\/?page_id=1604","title":{"rendered":"Belugas"},"content":{"rendered":"<section class=\"wpb-content-wrapper\"><p>[vc_row][vc_column][vc_column_text]<em>Belugas<\/em> est une \u0153uvre audio et video qui interroge l&#8217;importance des m\u00e9dias dans notre construction de l&#8217;image que l&#8217;on se fait de la nature. L&#8217;animal est repr\u00e9sent\u00e9 en vid\u00e9o par un assemblage d&#8217;images uniquement trouv\u00e9es sur Internet. La pi\u00e8ce a \u00e9t\u00e9 pr\u00e9sent\u00e9e pour la premi\u00e8re fois \u00e0 La Bande Video, Qu\u00e9bec, en 2016.<\/p>\n<p><em>Belugas<\/em> is a sound and video work qui questions the importance of the mass media in the construction of the idea we make for ourselves of Nature. The beluga is shown in a video that is made only from pictures found in the Internet. The piece has been shown for the first time at La Bande Video, Quebec, in 2016.[\/vc_column_text][\/vc_column][\/vc_row][vc_row][vc_column width=&#8221;1\/2&#8243;][vc_single_image image=&#8221;463&#8243; img_size=&#8221;large&#8221; alignment=&#8221;center&#8221;][\/vc_column][vc_column width=&#8221;1\/2&#8243;][vc_single_image image=&#8221;464&#8243; img_size=&#8221;large&#8221; alignment=&#8221;center&#8221;][\/vc_column][\/vc_row][vc_row][vc_column width=&#8221;1\/2&#8243;][vc_single_image image=&#8221;465&#8243; img_size=&#8221;large&#8221; alignment=&#8221;center&#8221;][\/vc_column][vc_column width=&#8221;1\/2&#8243;][vc_single_image image=&#8221;466&#8243; img_size=&#8221;large&#8221; alignment=&#8221;center&#8221;][\/vc_column][\/vc_row][vc_row][vc_column][vc_single_image image=&#8221;1606&#8243; img_size=&#8221;large&#8221;][\/vc_column][\/vc_row][vc_row][vc_column][vc_single_image image=&#8221;1607&#8243; img_size=&#8221;large&#8221;][\/vc_column][\/vc_row][vc_row][vc_column][vc_column_text]Photo : Ricardo Savard[\/vc_column_text][\/vc_column][\/vc_row]<\/p>\n<\/section>","protected":false},"excerpt":{"rendered":"<p>[vc_row][vc_column][vc_column_text]Belugas est une \u0153uvre audio et video qui interroge l&#8217;importance des m\u00e9dias dans notre construction de l&#8217;image que l&#8217;on se fait de la nature. L&#8217;animal est repr\u00e9sent\u00e9 en vid\u00e9o par un assemblage d&#8217;images uniquement trouv\u00e9es sur Internet. La pi\u00e8ce a \u00e9t\u00e9 pr\u00e9sent\u00e9e pour la premi\u00e8re fois \u00e0 La Bande Video, Qu\u00e9bec, en 2016. Belugas is &#8230; <a title=\"Belugas\" class=\"read-more\" href=\"http:\/\/jocelynrobert.com\/?page_id=1604\" aria-label=\"More on Belugas\">Read more<\/a><\/p>\n","protected":false},"author":1,"featured_media":0,"parent":40,"menu_order":0,"comment_status":"closed","ping_status":"closed","template":"","meta":[],"_links":{"self":[{"href":"http:\/\/jocelynrobert.com\/index.php?rest_route=\/wp\/v2\/pages\/1604"}],"collection":[{"href":"http:\/\/jocelynrobert.com\/index.php?rest_route=\/wp\/v2\/pages"}],"about":[{"href":"http:\/\/jocelynrobert.com\/index.php?rest_route=\/wp\/v2\/types\/page"}],"author":[{"embeddable":true,"href":"http:\/\/jocelynrobert.com\/index.php?rest_route=\/wp\/v2\/users\/1"}],"replies":[{"embeddable":true,"href":"http:\/\/jocelynrobert.com\/index.php?rest_route=%2Fwp%2Fv2%2Fcomments&post=1604"}],"version-history":[{"count":2,"href":"http:\/\/jocelynrobert.com\/index.php?rest_route=\/wp\/v2\/pages\/1604\/revisions"}],"predecessor-version":[{"id":1608,"href":"http:\/\/jocelynrobert.com\/index.php?rest_route=\/wp\/v2\/pages\/1604\/revisions\/1608"}],"up":[{"embeddable":true,"href":"http:\/\/jocelynrobert.com\/index.php?rest_route=\/wp\/v2\/pages\/40"}],"wp:attachment":[{"href":"http:\/\/jocelynrobert.com\/index.php?rest_route=%2Fwp%2Fv2%2Fmedia&parent=1604"}],"curies":[{"name":"wp","href":"https:\/\/api.w.org\/{rel}","templated":true}]}}