{"id":1609,"date":"2018-04-16T12:46:04","date_gmt":"2018-04-16T12:46:04","guid":{"rendered":"http:\/\/jocelynrobert.com\/?page_id=1609"},"modified":"2018-04-16T13:36:12","modified_gmt":"2018-04-16T13:36:12","slug":"coincidences","status":"publish","type":"page","link":"http:\/\/jocelynrobert.com\/?page_id=1609","title":{"rendered":"Co\u00efncidences"},"content":{"rendered":"<section class=\"wpb-content-wrapper\"><p>[vc_row][vc_column][vc_column_text]<em>Co\u00efncidences<\/em> est une exposition pr\u00e9sent\u00e9e \u00e0 la galerie Michel Guimont, \u00e0 Qu\u00e9bec, du 29 avril au 27 mai 2018. L&#8217;exposition comprend 4 s\u00e9ries d&#8217;\u0153uvres imprim\u00e9es : <em>Belugas<\/em> (version imprim\u00e9e), <em>Rue La Fayette<\/em>, quelques <em>Automoir\u00e9s<\/em> et deux pi\u00e8ces uniques (<em>Porte Saint-Denis<\/em> et <em>Eglise Saint-Laurent #3<\/em>). Quelques-unes des \u0153uvres ont \u00e9galement \u00e9t\u00e9 pr\u00e9sent\u00e9es \u00e0 la Foire <em>Papier<\/em>, \u00e0 Montr\u00e9al, 19 au 22 avril 2018.<\/p>\n<p><em>Co\u00efncidences<\/em> is a solo show at galerie Michel Guimont, Qu\u00e9bec, from April 29th to May 27th, 2018. The show presents 4 series of printed works : <em>Belugas<\/em> (printed version), <em>Rue La Fayette<\/em>, some <em>Automoir\u00e9s<\/em> and two single works (<em>Porte Saint-Denis<\/em> and <em>Eglise Saint-Laurent #3<\/em>). Some of these have also been shown at Foire <em>Papier<\/em>, Montr\u00e9al, from April 19th to 22nd, 2018.[\/vc_column_text][\/vc_column][\/vc_row][vc_row][vc_column width=&#8221;1\/2&#8243;][vc_single_image image=&#8221;463&#8243; img_size=&#8221;large&#8221; alignment=&#8221;center&#8221;][\/vc_column][vc_column width=&#8221;1\/2&#8243;][vc_single_image image=&#8221;464&#8243; img_size=&#8221;large&#8221; alignment=&#8221;center&#8221;][\/vc_column][\/vc_row][vc_row][vc_column width=&#8221;1\/2&#8243;][vc_single_image image=&#8221;465&#8243; img_size=&#8221;large&#8221; alignment=&#8221;center&#8221;][\/vc_column][vc_column width=&#8221;1\/2&#8243;][vc_single_image image=&#8221;466&#8243; img_size=&#8221;large&#8221; alignment=&#8221;center&#8221;][\/vc_column][\/vc_row][vc_row][vc_column][vc_single_image image=&#8221;1597&#8243; img_size=&#8221;large&#8221;][\/vc_column][\/vc_row][vc_row][vc_column][vc_column_text]<em>Belugas #1<\/em>, impression jet d\u2019encre, 60\u2019\u2019 X 33,75\u2019\u2019, s\u00e9rie de 3 + 1e.a, 2018<\/p>\n<p>&nbsp;[\/vc_column_text][\/vc_column][\/vc_row][vc_row][vc_column width=&#8221;1\/3&#8243;][vc_single_image image=&#8221;1620&#8243; img_size=&#8221;medium&#8221;][\/vc_column][vc_column width=&#8221;1\/3&#8243;][vc_single_image image=&#8221;1621&#8243; img_size=&#8221;medium&#8221;][\/vc_column][vc_column width=&#8221;1\/3&#8243;][vc_single_image image=&#8221;1617&#8243; img_size=&#8221;medium&#8221;][\/vc_column][\/vc_row][vc_row][vc_column][vc_column_text]<em>Rue La Fayette #1, #2, #6<\/em>, impression jet d\u2019encre, 36\u2019\u2019 X 32\u2019\u2019, chacune s\u00e9rie de 3 + 1e.a,, 2018[\/vc_column_text][vc_column_text]&nbsp;<\/p>\n<p>&nbsp;[\/vc_column_text][\/vc_column][\/vc_row][vc_row][vc_column width=&#8221;1\/2&#8243;][vc_single_image image=&#8221;1613&#8243; img_size=&#8221;full&#8221;][\/vc_column][vc_column width=&#8221;1\/2&#8243;][vc_gallery interval=&#8221;3&#8243; images=&#8221;1614&#8243; img_size=&#8221;large&#8221;][vc_column_text][\/vc_column_text][\/vc_column][\/vc_row][vc_row][vc_column width=&#8221;1\/2&#8243;][vc_column_text]<em>Automoir\u00e9 #6,<\/em> impression jet d\u2019encre, 31\u2019\u2019 X 42\u2019\u2019, s\u00e9rie de 3 + 1e.a,, 2018[\/vc_column_text][\/vc_column][vc_column width=&#8221;1\/2&#8243;][vc_column_text]<em>Porte Saint-Denis,<\/em> impression jet d\u2019encre, 31\u2019\u2019 X 42\u2019\u2019, s\u00e9rie de 3 + 1e.a,, 2018[\/vc_column_text][\/vc_column][\/vc_row]<\/p>\n<\/section>","protected":false},"excerpt":{"rendered":"<p>[vc_row][vc_column][vc_column_text]Co\u00efncidences est une exposition pr\u00e9sent\u00e9e \u00e0 la galerie Michel Guimont, \u00e0 Qu\u00e9bec, du 29 avril au 27 mai 2018. L&#8217;exposition comprend 4 s\u00e9ries d&#8217;\u0153uvres imprim\u00e9es : Belugas (version imprim\u00e9e), Rue La Fayette, quelques Automoir\u00e9s et deux pi\u00e8ces uniques (Porte Saint-Denis et Eglise Saint-Laurent #3). Quelques-unes des \u0153uvres ont \u00e9galement \u00e9t\u00e9 pr\u00e9sent\u00e9es \u00e0 la Foire Papier, &#8230; <a title=\"Co\u00efncidences\" class=\"read-more\" href=\"http:\/\/jocelynrobert.com\/?page_id=1609\" aria-label=\"More on Co\u00efncidences\">Read more<\/a><\/p>\n","protected":false},"author":1,"featured_media":0,"parent":40,"menu_order":0,"comment_status":"closed","ping_status":"closed","template":"","meta":[],"_links":{"self":[{"href":"http:\/\/jocelynrobert.com\/index.php?rest_route=\/wp\/v2\/pages\/1609"}],"collection":[{"href":"http:\/\/jocelynrobert.com\/index.php?rest_route=\/wp\/v2\/pages"}],"about":[{"href":"http:\/\/jocelynrobert.com\/index.php?rest_route=\/wp\/v2\/types\/page"}],"author":[{"embeddable":true,"href":"http:\/\/jocelynrobert.com\/index.php?rest_route=\/wp\/v2\/users\/1"}],"replies":[{"embeddable":true,"href":"http:\/\/jocelynrobert.com\/index.php?rest_route=%2Fwp%2Fv2%2Fcomments&post=1609"}],"version-history":[{"count":4,"href":"http:\/\/jocelynrobert.com\/index.php?rest_route=\/wp\/v2\/pages\/1609\/revisions"}],"predecessor-version":[{"id":1622,"href":"http:\/\/jocelynrobert.com\/index.php?rest_route=\/wp\/v2\/pages\/1609\/revisions\/1622"}],"up":[{"embeddable":true,"href":"http:\/\/jocelynrobert.com\/index.php?rest_route=\/wp\/v2\/pages\/40"}],"wp:attachment":[{"href":"http:\/\/jocelynrobert.com\/index.php?rest_route=%2Fwp%2Fv2%2Fmedia&parent=1609"}],"curies":[{"name":"wp","href":"https:\/\/api.w.org\/{rel}","templated":true}]}}