{"id":1651,"date":"2019-02-14T20:50:29","date_gmt":"2019-02-14T20:50:29","guid":{"rendered":"http:\/\/jocelynrobert.com\/?page_id=1651"},"modified":"2019-02-14T21:16:51","modified_gmt":"2019-02-14T21:16:51","slug":"la-signature-des-choses","status":"publish","type":"page","link":"http:\/\/jocelynrobert.com\/?page_id=1651","title":{"rendered":"La Signature des choses"},"content":{"rendered":"<section class=\"wpb-content-wrapper\"><p>[vc_row][vc_column][vc_column_text]<\/p>\n<div class=\"vc_row wpb_row vc_row-fluid\">\n<div class=\"wpb_column vc_column_container vc_col-sm-12\">\n<div class=\"vc_column-inner \">\n<div class=\"wpb_wrapper\">\n<div class=\"wpb_text_column wpb_content_element \">\n<div class=\"wpb_wrapper\">\n<p>Musique contemporaine pour piano, projet parent de <a href=\"http:\/\/jocelynrobert.com\/?page_id=1631\">Signatura Rerum<\/a>, publi\u00e9 pr\u00e9c\u00e9demment.<\/p>\n<p>Suite \u00e0 la composition d&#8217;une s\u00e9rie de pi\u00e8ces pour orgue \u00e0 tuyaux, je me suis aper\u00e7u que certaines vivaient mieux \u2014ou diff\u00e9remment\u2014 sur le piano Disklavier. Je suis donc retourn\u00e9 en studio o\u00f9 j&#8217;ai enregistr\u00e9 cette nouvelle s\u00e9rie d&#8217;\u0153uvres pour piano.<\/p>\n<p>\u2022<\/p>\n<p>Contemporary music for piano, sister project of <a href=\"http:\/\/jocelynrobert.com\/?page_id=1631\">Signatura Rerum<\/a>, published earlier.<\/p>\n<p>Following the composition of a series of works for pipe organ, I realized that some of them were living better \u2014or differently\u2014 on the Disklavier pianoSo I went back to the studio and recorded this new series for piano.<\/p>\n<p>&nbsp;<\/p>\n<p><a href=\"https:\/\/jocelynrobert.bandcamp.com\/edit_album?id=1434546924\">T\u00e9l\u00e9charger \/ Download<\/a><\/p>\n<p><a href=\"https:\/\/jocelynrobert.bandcamp.com\/edit_album?id=1434546924\">Acheter le cd \/ To buy the cd<\/a><\/p>\n<\/div>\n<\/div>\n<\/div>\n<\/div>\n<\/div>\n<\/div>\n<p>[\/vc_column_text][\/vc_column][\/vc_row][vc_row][vc_column][vc_single_image image=&#8221;1659&#8243; img_size=&#8221;large&#8221; alignment=&#8221;center&#8221; onclick=&#8221;custom_link&#8221; link=&#8221;https:\/\/jocelynrobert.bandcamp.com\/edit_album?id=1434546924http:\/\/&#8221;][\/vc_column][\/vc_row]<\/p>\n<\/section>","protected":false},"excerpt":{"rendered":"<p>[vc_row][vc_column][vc_column_text] Musique contemporaine pour piano, projet parent de Signatura Rerum, publi\u00e9 pr\u00e9c\u00e9demment. Suite \u00e0 la composition d&#8217;une s\u00e9rie de pi\u00e8ces pour orgue \u00e0 tuyaux, je me suis aper\u00e7u que certaines vivaient mieux \u2014ou diff\u00e9remment\u2014 sur le piano Disklavier. Je suis donc retourn\u00e9 en studio o\u00f9 j&#8217;ai enregistr\u00e9 cette nouvelle s\u00e9rie d&#8217;\u0153uvres pour piano. \u2022 Contemporary &#8230; <a title=\"La Signature des choses\" class=\"read-more\" href=\"http:\/\/jocelynrobert.com\/?page_id=1651\" aria-label=\"More on La Signature des choses\">Read more<\/a><\/p>\n","protected":false},"author":1,"featured_media":0,"parent":43,"menu_order":0,"comment_status":"closed","ping_status":"closed","template":"","meta":[],"_links":{"self":[{"href":"http:\/\/jocelynrobert.com\/index.php?rest_route=\/wp\/v2\/pages\/1651"}],"collection":[{"href":"http:\/\/jocelynrobert.com\/index.php?rest_route=\/wp\/v2\/pages"}],"about":[{"href":"http:\/\/jocelynrobert.com\/index.php?rest_route=\/wp\/v2\/types\/page"}],"author":[{"embeddable":true,"href":"http:\/\/jocelynrobert.com\/index.php?rest_route=\/wp\/v2\/users\/1"}],"replies":[{"embeddable":true,"href":"http:\/\/jocelynrobert.com\/index.php?rest_route=%2Fwp%2Fv2%2Fcomments&post=1651"}],"version-history":[{"count":4,"href":"http:\/\/jocelynrobert.com\/index.php?rest_route=\/wp\/v2\/pages\/1651\/revisions"}],"predecessor-version":[{"id":1660,"href":"http:\/\/jocelynrobert.com\/index.php?rest_route=\/wp\/v2\/pages\/1651\/revisions\/1660"}],"up":[{"embeddable":true,"href":"http:\/\/jocelynrobert.com\/index.php?rest_route=\/wp\/v2\/pages\/43"}],"wp:attachment":[{"href":"http:\/\/jocelynrobert.com\/index.php?rest_route=%2Fwp%2Fv2%2Fmedia&parent=1651"}],"curies":[{"name":"wp","href":"https:\/\/api.w.org\/{rel}","templated":true}]}}