{"id":1667,"date":"2019-10-13T17:49:58","date_gmt":"2019-10-13T17:49:58","guid":{"rendered":"http:\/\/jocelynrobert.com\/?page_id=1667"},"modified":"2019-10-13T18:10:04","modified_gmt":"2019-10-13T18:10:04","slug":"resident-of-unit-d","status":"publish","type":"page","link":"http:\/\/jocelynrobert.com\/?page_id=1667","title":{"rendered":"Resident of Unit D"},"content":{"rendered":"<section class=\"wpb-content-wrapper\"><p>[vc_row][vc_column][vc_column_text]<a href=\"https:\/\/jocelynrobert.bandcamp.com\/album\/resident-of-unit-d\">t\u00e9l\u00e9chargement \/ download \/ cd<\/a><\/p>\n<p>Une pi\u00e8ce de piano pr\u00e9par\u00e9 sur la m\u00e9moire et sa fragmentation. Version studio des sons de l&#8217;installation &#8220;Mon p\u00e8re et moi&#8221;, pr\u00e9sent\u00e9e au centre Expression, Ste-Hyacinthe, QC. \/ A work of prepared-piano about memory and its falling apart. Studio version of sounds from the installation &#8220;Mon p\u00e8re et moi&#8221;, shown at Expression, St-Hyacinthe.<\/p>\n<p>total : 39:07[\/vc_column_text][\/vc_column][\/vc_row][vc_row][vc_column width=&#8221;1\/3&#8243;][vc_single_image image=&#8221;1664&#8243; img_size=&#8221;medium&#8221;][vc_tweetmeme][\/vc_column][vc_column width=&#8221;1\/3&#8243;][vc_single_image image=&#8221;1669&#8243; img_size=&#8221;medium&#8221;][\/vc_column][vc_column width=&#8221;1\/3&#8243;][vc_single_image image=&#8221;1670&#8243; img_size=&#8221;medium&#8221;][\/vc_column][\/vc_row]<\/p>\n<\/section>","protected":false},"excerpt":{"rendered":"<p>[vc_row][vc_column][vc_column_text]t\u00e9l\u00e9chargement \/ download \/ cd Une pi\u00e8ce de piano pr\u00e9par\u00e9 sur la m\u00e9moire et sa fragmentation. Version studio des sons de l&#8217;installation &#8220;Mon p\u00e8re et moi&#8221;, pr\u00e9sent\u00e9e au centre Expression, Ste-Hyacinthe, QC. \/ A work of prepared-piano about memory and its falling apart. Studio version of sounds from the installation &#8220;Mon p\u00e8re et moi&#8221;, shown &#8230; <a title=\"Resident of Unit D\" class=\"read-more\" href=\"http:\/\/jocelynrobert.com\/?page_id=1667\" aria-label=\"More on Resident of Unit D\">Read more<\/a><\/p>\n","protected":false},"author":1,"featured_media":0,"parent":43,"menu_order":0,"comment_status":"closed","ping_status":"closed","template":"","meta":[],"_links":{"self":[{"href":"http:\/\/jocelynrobert.com\/index.php?rest_route=\/wp\/v2\/pages\/1667"}],"collection":[{"href":"http:\/\/jocelynrobert.com\/index.php?rest_route=\/wp\/v2\/pages"}],"about":[{"href":"http:\/\/jocelynrobert.com\/index.php?rest_route=\/wp\/v2\/types\/page"}],"author":[{"embeddable":true,"href":"http:\/\/jocelynrobert.com\/index.php?rest_route=\/wp\/v2\/users\/1"}],"replies":[{"embeddable":true,"href":"http:\/\/jocelynrobert.com\/index.php?rest_route=%2Fwp%2Fv2%2Fcomments&post=1667"}],"version-history":[{"count":3,"href":"http:\/\/jocelynrobert.com\/index.php?rest_route=\/wp\/v2\/pages\/1667\/revisions"}],"predecessor-version":[{"id":1672,"href":"http:\/\/jocelynrobert.com\/index.php?rest_route=\/wp\/v2\/pages\/1667\/revisions\/1672"}],"up":[{"embeddable":true,"href":"http:\/\/jocelynrobert.com\/index.php?rest_route=\/wp\/v2\/pages\/43"}],"wp:attachment":[{"href":"http:\/\/jocelynrobert.com\/index.php?rest_route=%2Fwp%2Fv2%2Fmedia&parent=1667"}],"curies":[{"name":"wp","href":"https:\/\/api.w.org\/{rel}","templated":true}]}}