{"id":1710,"date":"2020-11-11T17:01:10","date_gmt":"2020-11-11T17:01:10","guid":{"rendered":"http:\/\/jocelynrobert.com\/?page_id=1710"},"modified":"2020-11-11T17:01:10","modified_gmt":"2020-11-11T17:01:10","slug":"lile-noire","status":"publish","type":"page","link":"http:\/\/jocelynrobert.com\/?page_id=1710","title":{"rendered":"L&#8217;Ile Noire"},"content":{"rendered":"<section class=\"wpb-content-wrapper\"><p>[vc_row][vc_column][vc_column_text]<a href=\"https:\/\/jocelynrobert.bandcamp.com\/album\/lile-noire\">T\u00e9l\u00e9chargement \/ download \/ cd<\/a>[\/vc_column_text][\/vc_column][\/vc_row][vc_row][vc_column][vc_column_text]Mon premier album solo, <em>Stat Live Moniteur<\/em>, a \u00e9t\u00e9 publi\u00e9 il y a pr\u00e8s de 30 ans, sur vinyl, sur le label ReR de Chris Cutler. \u00c0 l&#8217;\u00e9poque, je ne suivais pas un concept fort ou une m\u00e9thode particuli\u00e8re : je tentais simplement de cr\u00e9er un paysage sonore qui pourrait ressembler \u00e0 ce que j&#8217;entends quand j&#8217;\u00e9coute le monde. R\u00e9cemment, j&#8217;ai senti le bsoin de retourner \u00e0 cette approche simple. Cette paire de nouveaux albums, <em>L&#8217;Ile Noire<\/em> et <em>L&#8217;Ile Rouge<\/em> sont donc une sorte de peinture paysagiste audible du chaos qui bouille dans mon cerveau quand je regarde autour de moi.<\/p>\n<p>My first solo release was published about 30 years ago. Titled <em>Stat Live Moniteur<\/em> , it was a vinyl lp on Chris Cutler\u2019s ReR label. At the time, I was not following any strong concept but mainly trying to create a sound landscape that would ressemble, somehow, the way I hear the world when I listen to it. Lately I felt the need to come back to this simple approach. So this new pair of works, <em>L\u2019Ile Noire<\/em> &amp; <em>L\u2019Ile Rouge<\/em>, end up being, for better or for worse, a sort of sound painting of the chaos that bubbles in my brain whenever I look around.<\/p>\n<p>Image de couverture : Laurence Petitpas[\/vc_column_text][\/vc_column][\/vc_row][vc_row][vc_column][vc_single_image image=&#8221;1706&#8243; img_size=&#8221;large&#8221; alignment=&#8221;center&#8221;][\/vc_column][\/vc_row]<\/p>\n<\/section>","protected":false},"excerpt":{"rendered":"<p>[vc_row][vc_column][vc_column_text]T\u00e9l\u00e9chargement \/ download \/ cd[\/vc_column_text][\/vc_column][\/vc_row][vc_row][vc_column][vc_column_text]Mon premier album solo, Stat Live Moniteur, a \u00e9t\u00e9 publi\u00e9 il y a pr\u00e8s de 30 ans, sur vinyl, sur le label ReR de Chris Cutler. \u00c0 l&#8217;\u00e9poque, je ne suivais pas un concept fort ou une m\u00e9thode particuli\u00e8re : je tentais simplement de cr\u00e9er un paysage sonore qui pourrait ressembler &#8230; <a title=\"L&#8217;Ile Noire\" class=\"read-more\" href=\"http:\/\/jocelynrobert.com\/?page_id=1710\" aria-label=\"More on L&#8217;Ile Noire\">Read more<\/a><\/p>\n","protected":false},"author":1,"featured_media":0,"parent":43,"menu_order":0,"comment_status":"closed","ping_status":"closed","template":"","meta":[],"_links":{"self":[{"href":"http:\/\/jocelynrobert.com\/index.php?rest_route=\/wp\/v2\/pages\/1710"}],"collection":[{"href":"http:\/\/jocelynrobert.com\/index.php?rest_route=\/wp\/v2\/pages"}],"about":[{"href":"http:\/\/jocelynrobert.com\/index.php?rest_route=\/wp\/v2\/types\/page"}],"author":[{"embeddable":true,"href":"http:\/\/jocelynrobert.com\/index.php?rest_route=\/wp\/v2\/users\/1"}],"replies":[{"embeddable":true,"href":"http:\/\/jocelynrobert.com\/index.php?rest_route=%2Fwp%2Fv2%2Fcomments&post=1710"}],"version-history":[{"count":2,"href":"http:\/\/jocelynrobert.com\/index.php?rest_route=\/wp\/v2\/pages\/1710\/revisions"}],"predecessor-version":[{"id":1712,"href":"http:\/\/jocelynrobert.com\/index.php?rest_route=\/wp\/v2\/pages\/1710\/revisions\/1712"}],"up":[{"embeddable":true,"href":"http:\/\/jocelynrobert.com\/index.php?rest_route=\/wp\/v2\/pages\/43"}],"wp:attachment":[{"href":"http:\/\/jocelynrobert.com\/index.php?rest_route=%2Fwp%2Fv2%2Fmedia&parent=1710"}],"curies":[{"name":"wp","href":"https:\/\/api.w.org\/{rel}","templated":true}]}}