{"id":1713,"date":"2020-11-11T17:05:30","date_gmt":"2020-11-11T17:05:30","guid":{"rendered":"http:\/\/jocelynrobert.com\/?page_id=1713"},"modified":"2020-11-11T17:05:30","modified_gmt":"2020-11-11T17:05:30","slug":"lile-rouge","status":"publish","type":"page","link":"http:\/\/jocelynrobert.com\/?page_id=1713","title":{"rendered":"L&#8217;Ile Rouge"},"content":{"rendered":"<section class=\"wpb-content-wrapper\"><p>[vc_row][vc_column][vc_column_text]<a href=\"https:\/\/jocelynrobert.bandcamp.com\/album\/lile-rouge\">T\u00e9l\u00e9chargement \/ download \/ cd<\/a>[\/vc_column_text][\/vc_column][\/vc_row][vc_row][vc_column][vc_column_text]<\/p>\n<div class=\"vc_row wpb_row vc_row-fluid\">\n<div class=\"wpb_column vc_column_container vc_col-sm-12\">\n<div class=\"vc_column-inner \">\n<div class=\"wpb_wrapper\">\n<div class=\"wpb_text_column wpb_content_element \">\n<div class=\"wpb_wrapper\">\n<p>Mon premier album solo, <em>Stat Live Moniteur<\/em>, a \u00e9t\u00e9 publi\u00e9 il y a pr\u00e8s de 30 ans, sur vinyl, sur le label ReR de Chris Cutler. \u00c0 l\u2019\u00e9poque, je ne suivais pas un concept fort ou une m\u00e9thode particuli\u00e8re : je tentais simplement de cr\u00e9er un paysage sonore qui pourrait ressembler \u00e0 ce que j\u2019entends quand j\u2019\u00e9coute le monde. R\u00e9cemment, j\u2019ai senti le bsoin de retourner \u00e0 cette approche simple. Cette paire de nouveaux albums, <em>L\u2019Ile Noire<\/em> et <em>L\u2019Ile Rouge<\/em> sont donc une sorte de peinture paysagiste audible du chaos qui bouille dans mon cerveau quand je regarde autour de moi.<\/p>\n<p>My first solo release was published about 30 years ago. Titled <em>Stat Live Moniteur<\/em> , it was a vinyl lp on Chris Cutler\u2019s ReR label. At the time, I was not following any strong concept but mainly trying to create a sound landscape that would ressemble, somehow, the way I hear the world when I listen to it. Lately I felt the need to come back to this simple approach. So this new pair of works, <em>L\u2019Ile Noire<\/em> &amp; <em>L\u2019Ile Rouge<\/em>, end up being, for better or for worse, a sort of sound painting of the chaos that bubbles in my brain whenever I look around.<\/p>\n<\/div>\n<\/div>\n<\/div>\n<\/div>\n<\/div>\n<\/div>\n<p>[\/vc_column_text][\/vc_column][\/vc_row][vc_row][vc_column][vc_single_image image=&#8221;1707&#8243; img_size=&#8221;large&#8221; alignment=&#8221;center&#8221;][\/vc_column][\/vc_row]<\/p>\n<\/section>","protected":false},"excerpt":{"rendered":"<p>[vc_row][vc_column][vc_column_text]T\u00e9l\u00e9chargement \/ download \/ cd[\/vc_column_text][\/vc_column][\/vc_row][vc_row][vc_column][vc_column_text] Mon premier album solo, Stat Live Moniteur, a \u00e9t\u00e9 publi\u00e9 il y a pr\u00e8s de 30 ans, sur vinyl, sur le label ReR de Chris Cutler. \u00c0 l\u2019\u00e9poque, je ne suivais pas un concept fort ou une m\u00e9thode particuli\u00e8re : je tentais simplement de cr\u00e9er un paysage sonore qui pourrait &#8230; <a title=\"L&#8217;Ile Rouge\" class=\"read-more\" href=\"http:\/\/jocelynrobert.com\/?page_id=1713\" aria-label=\"More on L&#8217;Ile Rouge\">Read more<\/a><\/p>\n","protected":false},"author":1,"featured_media":0,"parent":43,"menu_order":0,"comment_status":"closed","ping_status":"closed","template":"","meta":[],"_links":{"self":[{"href":"http:\/\/jocelynrobert.com\/index.php?rest_route=\/wp\/v2\/pages\/1713"}],"collection":[{"href":"http:\/\/jocelynrobert.com\/index.php?rest_route=\/wp\/v2\/pages"}],"about":[{"href":"http:\/\/jocelynrobert.com\/index.php?rest_route=\/wp\/v2\/types\/page"}],"author":[{"embeddable":true,"href":"http:\/\/jocelynrobert.com\/index.php?rest_route=\/wp\/v2\/users\/1"}],"replies":[{"embeddable":true,"href":"http:\/\/jocelynrobert.com\/index.php?rest_route=%2Fwp%2Fv2%2Fcomments&post=1713"}],"version-history":[{"count":2,"href":"http:\/\/jocelynrobert.com\/index.php?rest_route=\/wp\/v2\/pages\/1713\/revisions"}],"predecessor-version":[{"id":1715,"href":"http:\/\/jocelynrobert.com\/index.php?rest_route=\/wp\/v2\/pages\/1713\/revisions\/1715"}],"up":[{"embeddable":true,"href":"http:\/\/jocelynrobert.com\/index.php?rest_route=\/wp\/v2\/pages\/43"}],"wp:attachment":[{"href":"http:\/\/jocelynrobert.com\/index.php?rest_route=%2Fwp%2Fv2%2Fmedia&parent=1713"}],"curies":[{"name":"wp","href":"https:\/\/api.w.org\/{rel}","templated":true}]}}