{"id":248,"date":"2015-03-28T21:19:58","date_gmt":"2015-03-28T21:19:58","guid":{"rendered":"http:\/\/jocelynrobert.com\/?page_id=248"},"modified":"2015-03-28T21:24:28","modified_gmt":"2015-03-28T21:24:28","slug":"la-machine-a-remonter-le-temps","status":"publish","type":"page","link":"http:\/\/jocelynrobert.com\/?page_id=248","title":{"rendered":"La Machine \u00e0 remonter le temps"},"content":{"rendered":"<section class=\"wpb-content-wrapper\"><p>[vc_row][vc_column width=&#8221;1\/1&#8243;][vc_video link=&#8221;https:\/\/vimeo.com\/79450828&#8243;][\/vc_column][\/vc_row][vc_row][vc_column width=&#8221;1\/1&#8243;][vc_column_text]<strong>La Machine \u00e0 remonter le temps.<\/strong> 01:31, 2013.<\/p>\n<div class=\"description_wrapper\">\n<div class=\"js-clip_description description\" data-expand-tooltip=\"Cliquez pour afficher la description en entier\">\n<p class=\"first\">Une vid\u00e9o r\u00e9alis\u00e9e suite \u00e0 une commande du Conseil des Arts M\u00e9diatiques du Qu\u00e9bec. Projet\u00e9e en premi\u00e8re aux 26\u00e8mes Instants Vid\u00e9o, Marseille, Novembre 2013. Cam\u00e9ra Ricardo Savard, produit avec l&#8217;aide de La Bande Vid\u00e9o.<\/p>\n<p>A video commissioned by Conseil des Arts M\u00e9diatiques du Qu\u00e9bec. First shown at 26\u00e8me Instants Video, Marseille, November 2013. Camera Ricardo Savard, produced with help from La Bande Video.<\/p>\n<\/div>\n<\/div>\n<p>[\/vc_column_text][\/vc_column][\/vc_row]<\/p>\n<\/section>","protected":false},"excerpt":{"rendered":"<p>[vc_row][vc_column width=&#8221;1\/1&#8243;][vc_video link=&#8221;https:\/\/vimeo.com\/79450828&#8243;][\/vc_column][\/vc_row][vc_row][vc_column width=&#8221;1\/1&#8243;][vc_column_text]La Machine \u00e0 remonter le temps. 01:31, 2013. Une vid\u00e9o r\u00e9alis\u00e9e suite \u00e0 une commande du Conseil des Arts M\u00e9diatiques du Qu\u00e9bec. Projet\u00e9e en premi\u00e8re aux 26\u00e8mes Instants Vid\u00e9o, Marseille, Novembre 2013. Cam\u00e9ra Ricardo Savard, produit avec l&#8217;aide de La Bande Vid\u00e9o. A video commissioned by Conseil des Arts M\u00e9diatiques du Qu\u00e9bec. &#8230; <a title=\"La Machine \u00e0 remonter le temps\" class=\"read-more\" href=\"http:\/\/jocelynrobert.com\/?page_id=248\" aria-label=\"More on La Machine \u00e0 remonter le temps\">Read more<\/a><\/p>\n","protected":false},"author":1,"featured_media":0,"parent":198,"menu_order":0,"comment_status":"closed","ping_status":"open","template":"","meta":[],"_links":{"self":[{"href":"http:\/\/jocelynrobert.com\/index.php?rest_route=\/wp\/v2\/pages\/248"}],"collection":[{"href":"http:\/\/jocelynrobert.com\/index.php?rest_route=\/wp\/v2\/pages"}],"about":[{"href":"http:\/\/jocelynrobert.com\/index.php?rest_route=\/wp\/v2\/types\/page"}],"author":[{"embeddable":true,"href":"http:\/\/jocelynrobert.com\/index.php?rest_route=\/wp\/v2\/users\/1"}],"replies":[{"embeddable":true,"href":"http:\/\/jocelynrobert.com\/index.php?rest_route=%2Fwp%2Fv2%2Fcomments&post=248"}],"version-history":[{"count":2,"href":"http:\/\/jocelynrobert.com\/index.php?rest_route=\/wp\/v2\/pages\/248\/revisions"}],"predecessor-version":[{"id":250,"href":"http:\/\/jocelynrobert.com\/index.php?rest_route=\/wp\/v2\/pages\/248\/revisions\/250"}],"up":[{"embeddable":true,"href":"http:\/\/jocelynrobert.com\/index.php?rest_route=\/wp\/v2\/pages\/198"}],"wp:attachment":[{"href":"http:\/\/jocelynrobert.com\/index.php?rest_route=%2Fwp%2Fv2%2Fmedia&parent=248"}],"curies":[{"name":"wp","href":"https:\/\/api.w.org\/{rel}","templated":true}]}}