{"id":254,"date":"2015-03-28T21:29:12","date_gmt":"2015-03-28T21:29:12","guid":{"rendered":"http:\/\/jocelynrobert.com\/?page_id=254"},"modified":"2015-03-28T21:38:12","modified_gmt":"2015-03-28T21:38:12","slug":"typologies","status":"publish","type":"page","link":"http:\/\/jocelynrobert.com\/?page_id=254","title":{"rendered":"Topologies"},"content":{"rendered":"<section class=\"wpb-content-wrapper\"><p>[vc_row][vc_column width=&#8221;1\/1&#8243;][vc_video link=&#8221;https:\/\/vimeo.com\/64187429&#8243;][\/vc_column][\/vc_row][vc_row][vc_column width=&#8221;1\/1&#8243;][vc_column_text]<strong>Topologies.<\/strong> 04:44, 2013.<\/p>\n<p>Une video r\u00e9alis\u00e9e pour le 20\u00e8me anniversaire d&#8217;<a href=\"http:\/\/www.avatarquebec.org\" target=\"_blank\">Avatar<\/a>. Musique extraite de Cyclo\u00efdes (partie 3), <a href=\"http:\/\/gdstereo.com\/recordings\/gd023-jocelyn-robert-cycloides\" target=\"_blank\" rel=\"nofollow\">gdstereo.com<\/a>. A video for <a href=\"http:\/\/www.avatarquebec.org\" target=\"_blank\">Avatar<\/a> 20th anniversary. Music taken from the\u00a0Cyclo\u00efdes cd (part 3) , <a href=\"http:\/\/gdstereo.com\/recordings\/gd023-jocelyn-robert-cycloides\" target=\"_blank\">gdstereo.com<\/a>[\/vc_column_text][\/vc_column][\/vc_row]<\/p>\n<\/section>","protected":false},"excerpt":{"rendered":"<p>[vc_row][vc_column width=&#8221;1\/1&#8243;][vc_video link=&#8221;https:\/\/vimeo.com\/64187429&#8243;][\/vc_column][\/vc_row][vc_row][vc_column width=&#8221;1\/1&#8243;][vc_column_text]Topologies. 04:44, 2013. Une video r\u00e9alis\u00e9e pour le 20\u00e8me anniversaire d&#8217;Avatar. Musique extraite de Cyclo\u00efdes (partie 3), gdstereo.com. A video for Avatar 20th anniversary. Music taken from the\u00a0Cyclo\u00efdes cd (part 3) , gdstereo.com[\/vc_column_text][\/vc_column][\/vc_row]<\/p>\n","protected":false},"author":1,"featured_media":0,"parent":198,"menu_order":0,"comment_status":"closed","ping_status":"open","template":"","meta":[],"_links":{"self":[{"href":"http:\/\/jocelynrobert.com\/index.php?rest_route=\/wp\/v2\/pages\/254"}],"collection":[{"href":"http:\/\/jocelynrobert.com\/index.php?rest_route=\/wp\/v2\/pages"}],"about":[{"href":"http:\/\/jocelynrobert.com\/index.php?rest_route=\/wp\/v2\/types\/page"}],"author":[{"embeddable":true,"href":"http:\/\/jocelynrobert.com\/index.php?rest_route=\/wp\/v2\/users\/1"}],"replies":[{"embeddable":true,"href":"http:\/\/jocelynrobert.com\/index.php?rest_route=%2Fwp%2Fv2%2Fcomments&post=254"}],"version-history":[{"count":5,"href":"http:\/\/jocelynrobert.com\/index.php?rest_route=\/wp\/v2\/pages\/254\/revisions"}],"predecessor-version":[{"id":260,"href":"http:\/\/jocelynrobert.com\/index.php?rest_route=\/wp\/v2\/pages\/254\/revisions\/260"}],"up":[{"embeddable":true,"href":"http:\/\/jocelynrobert.com\/index.php?rest_route=\/wp\/v2\/pages\/198"}],"wp:attachment":[{"href":"http:\/\/jocelynrobert.com\/index.php?rest_route=%2Fwp%2Fv2%2Fmedia&parent=254"}],"curies":[{"name":"wp","href":"https:\/\/api.w.org\/{rel}","templated":true}]}}