{"id":270,"date":"2015-03-30T13:43:34","date_gmt":"2015-03-30T13:43:34","guid":{"rendered":"http:\/\/jocelynrobert.com\/?page_id=270"},"modified":"2015-03-30T18:03:48","modified_gmt":"2015-03-30T18:03:48","slug":"la-reine-rouge-2","status":"publish","type":"page","link":"http:\/\/jocelynrobert.com\/?page_id=270","title":{"rendered":"La Reine Rouge"},"content":{"rendered":"<section class=\"wpb-content-wrapper\"><p>[vc_row][vc_column width=&#8221;1\/1&#8243;][vc_video link=&#8221;https:\/\/vimeo.com\/70703059&#8243;][\/vc_column][\/vc_row][vc_row][vc_column width=&#8221;1\/1&#8243;][vc_column_text]<strong>La Reine Rouge.<\/strong> Tableau video \/ loop, 2012.<\/p>\n<p>Une vid\u00e9o silencieuse, montr\u00e9e sur \u00e9cran plat, en boucle. Montr\u00e9 d\u2019abord \u00e0 Guadalajara au Mexique en mai 2012, puis \u00e0 Quiet Cue, Berlin, en 2014.<\/p>\n<p>A silent video &#8220;tableau&#8221;, made to be shown on a flat-screen, in loop. First shown in Guadalajara, Mexico, May 2012, then at Quiet Cue, Berlin, 2014.[\/vc_column_text][\/vc_column][\/vc_row]<\/p>\n<\/section>","protected":false},"excerpt":{"rendered":"<p>[vc_row][vc_column width=&#8221;1\/1&#8243;][vc_video link=&#8221;https:\/\/vimeo.com\/70703059&#8243;][\/vc_column][\/vc_row][vc_row][vc_column width=&#8221;1\/1&#8243;][vc_column_text]La Reine Rouge. Tableau video \/ loop, 2012. Une vid\u00e9o silencieuse, montr\u00e9e sur \u00e9cran plat, en boucle. Montr\u00e9 d\u2019abord \u00e0 Guadalajara au Mexique en mai 2012, puis \u00e0 Quiet Cue, Berlin, en 2014. A silent video &#8220;tableau&#8221;, made to be shown on a flat-screen, in loop. First shown in Guadalajara, Mexico, May &#8230; <a title=\"La Reine Rouge\" class=\"read-more\" href=\"http:\/\/jocelynrobert.com\/?page_id=270\" aria-label=\"More on La Reine Rouge\">Read more<\/a><\/p>\n","protected":false},"author":1,"featured_media":0,"parent":198,"menu_order":0,"comment_status":"closed","ping_status":"open","template":"","meta":[],"_links":{"self":[{"href":"http:\/\/jocelynrobert.com\/index.php?rest_route=\/wp\/v2\/pages\/270"}],"collection":[{"href":"http:\/\/jocelynrobert.com\/index.php?rest_route=\/wp\/v2\/pages"}],"about":[{"href":"http:\/\/jocelynrobert.com\/index.php?rest_route=\/wp\/v2\/types\/page"}],"author":[{"embeddable":true,"href":"http:\/\/jocelynrobert.com\/index.php?rest_route=\/wp\/v2\/users\/1"}],"replies":[{"embeddable":true,"href":"http:\/\/jocelynrobert.com\/index.php?rest_route=%2Fwp%2Fv2%2Fcomments&post=270"}],"version-history":[{"count":5,"href":"http:\/\/jocelynrobert.com\/index.php?rest_route=\/wp\/v2\/pages\/270\/revisions"}],"predecessor-version":[{"id":315,"href":"http:\/\/jocelynrobert.com\/index.php?rest_route=\/wp\/v2\/pages\/270\/revisions\/315"}],"up":[{"embeddable":true,"href":"http:\/\/jocelynrobert.com\/index.php?rest_route=\/wp\/v2\/pages\/198"}],"wp:attachment":[{"href":"http:\/\/jocelynrobert.com\/index.php?rest_route=%2Fwp%2Fv2%2Fmedia&parent=270"}],"curies":[{"name":"wp","href":"https:\/\/api.w.org\/{rel}","templated":true}]}}