{"id":283,"date":"2015-03-30T14:25:32","date_gmt":"2015-03-30T14:25:32","guid":{"rendered":"http:\/\/jocelynrobert.com\/?page_id=283"},"modified":"2015-03-30T15:07:51","modified_gmt":"2015-03-30T15:07:51","slug":"jeune-homme-seul","status":"publish","type":"page","link":"http:\/\/jocelynrobert.com\/?page_id=283","title":{"rendered":"Jeune homme seul"},"content":{"rendered":"<section class=\"wpb-content-wrapper\"><p>[vc_row][vc_column width=&#8221;1\/1&#8243;][vc_video link=&#8221;https:\/\/vimeo.com\/71017637&#8243;][\/vc_column][\/vc_row][vc_row][vc_column width=&#8221;1\/1&#8243;][vc_column_text]<strong>Jeune homme seul.<\/strong> Tableau vid\u00e9o \/ loop. 2012.<\/p>\n<p>Un tableau vid\u00e9o silencieux, pr\u00e9sent\u00e9 en boucle sur \u00e9cran plat. Montr\u00e9 d&#8217;abord \u00e0 Guadalajara au Mexique en mai 2012, puis \u00e0 Quiet Cue, Berlin, en 2014.<\/p>\n<p>A silent video &#8220;tableau&#8221;, made to be shown on a flat-screen. First shown in Guadalajara, Mexico, May 2012, then at Quiet Cue, Berlin, 2014.[\/vc_column_text][\/vc_column][\/vc_row]<\/p>\n<\/section>","protected":false},"excerpt":{"rendered":"<p>[vc_row][vc_column width=&#8221;1\/1&#8243;][vc_video link=&#8221;https:\/\/vimeo.com\/71017637&#8243;][\/vc_column][\/vc_row][vc_row][vc_column width=&#8221;1\/1&#8243;][vc_column_text]Jeune homme seul. Tableau vid\u00e9o \/ loop. 2012. Un tableau vid\u00e9o silencieux, pr\u00e9sent\u00e9 en boucle sur \u00e9cran plat. Montr\u00e9 d&#8217;abord \u00e0 Guadalajara au Mexique en mai 2012, puis \u00e0 Quiet Cue, Berlin, en 2014. A silent video &#8220;tableau&#8221;, made to be shown on a flat-screen. First shown in Guadalajara, Mexico, May 2012, &#8230; <a title=\"Jeune homme seul\" class=\"read-more\" href=\"http:\/\/jocelynrobert.com\/?page_id=283\" aria-label=\"More on Jeune homme seul\">Read more<\/a><\/p>\n","protected":false},"author":1,"featured_media":0,"parent":198,"menu_order":0,"comment_status":"closed","ping_status":"open","template":"","meta":[],"_links":{"self":[{"href":"http:\/\/jocelynrobert.com\/index.php?rest_route=\/wp\/v2\/pages\/283"}],"collection":[{"href":"http:\/\/jocelynrobert.com\/index.php?rest_route=\/wp\/v2\/pages"}],"about":[{"href":"http:\/\/jocelynrobert.com\/index.php?rest_route=\/wp\/v2\/types\/page"}],"author":[{"embeddable":true,"href":"http:\/\/jocelynrobert.com\/index.php?rest_route=\/wp\/v2\/users\/1"}],"replies":[{"embeddable":true,"href":"http:\/\/jocelynrobert.com\/index.php?rest_route=%2Fwp%2Fv2%2Fcomments&post=283"}],"version-history":[{"count":4,"href":"http:\/\/jocelynrobert.com\/index.php?rest_route=\/wp\/v2\/pages\/283\/revisions"}],"predecessor-version":[{"id":288,"href":"http:\/\/jocelynrobert.com\/index.php?rest_route=\/wp\/v2\/pages\/283\/revisions\/288"}],"up":[{"embeddable":true,"href":"http:\/\/jocelynrobert.com\/index.php?rest_route=\/wp\/v2\/pages\/198"}],"wp:attachment":[{"href":"http:\/\/jocelynrobert.com\/index.php?rest_route=%2Fwp%2Fv2%2Fmedia&parent=283"}],"curies":[{"name":"wp","href":"https:\/\/api.w.org\/{rel}","templated":true}]}}