{"id":301,"date":"2015-03-30T15:37:13","date_gmt":"2015-03-30T15:37:13","guid":{"rendered":"http:\/\/jocelynrobert.com\/?page_id=301"},"modified":"2015-04-06T19:20:33","modified_gmt":"2015-04-06T19:20:33","slug":"blue-empire-new-york-babel-billboard","status":"publish","type":"page","link":"http:\/\/jocelynrobert.com\/?page_id=301","title":{"rendered":"Blue Empire New-York Babel Billboard"},"content":{"rendered":"<section class=\"wpb-content-wrapper\"><p>[vc_row][vc_column width=&#8221;1\/1&#8243;][vc_video link=&#8221;https:\/\/vimeo.com\/123776659&#8243;][\/vc_column][\/vc_row][vc_row][vc_column width=&#8221;1\/1&#8243;][vc_column_text]<strong>Blue Empire New-York Babel Billboard.<\/strong> Extrait de 3:15 de \/ 3:15 excerpt from,\u00a0 08:55, 2012.<\/p>\n<p>La version courte d&#8217;un remake du film Empire de Warhol. Au lieu de filmer l&#8217;Empire State d&#8217;un b\u00e2timent voisin, l&#8217;Empire State est observ\u00e9 sur l&#8217;\u00e9cran de l&#8217;ordinateur, dans les images de Google. Il existe une version longue, d&#8217;une heure, silencieuse. Premi\u00e8re pr\u00e9sentation publique lors de l&#8217;exposition <em>Les Matins infid\u00e8les<\/em>, de Bernard Lamarche, Mus\u00e9e National des Beaux-Arts du Qu\u00e9bec, 2013-2014. Collection Loto-Qu\u00e9bec \/ Mus\u00e9e d&#8217;Art Contemporain de Montr\u00e9al, collection Hydro-Qu\u00e9bec.<\/p>\n<p>The short version of a remake of Warhol&#8217;s Empire movie. Instead of filming the Empire State Building from an adjacent building, the Empire State is observed from the computer screen on images.google. The long version is silent and is one hour long. First presented in <em>Les Matins infid\u00e8les<\/em>, from Bernard Lamarche, Mus\u00e9e National des Beaux-Arts du Qu\u00e9bec, 2013-2014. Collection Loto-Qu\u00e9bec \/ Mus\u00e9e d&#8217;Art Contemporain de Montr\u00e9al, collection Hydro-Qu\u00e9bec.[\/vc_column_text][\/vc_column][\/vc_row]<\/p>\n<\/section>","protected":false},"excerpt":{"rendered":"<p>[vc_row][vc_column width=&#8221;1\/1&#8243;][vc_video link=&#8221;https:\/\/vimeo.com\/123776659&#8243;][\/vc_column][\/vc_row][vc_row][vc_column width=&#8221;1\/1&#8243;][vc_column_text]Blue Empire New-York Babel Billboard. Extrait de 3:15 de \/ 3:15 excerpt from,\u00a0 08:55, 2012. La version courte d&#8217;un remake du film Empire de Warhol. Au lieu de filmer l&#8217;Empire State d&#8217;un b\u00e2timent voisin, l&#8217;Empire State est observ\u00e9 sur l&#8217;\u00e9cran de l&#8217;ordinateur, dans les images de Google. Il existe une version longue, &#8230; <a title=\"Blue Empire New-York Babel Billboard\" class=\"read-more\" href=\"http:\/\/jocelynrobert.com\/?page_id=301\" aria-label=\"More on Blue Empire New-York Babel Billboard\">Read more<\/a><\/p>\n","protected":false},"author":1,"featured_media":0,"parent":198,"menu_order":0,"comment_status":"closed","ping_status":"open","template":"","meta":[],"_links":{"self":[{"href":"http:\/\/jocelynrobert.com\/index.php?rest_route=\/wp\/v2\/pages\/301"}],"collection":[{"href":"http:\/\/jocelynrobert.com\/index.php?rest_route=\/wp\/v2\/pages"}],"about":[{"href":"http:\/\/jocelynrobert.com\/index.php?rest_route=\/wp\/v2\/types\/page"}],"author":[{"embeddable":true,"href":"http:\/\/jocelynrobert.com\/index.php?rest_route=\/wp\/v2\/users\/1"}],"replies":[{"embeddable":true,"href":"http:\/\/jocelynrobert.com\/index.php?rest_route=%2Fwp%2Fv2%2Fcomments&post=301"}],"version-history":[{"count":5,"href":"http:\/\/jocelynrobert.com\/index.php?rest_route=\/wp\/v2\/pages\/301\/revisions"}],"predecessor-version":[{"id":857,"href":"http:\/\/jocelynrobert.com\/index.php?rest_route=\/wp\/v2\/pages\/301\/revisions\/857"}],"up":[{"embeddable":true,"href":"http:\/\/jocelynrobert.com\/index.php?rest_route=\/wp\/v2\/pages\/198"}],"wp:attachment":[{"href":"http:\/\/jocelynrobert.com\/index.php?rest_route=%2Fwp%2Fv2%2Fmedia&parent=301"}],"curies":[{"name":"wp","href":"https:\/\/api.w.org\/{rel}","templated":true}]}}