{"id":305,"date":"2015-03-30T15:43:24","date_gmt":"2015-03-30T15:43:24","guid":{"rendered":"http:\/\/jocelynrobert.com\/?page_id=305"},"modified":"2015-04-10T15:17:38","modified_gmt":"2015-04-10T15:17:38","slug":"catarina","status":"publish","type":"page","link":"http:\/\/jocelynrobert.com\/?page_id=305","title":{"rendered":"Catarina"},"content":{"rendered":"<section class=\"wpb-content-wrapper\"><p>[vc_row][vc_column width=&#8221;1\/1&#8243;][vc_column_text]<strong>Catarina.<\/strong> 07:37, 2002.<\/p>\n<p>Une installation audio et video : la vid\u00e9o est projet\u00e9e en boucle sur un mur, le son vient d&#8217;un haut-parleur sur le mur oppos\u00e9. Le son commence apr\u00e8s quelques minutes d&#8217;images. Montr\u00e9e pour la premi\u00e8re fois \u00e0 Oboro, Montr\u00e9al, 2002. Cette version-ci est anglophone (voix : Sari Koski-V\u00e4h\u00e4l\u00e4). Il existe aussi une version francophone (voix : Catarina Ry\u00f6ppy). Le projet a d\u00e9j\u00e0 \u00e9t\u00e9 montr\u00e9 avec les deux voix en alternance. Pr\u00e9sent\u00e9e \u00e0 Oboro, Montr\u00e9al et \u00e0 la galerie S\u00e9quence, Saguenay (2002), \u00e0 la Grunt Gallery, Vancouver (2003) et \u00e0 la Galerie Leonard &amp; Bina Ellen, Montr\u00e9al (2004)<\/p>\n<p>An audio and video installation : the video is projected as a loop on a wall, and the audio comes from a loudspeaker on the opposite wall. The sound comes in after a few minutes of video and takes more and more place as the video slows down. First shown at Oboro, in Montreal, 2002. This is the english version (voice : Sari Koski-V\u00e4h\u00e4l\u00e4). There is also a french version (voice Catarina Ry\u00f6ppy). The project has been shown in the past with both versions alternating. Shown at Oboro, Montreal and at S\u00e9quence, Saguenay (2002), at Grunt Gallery, Vancouver (2003) and at Galerie Leonard &amp; Bina Ellen, Montreal (2004)[\/vc_column_text][\/vc_column][\/vc_row][vc_row][vc_column width=&#8221;1\/1&#8243;][vc_video link=&#8221;https:\/\/vimeo.com\/71017636&#8243;][\/vc_column][\/vc_row]<\/p>\n<\/section>","protected":false},"excerpt":{"rendered":"<p>[vc_row][vc_column width=&#8221;1\/1&#8243;][vc_column_text]Catarina. 07:37, 2002. Une installation audio et video : la vid\u00e9o est projet\u00e9e en boucle sur un mur, le son vient d&#8217;un haut-parleur sur le mur oppos\u00e9. Le son commence apr\u00e8s quelques minutes d&#8217;images. Montr\u00e9e pour la premi\u00e8re fois \u00e0 Oboro, Montr\u00e9al, 2002. Cette version-ci est anglophone (voix : Sari Koski-V\u00e4h\u00e4l\u00e4). Il existe aussi &#8230; <a title=\"Catarina\" class=\"read-more\" href=\"http:\/\/jocelynrobert.com\/?page_id=305\" aria-label=\"More on Catarina\">Read more<\/a><\/p>\n","protected":false},"author":1,"featured_media":0,"parent":198,"menu_order":0,"comment_status":"closed","ping_status":"open","template":"","meta":[],"_links":{"self":[{"href":"http:\/\/jocelynrobert.com\/index.php?rest_route=\/wp\/v2\/pages\/305"}],"collection":[{"href":"http:\/\/jocelynrobert.com\/index.php?rest_route=\/wp\/v2\/pages"}],"about":[{"href":"http:\/\/jocelynrobert.com\/index.php?rest_route=\/wp\/v2\/types\/page"}],"author":[{"embeddable":true,"href":"http:\/\/jocelynrobert.com\/index.php?rest_route=\/wp\/v2\/users\/1"}],"replies":[{"embeddable":true,"href":"http:\/\/jocelynrobert.com\/index.php?rest_route=%2Fwp%2Fv2%2Fcomments&post=305"}],"version-history":[{"count":4,"href":"http:\/\/jocelynrobert.com\/index.php?rest_route=\/wp\/v2\/pages\/305\/revisions"}],"predecessor-version":[{"id":1181,"href":"http:\/\/jocelynrobert.com\/index.php?rest_route=\/wp\/v2\/pages\/305\/revisions\/1181"}],"up":[{"embeddable":true,"href":"http:\/\/jocelynrobert.com\/index.php?rest_route=\/wp\/v2\/pages\/198"}],"wp:attachment":[{"href":"http:\/\/jocelynrobert.com\/index.php?rest_route=%2Fwp%2Fv2%2Fmedia&parent=305"}],"curies":[{"name":"wp","href":"https:\/\/api.w.org\/{rel}","templated":true}]}}