{"id":320,"date":"2015-03-30T18:24:26","date_gmt":"2015-03-30T18:24:26","guid":{"rendered":"http:\/\/jocelynrobert.com\/?page_id=320"},"modified":"2015-03-30T18:27:24","modified_gmt":"2015-03-30T18:27:24","slug":"kyoto","status":"publish","type":"page","link":"http:\/\/jocelynrobert.com\/?page_id=320","title":{"rendered":"Kyoto"},"content":{"rendered":"<section class=\"wpb-content-wrapper\"><p>[vc_row][vc_column width=&#8221;1\/1&#8243;][vc_video link=&#8221;https:\/\/vimeo.com\/70783978&#8243;][\/vc_column][\/vc_row][vc_row][vc_column width=&#8221;1\/1&#8243;][vc_column_text]<strong>Kyoto.<\/strong> Tableau vid\u00e9o \/ loop 00:18, 2005.<\/p>\n<p>Une installation vid\u00e9o silencieuse : la courte boucle vid\u00e9o est projet\u00e9e sous un bureau. Une situation sym\u00e9trique artificielle o\u00f9 personne ne se rencontre jamais.<\/p>\n<p>A silent video installation : the short video loop is projected under an office desk. An artificial symetrical situation where people never meet.[\/vc_column_text][\/vc_column][\/vc_row]<\/p>\n<\/section>","protected":false},"excerpt":{"rendered":"<p>[vc_row][vc_column width=&#8221;1\/1&#8243;][vc_video link=&#8221;https:\/\/vimeo.com\/70783978&#8243;][\/vc_column][\/vc_row][vc_row][vc_column width=&#8221;1\/1&#8243;][vc_column_text]Kyoto. Tableau vid\u00e9o \/ loop 00:18, 2005. Une installation vid\u00e9o silencieuse : la courte boucle vid\u00e9o est projet\u00e9e sous un bureau. Une situation sym\u00e9trique artificielle o\u00f9 personne ne se rencontre jamais. A silent video installation : the short video loop is projected under an office desk. An artificial symetrical situation where people &#8230; <a title=\"Kyoto\" class=\"read-more\" href=\"http:\/\/jocelynrobert.com\/?page_id=320\" aria-label=\"More on Kyoto\">Read more<\/a><\/p>\n","protected":false},"author":1,"featured_media":0,"parent":198,"menu_order":0,"comment_status":"closed","ping_status":"open","template":"","meta":[],"_links":{"self":[{"href":"http:\/\/jocelynrobert.com\/index.php?rest_route=\/wp\/v2\/pages\/320"}],"collection":[{"href":"http:\/\/jocelynrobert.com\/index.php?rest_route=\/wp\/v2\/pages"}],"about":[{"href":"http:\/\/jocelynrobert.com\/index.php?rest_route=\/wp\/v2\/types\/page"}],"author":[{"embeddable":true,"href":"http:\/\/jocelynrobert.com\/index.php?rest_route=\/wp\/v2\/users\/1"}],"replies":[{"embeddable":true,"href":"http:\/\/jocelynrobert.com\/index.php?rest_route=%2Fwp%2Fv2%2Fcomments&post=320"}],"version-history":[{"count":2,"href":"http:\/\/jocelynrobert.com\/index.php?rest_route=\/wp\/v2\/pages\/320\/revisions"}],"predecessor-version":[{"id":322,"href":"http:\/\/jocelynrobert.com\/index.php?rest_route=\/wp\/v2\/pages\/320\/revisions\/322"}],"up":[{"embeddable":true,"href":"http:\/\/jocelynrobert.com\/index.php?rest_route=\/wp\/v2\/pages\/198"}],"wp:attachment":[{"href":"http:\/\/jocelynrobert.com\/index.php?rest_route=%2Fwp%2Fv2%2Fmedia&parent=320"}],"curies":[{"name":"wp","href":"https:\/\/api.w.org\/{rel}","templated":true}]}}