{"id":328,"date":"2015-03-30T18:49:17","date_gmt":"2015-03-30T18:49:17","guid":{"rendered":"http:\/\/jocelynrobert.com\/?page_id=328"},"modified":"2015-03-30T19:06:49","modified_gmt":"2015-03-30T19:06:49","slug":"colville","status":"publish","type":"page","link":"http:\/\/jocelynrobert.com\/?page_id=328","title":{"rendered":"Colville"},"content":{"rendered":"<section class=\"wpb-content-wrapper\"><p>[vc_row][vc_column width=&#8221;1\/1&#8243;][vc_video link=&#8221;https:\/\/vimeo.com\/123633959&#8243;][\/vc_column][\/vc_row][vc_row][vc_column width=&#8221;1\/1&#8243;][vc_column_text]<strong>Colville.<\/strong> Tableau vid\u00e9o \/ loop 01:00, 1996.<\/p>\n<p>Un tableau vid\u00e9o con\u00e7u pour \u00eatre montr\u00e9 en boucle sur \u00e9cran plat.<\/p>\n<p>A &#8220;tableau&#8221; video to be shown in loop on flat screen.[\/vc_column_text][\/vc_column][\/vc_row]<\/p>\n<\/section>","protected":false},"excerpt":{"rendered":"<p>[vc_row][vc_column width=&#8221;1\/1&#8243;][vc_video link=&#8221;https:\/\/vimeo.com\/123633959&#8243;][\/vc_column][\/vc_row][vc_row][vc_column width=&#8221;1\/1&#8243;][vc_column_text]Colville. Tableau vid\u00e9o \/ loop 01:00, 1996. Un tableau vid\u00e9o con\u00e7u pour \u00eatre montr\u00e9 en boucle sur \u00e9cran plat. A &#8220;tableau&#8221; video to be shown in loop on flat screen.[\/vc_column_text][\/vc_column][\/vc_row]<\/p>\n","protected":false},"author":1,"featured_media":0,"parent":198,"menu_order":0,"comment_status":"closed","ping_status":"open","template":"","meta":[],"_links":{"self":[{"href":"http:\/\/jocelynrobert.com\/index.php?rest_route=\/wp\/v2\/pages\/328"}],"collection":[{"href":"http:\/\/jocelynrobert.com\/index.php?rest_route=\/wp\/v2\/pages"}],"about":[{"href":"http:\/\/jocelynrobert.com\/index.php?rest_route=\/wp\/v2\/types\/page"}],"author":[{"embeddable":true,"href":"http:\/\/jocelynrobert.com\/index.php?rest_route=\/wp\/v2\/users\/1"}],"replies":[{"embeddable":true,"href":"http:\/\/jocelynrobert.com\/index.php?rest_route=%2Fwp%2Fv2%2Fcomments&post=328"}],"version-history":[{"count":3,"href":"http:\/\/jocelynrobert.com\/index.php?rest_route=\/wp\/v2\/pages\/328\/revisions"}],"predecessor-version":[{"id":332,"href":"http:\/\/jocelynrobert.com\/index.php?rest_route=\/wp\/v2\/pages\/328\/revisions\/332"}],"up":[{"embeddable":true,"href":"http:\/\/jocelynrobert.com\/index.php?rest_route=\/wp\/v2\/pages\/198"}],"wp:attachment":[{"href":"http:\/\/jocelynrobert.com\/index.php?rest_route=%2Fwp%2Fv2%2Fmedia&parent=328"}],"curies":[{"name":"wp","href":"https:\/\/api.w.org\/{rel}","templated":true}]}}