{"id":47,"date":"2015-03-26T15:16:08","date_gmt":"2015-03-26T15:16:08","guid":{"rendered":"http:\/\/jocelynrobert.com\/?page_id=47"},"modified":"2025-12-27T21:39:49","modified_gmt":"2025-12-27T21:39:49","slug":"courses-racing","status":"publish","type":"page","link":"http:\/\/jocelynrobert.com\/?page_id=47","title":{"rendered":"Course \/ Racing"},"content":{"rendered":"<section class=\"wpb-content-wrapper\"><p>[vc_row][vc_column][vc_column_text]Saison 2025 avec SAAS Karting &#8211; Rotax &#8211; masters[\/vc_column_text][\/vc_column][\/vc_row][vc_row][vc_column width=&#8221;1\/3&#8243;][vc_single_image image=&#8221;1905&#8243; img_size=&#8221;large&#8221; alignment=&#8221;center&#8221;][\/vc_column][vc_column width=&#8221;1\/3&#8243;][vc_single_image image=&#8221;1906&#8243; img_size=&#8221;large&#8221; alignment=&#8221;center&#8221;][\/vc_column][vc_column width=&#8221;1\/3&#8243;][vc_single_image image=&#8221;1907&#8243; img_size=&#8221;large&#8221; alignment=&#8221;center&#8221;][\/vc_column][vc_column][vc_column_text]Coupe de Montr\u00e9al 2021 &#8211; Briggs &amp; Stratton &#8211; Masters[\/vc_column_text][\/vc_column][\/vc_row][vc_row][vc_column width=&#8221;1\/3&#8243;][vc_single_image image=&#8221;1730&#8243; img_size=&#8221;large&#8221; alignment=&#8221;center&#8221;][\/vc_column][vc_column width=&#8221;1\/3&#8243;][vc_single_image image=&#8221;1732&#8243; img_size=&#8221;large&#8221; alignment=&#8221;center&#8221;][\/vc_column][vc_column width=&#8221;1\/3&#8243;][vc_single_image image=&#8221;1733&#8243; img_size=&#8221;large&#8221; alignment=&#8221;center&#8221;][\/vc_column][vc_column][vc_column_text]Palm Beach International Racing 2016 &#8211; Center with Divina Galica[\/vc_column_text][\/vc_column][\/vc_row][vc_row][vc_column width=&#8221;1\/3&#8243;][vc_single_image image=&#8221;1495&#8243; img_size=&#8221;large&#8221; alignment=&#8221;center&#8221;][\/vc_column][vc_column width=&#8221;1\/3&#8243;][vc_single_image image=&#8221;1499&#8243; img_size=&#8221;medium&#8221; alignment=&#8221;center&#8221;][\/vc_column][vc_column width=&#8221;1\/3&#8243;][vc_single_image image=&#8221;1497&#8243; img_size=&#8221;large&#8221; alignment=&#8221;center&#8221;][\/vc_column][\/vc_row][vc_row][vc_column][vc_single_image image=&#8221;1500&#8243; img_size=&#8221;full&#8221; alignment=&#8221;center&#8221;][\/vc_column][\/vc_row][vc_row][vc_column][vc_column_text]2\u00e8me \u00e0 Laguna Seca, Skip Barber Summer Series, 2015[\/vc_column_text][\/vc_column][\/vc_row][vc_row][vc_column width=&#8221;1\/3&#8243;][vc_single_image image=&#8221;1347&#8243; img_size=&#8221;large&#8221; alignment=&#8221;center&#8221;][\/vc_column][vc_column width=&#8221;1\/3&#8243;][vc_single_image image=&#8221;1348&#8243; img_size=&#8221;large&#8221; alignment=&#8221;center&#8221;][\/vc_column][vc_column width=&#8221;1\/3&#8243;][vc_single_image image=&#8221;1349&#8243; img_size=&#8221;large&#8221; alignment=&#8221;center&#8221;][\/vc_column][\/vc_row][vc_row][vc_column width=&#8221;1\/3&#8243;][vc_single_image image=&#8221;1343&#8243; img_size=&#8221;large&#8221; alignment=&#8221;center&#8221;][\/vc_column][vc_column width=&#8221;1\/3&#8243;][vc_single_image image=&#8221;1345&#8243; img_size=&#8221;large&#8221; alignment=&#8221;center&#8221;][\/vc_column][vc_column width=&#8221;1\/3&#8243;][vc_single_image image=&#8221;1346&#8243; img_size=&#8221;large&#8221; alignment=&#8221;center&#8221;][\/vc_column][\/vc_row][vc_row][vc_column][vc_column_text]Lime Rock, Skip Barber Summer Series, 2015[\/vc_column_text][vc_single_image image=&#8221;1312&#8243; img_size=&#8221;large&#8221; alignment=&#8221;center&#8221;][\/vc_column][\/vc_row][vc_row][vc_column width=&#8221;1\/3&#8243;][vc_single_image image=&#8221;1316&#8243; img_size=&#8221;large&#8221; alignment=&#8221;center&#8221;][\/vc_column][vc_column width=&#8221;1\/3&#8243;][vc_single_image image=&#8221;1315&#8243; img_size=&#8221;large&#8221; alignment=&#8221;center&#8221;][\/vc_column][vc_column width=&#8221;1\/3&#8243;][vc_single_image image=&#8221;1317&#8243; img_size=&#8221;large&#8221; alignment=&#8221;center&#8221;][\/vc_column][\/vc_row][vc_row][vc_column][vc_column_text]<\/p>\n<p style=\"text-align: left;\">3\u00e8me \u00e0 la Course de Qu\u00e9bec du Championnat Mus\u00e9e Gilles-Villeneuve 2015 (photo <a href=\"http:\/\/www.museegillesvilleneuve.com\/\" target=\"_blank\" rel=\"noopener\">Mus\u00e9e Gilles-Villeneuve<\/a>)<\/p>\n<p style=\"text-align: left;\"><a href=\"http:\/\/jocelynrobert.com\/wp-content\/uploads\/2015\/03\/19182_10153250616247845_4809865950254632826_n.jpg\"><img decoding=\"async\" loading=\"lazy\" class=\"alignnone wp-image-108\" src=\"http:\/\/jocelynrobert.com\/wp-content\/uploads\/2015\/03\/19182_10153250616247845_4809865950254632826_n.jpg\" alt=\"19182_10153250616247845_4809865950254632826_n\" width=\"221\" height=\"309\" srcset=\"http:\/\/jocelynrobert.com\/wp-content\/uploads\/2015\/03\/19182_10153250616247845_4809865950254632826_n.jpg 688w, http:\/\/jocelynrobert.com\/wp-content\/uploads\/2015\/03\/19182_10153250616247845_4809865950254632826_n-215x300.jpg 215w\" sizes=\"(max-width: 221px) 100vw, 221px\" \/>\u00a0 <\/a><a href=\"http:\/\/jocelynrobert.com\/wp-content\/uploads\/2015\/03\/DSC03640.jpeg\"><img decoding=\"async\" loading=\"lazy\" class=\"alignnone wp-image-109\" src=\"http:\/\/jocelynrobert.com\/wp-content\/uploads\/2015\/03\/DSC03640.jpeg\" alt=\"DSC03640\" width=\"413\" height=\"310\" srcset=\"http:\/\/jocelynrobert.com\/wp-content\/uploads\/2015\/03\/DSC03640.jpeg 640w, http:\/\/jocelynrobert.com\/wp-content\/uploads\/2015\/03\/DSC03640-300x225.jpeg 300w\" sizes=\"(max-width: 413px) 100vw, 413px\" \/><\/a><\/p>\n<p style=\"text-align: left;\">9\u00e8me \u00e0 Laguna Seca, Skip Barber Summer Series, Masters, 2014<\/p>\n<p style=\"text-align: left;\"><a href=\"http:\/\/jocelynrobert.com\/wp-content\/uploads\/2015\/03\/P1000031b-H275.jpg\"><img decoding=\"async\" loading=\"lazy\" class=\"alignnone wp-image-129\" src=\"http:\/\/jocelynrobert.com\/wp-content\/uploads\/2015\/03\/P1000031b-H275.jpg\" alt=\"P1000031b-H275\" width=\"445\" height=\"341\" srcset=\"http:\/\/jocelynrobert.com\/wp-content\/uploads\/2015\/03\/P1000031b-H275.jpg 359w, http:\/\/jocelynrobert.com\/wp-content\/uploads\/2015\/03\/P1000031b-H275-300x230.jpg 300w\" sizes=\"(max-width: 445px) 100vw, 445px\" \/><\/a><a href=\"http:\/\/jocelynrobert.com\/wp-content\/uploads\/2015\/03\/P1000034-H275.jpg\">\u00a0 <img decoding=\"async\" loading=\"lazy\" class=\"alignnone wp-image-128\" src=\"http:\/\/jocelynrobert.com\/wp-content\/uploads\/2015\/03\/P1000034-H275.jpg\" alt=\"P1000034-H275\" width=\"454\" height=\"340\" srcset=\"http:\/\/jocelynrobert.com\/wp-content\/uploads\/2015\/03\/P1000034-H275.jpg 367w, http:\/\/jocelynrobert.com\/wp-content\/uploads\/2015\/03\/P1000034-H275-300x225.jpg 300w\" sizes=\"(max-width: 454px) 100vw, 454px\" \/><\/a><\/p>\n<p style=\"text-align: left;\">\u00c9v\u00e9nement B\u00e9n\u00e9fice Fondation Gilles K\u00e8gle, KCR, 2014 (Photos \u00a9Pierre B\u00e9land)<\/p>\n<p style=\"text-align: left;\"><a href=\"http:\/\/jocelynrobert.com\/wp-content\/uploads\/2015\/03\/10670169_10152761677257845_2273624804121418404_n.jpg\"><img decoding=\"async\" loading=\"lazy\" class=\"alignnone wp-image-131\" src=\"http:\/\/jocelynrobert.com\/wp-content\/uploads\/2015\/03\/10670169_10152761677257845_2273624804121418404_n.jpg\" alt=\"10670169_10152761677257845_2273624804121418404_n\" width=\"501\" height=\"381\" srcset=\"http:\/\/jocelynrobert.com\/wp-content\/uploads\/2015\/03\/10670169_10152761677257845_2273624804121418404_n.jpg 960w, http:\/\/jocelynrobert.com\/wp-content\/uploads\/2015\/03\/10670169_10152761677257845_2273624804121418404_n-300x228.jpg 300w\" sizes=\"(max-width: 501px) 100vw, 501px\" \/><\/a><a href=\"http:\/\/jocelynrobert.com\/wp-content\/uploads\/2015\/03\/10678531_10152761677277845_8396750467396296423_n.jpg\">\u00a0 <img decoding=\"async\" loading=\"lazy\" class=\"alignnone wp-image-134\" src=\"http:\/\/jocelynrobert.com\/wp-content\/uploads\/2015\/03\/10678531_10152761677277845_8396750467396296423_n.jpg\" alt=\"10678531_10152761677277845_8396750467396296423_n\" width=\"396\" height=\"380\" srcset=\"http:\/\/jocelynrobert.com\/wp-content\/uploads\/2015\/03\/10678531_10152761677277845_8396750467396296423_n.jpg 865w, http:\/\/jocelynrobert.com\/wp-content\/uploads\/2015\/03\/10678531_10152761677277845_8396750467396296423_n-300x288.jpg 300w\" sizes=\"(max-width: 396px) 100vw, 396px\" \/><\/a><\/p>\n<p style=\"text-align: left;\"><a href=\"http:\/\/jocelynrobert.com\/wp-content\/uploads\/2015\/03\/10350611_10152762726857845_9088038386091817201_n.jpg\"><img decoding=\"async\" loading=\"lazy\" class=\"alignnone wp-image-132\" src=\"http:\/\/jocelynrobert.com\/wp-content\/uploads\/2015\/03\/10350611_10152762726857845_9088038386091817201_n.jpg\" alt=\"10350611_10152762726857845_9088038386091817201_n\" width=\"417\" height=\"312\" srcset=\"http:\/\/jocelynrobert.com\/wp-content\/uploads\/2015\/03\/10350611_10152762726857845_9088038386091817201_n.jpg 960w, http:\/\/jocelynrobert.com\/wp-content\/uploads\/2015\/03\/10350611_10152762726857845_9088038386091817201_n-300x225.jpg 300w\" sizes=\"(max-width: 417px) 100vw, 417px\" \/><\/a><a href=\"http:\/\/jocelynrobert.com\/wp-content\/uploads\/2015\/03\/10308163_10152762726892845_8452640831448287457_n.jpg\">\u00a0 <img decoding=\"async\" loading=\"lazy\" class=\"alignnone wp-image-133\" src=\"http:\/\/jocelynrobert.com\/wp-content\/uploads\/2015\/03\/10308163_10152762726892845_8452640831448287457_n.jpg\" alt=\"10308163_10152762726892845_8452640831448287457_n\" width=\"479\" height=\"312\" srcset=\"http:\/\/jocelynrobert.com\/wp-content\/uploads\/2015\/03\/10308163_10152762726892845_8452640831448287457_n.jpg 960w, http:\/\/jocelynrobert.com\/wp-content\/uploads\/2015\/03\/10308163_10152762726892845_8452640831448287457_n-300x196.jpg 300w\" sizes=\"(max-width: 479px) 100vw, 479px\" \/><\/a><\/p>\n<p style=\"text-align: left;\">Palm Beach International Raceway, Skip Barber Summer Series, 2013<\/p>\n<p style=\"text-align: left;\"><a href=\"http:\/\/jocelynrobert.com\/wp-content\/uploads\/2015\/03\/Jocelyn037-H275.jpg\"><img decoding=\"async\" loading=\"lazy\" class=\"alignnone wp-image-118\" src=\"http:\/\/jocelynrobert.com\/wp-content\/uploads\/2015\/03\/Jocelyn037-H275.jpg\" alt=\"Jocelyn037-H275\" width=\"168\" height=\"252\" \/>\u00a0 <\/a><a href=\"http:\/\/jocelynrobert.com\/wp-content\/uploads\/2015\/03\/corner029-crop-H275.jpg\"><img decoding=\"async\" loading=\"lazy\" class=\"alignnone wp-image-116\" src=\"http:\/\/jocelynrobert.com\/wp-content\/uploads\/2015\/03\/corner029-crop-H275.jpg\" alt=\"corner029-crop-H275\" width=\"559\" height=\"252\" srcset=\"http:\/\/jocelynrobert.com\/wp-content\/uploads\/2015\/03\/corner029-crop-H275.jpg 610w, http:\/\/jocelynrobert.com\/wp-content\/uploads\/2015\/03\/corner029-crop-H275-300x135.jpg 300w\" sizes=\"(max-width: 559px) 100vw, 559px\" \/>\u00a0 <\/a><a href=\"http:\/\/jocelynrobert.com\/wp-content\/uploads\/2015\/03\/Jocelyn012-H275.jpg\"><img decoding=\"async\" loading=\"lazy\" class=\"alignnone wp-image-117\" src=\"http:\/\/jocelynrobert.com\/wp-content\/uploads\/2015\/03\/Jocelyn012-H275.jpg\" alt=\"Jocelyn012-H275\" width=\"167\" height=\"251\" \/>\u00a0 <\/a><a href=\"http:\/\/jocelynrobert.com\/wp-content\/uploads\/2015\/03\/Jocelyn045-H275.jpg\"><img decoding=\"async\" loading=\"lazy\" class=\"alignnone wp-image-119\" src=\"http:\/\/jocelynrobert.com\/wp-content\/uploads\/2015\/03\/Jocelyn045-H275.jpg\" alt=\"Jocelyn045-H275\" width=\"173\" height=\"260\" \/>\u00a0 <\/a><a href=\"http:\/\/jocelynrobert.com\/wp-content\/uploads\/2015\/03\/Jocelyn050-H275.jpg\"><img decoding=\"async\" loading=\"lazy\" class=\"alignnone wp-image-120\" src=\"http:\/\/jocelynrobert.com\/wp-content\/uploads\/2015\/03\/Jocelyn050-H275.jpg\" alt=\"Jocelyn050-H275\" width=\"391\" height=\"260\" srcset=\"http:\/\/jocelynrobert.com\/wp-content\/uploads\/2015\/03\/Jocelyn050-H275.jpg 414w, http:\/\/jocelynrobert.com\/wp-content\/uploads\/2015\/03\/Jocelyn050-H275-300x199.jpg 300w\" sizes=\"(max-width: 391px) 100vw, 391px\" \/>\u00a0 <\/a><a href=\"http:\/\/jocelynrobert.com\/wp-content\/uploads\/2015\/03\/Jocelyn057-cropH275.jpg\"><img decoding=\"async\" loading=\"lazy\" class=\"alignnone wp-image-121\" src=\"http:\/\/jocelynrobert.com\/wp-content\/uploads\/2015\/03\/Jocelyn057-cropH275.jpg\" alt=\"Jocelyn057-cropH275\" width=\"360\" height=\"260\" srcset=\"http:\/\/jocelynrobert.com\/wp-content\/uploads\/2015\/03\/Jocelyn057-cropH275.jpg 381w, http:\/\/jocelynrobert.com\/wp-content\/uploads\/2015\/03\/Jocelyn057-cropH275-300x217.jpg 300w\" sizes=\"(max-width: 360px) 100vw, 360px\" \/><\/a><\/p>\n<p style=\"text-align: left;\">Laguna Seca, Skip Barber Summer Series, 2-Day Advanced Racing School, 2010<\/p>\n<p style=\"text-align: left;\"><a href=\"http:\/\/jocelynrobert.com\/wp-content\/uploads\/2015\/03\/191534_10150166876257845_4074638_o.jpg\"><img decoding=\"async\" loading=\"lazy\" class=\"alignnone wp-image-139\" src=\"http:\/\/jocelynrobert.com\/wp-content\/uploads\/2015\/03\/191534_10150166876257845_4074638_o.jpg\" alt=\"191534_10150166876257845_4074638_o\" width=\"589\" height=\"377\" srcset=\"http:\/\/jocelynrobert.com\/wp-content\/uploads\/2015\/03\/191534_10150166876257845_4074638_o.jpg 900w, http:\/\/jocelynrobert.com\/wp-content\/uploads\/2015\/03\/191534_10150166876257845_4074638_o-300x192.jpg 300w\" sizes=\"(max-width: 589px) 100vw, 589px\" \/><\/a><a href=\"http:\/\/jocelynrobert.com\/wp-content\/uploads\/2015\/03\/laguna-seca-crop.png\">\u00a0 <img decoding=\"async\" loading=\"lazy\" class=\"alignnone wp-image-141\" src=\"http:\/\/jocelynrobert.com\/wp-content\/uploads\/2015\/03\/laguna-seca-crop.png\" alt=\"laguna seca crop\" width=\"334\" height=\"378\" srcset=\"http:\/\/jocelynrobert.com\/wp-content\/uploads\/2015\/03\/laguna-seca-crop.png 996w, http:\/\/jocelynrobert.com\/wp-content\/uploads\/2015\/03\/laguna-seca-crop-265x300.png 265w, http:\/\/jocelynrobert.com\/wp-content\/uploads\/2015\/03\/laguna-seca-crop-905x1024.png 905w\" sizes=\"(max-width: 334px) 100vw, 334px\" \/><\/a><\/p>\n<p style=\"text-align: left;\">Laguna Seca, Skip Barber Summer Series, 3-Day Introduction to Racing, 2009<\/p>\n<p style=\"text-align: left;\"><a href=\"http:\/\/jocelynrobert.com\/wp-content\/uploads\/2015\/03\/IMG_2231b.jpg\"><img decoding=\"async\" loading=\"lazy\" class=\"alignnone wp-image-148\" src=\"http:\/\/jocelynrobert.com\/wp-content\/uploads\/2015\/03\/IMG_2231b.jpg\" alt=\"IMG_2231b\" width=\"463\" height=\"309\" srcset=\"http:\/\/jocelynrobert.com\/wp-content\/uploads\/2015\/03\/IMG_2231b.jpg 400w, http:\/\/jocelynrobert.com\/wp-content\/uploads\/2015\/03\/IMG_2231b-300x200.jpg 300w\" sizes=\"(max-width: 463px) 100vw, 463px\" \/><\/a><a href=\"http:\/\/jocelynrobert.com\/wp-content\/uploads\/2015\/03\/IMG_1947b.jpg\">\u00a0 <img decoding=\"async\" loading=\"lazy\" class=\"alignnone wp-image-150\" src=\"http:\/\/jocelynrobert.com\/wp-content\/uploads\/2015\/03\/IMG_1947b.jpg\" alt=\"IMG_1947b\" width=\"463\" height=\"309\" srcset=\"http:\/\/jocelynrobert.com\/wp-content\/uploads\/2015\/03\/IMG_1947b.jpg 400w, http:\/\/jocelynrobert.com\/wp-content\/uploads\/2015\/03\/IMG_1947b-300x200.jpg 300w\" sizes=\"(max-width: 463px) 100vw, 463px\" \/><\/a><\/p>\n<p style=\"text-align: left;\"><a href=\"http:\/\/jocelynrobert.com\/wp-content\/uploads\/2015\/03\/IMG_1900b.jpg\"><img decoding=\"async\" loading=\"lazy\" class=\"alignnone wp-image-151\" src=\"http:\/\/jocelynrobert.com\/wp-content\/uploads\/2015\/03\/IMG_1900b.jpg\" alt=\"IMG_1900b\" width=\"461\" height=\"692\" srcset=\"http:\/\/jocelynrobert.com\/wp-content\/uploads\/2015\/03\/IMG_1900b.jpg 400w, http:\/\/jocelynrobert.com\/wp-content\/uploads\/2015\/03\/IMG_1900b-200x300.jpg 200w\" sizes=\"(max-width: 461px) 100vw, 461px\" \/><\/a><a href=\"http:\/\/jocelynrobert.com\/wp-content\/uploads\/2015\/03\/IMG_1590b.jpg\">\u00a0 <img decoding=\"async\" loading=\"lazy\" class=\"alignnone wp-image-152\" src=\"http:\/\/jocelynrobert.com\/wp-content\/uploads\/2015\/03\/IMG_1590b.jpg\" alt=\"IMG_1590b\" width=\"460\" height=\"691\" srcset=\"http:\/\/jocelynrobert.com\/wp-content\/uploads\/2015\/03\/IMG_1590b.jpg 400w, http:\/\/jocelynrobert.com\/wp-content\/uploads\/2015\/03\/IMG_1590b-200x300.jpg 200w\" sizes=\"(max-width: 460px) 100vw, 460px\" \/><\/a><\/p>\n<p>[\/vc_column_text][\/vc_column][\/vc_row][vc_row][vc_column][\/vc_column][vc_row_inner][vc_column_inner][\/vc_column_inner][\/vc_row_inner][\/vc_row][vc_row][vc_column][\/vc_column][vc_row_inner][vc_column_inner][\/vc_column_inner][\/vc_row_inner][\/vc_row]<\/p>\n<\/section>","protected":false},"excerpt":{"rendered":"<p>[vc_row][vc_column][vc_column_text]Saison 2025 avec SAAS Karting &#8211; Rotax &#8211; masters[\/vc_column_text][\/vc_column][\/vc_row][vc_row][vc_column width=&#8221;1\/3&#8243;][vc_single_image image=&#8221;1905&#8243; img_size=&#8221;large&#8221; alignment=&#8221;center&#8221;][\/vc_column][vc_column width=&#8221;1\/3&#8243;][vc_single_image image=&#8221;1906&#8243; img_size=&#8221;large&#8221; alignment=&#8221;center&#8221;][\/vc_column][vc_column width=&#8221;1\/3&#8243;][vc_single_image image=&#8221;1907&#8243; img_size=&#8221;large&#8221; alignment=&#8221;center&#8221;][\/vc_column][vc_column][vc_column_text]Coupe de Montr\u00e9al 2021 &#8211; Briggs &amp; Stratton &#8211; Masters[\/vc_column_text][\/vc_column][\/vc_row][vc_row][vc_column width=&#8221;1\/3&#8243;][vc_single_image image=&#8221;1730&#8243; img_size=&#8221;large&#8221; alignment=&#8221;center&#8221;][\/vc_column][vc_column width=&#8221;1\/3&#8243;][vc_single_image image=&#8221;1732&#8243; img_size=&#8221;large&#8221; alignment=&#8221;center&#8221;][\/vc_column][vc_column width=&#8221;1\/3&#8243;][vc_single_image image=&#8221;1733&#8243; img_size=&#8221;large&#8221; alignment=&#8221;center&#8221;][\/vc_column][vc_column][vc_column_text]Palm Beach International Racing 2016 &#8211; Center with Divina Galica[\/vc_column_text][\/vc_column][\/vc_row][vc_row][vc_column width=&#8221;1\/3&#8243;][vc_single_image image=&#8221;1495&#8243; img_size=&#8221;large&#8221; alignment=&#8221;center&#8221;][\/vc_column][vc_column &#8230; <a title=\"Course \/ Racing\" class=\"read-more\" href=\"http:\/\/jocelynrobert.com\/?page_id=47\" aria-label=\"More on Course \/ Racing\">Read more<\/a><\/p>\n","protected":false},"author":1,"featured_media":0,"parent":0,"menu_order":0,"comment_status":"closed","ping_status":"closed","template":"","meta":[],"_links":{"self":[{"href":"http:\/\/jocelynrobert.com\/index.php?rest_route=\/wp\/v2\/pages\/47"}],"collection":[{"href":"http:\/\/jocelynrobert.com\/index.php?rest_route=\/wp\/v2\/pages"}],"about":[{"href":"http:\/\/jocelynrobert.com\/index.php?rest_route=\/wp\/v2\/types\/page"}],"author":[{"embeddable":true,"href":"http:\/\/jocelynrobert.com\/index.php?rest_route=\/wp\/v2\/users\/1"}],"replies":[{"embeddable":true,"href":"http:\/\/jocelynrobert.com\/index.php?rest_route=%2Fwp%2Fv2%2Fcomments&post=47"}],"version-history":[{"count":53,"href":"http:\/\/jocelynrobert.com\/index.php?rest_route=\/wp\/v2\/pages\/47\/revisions"}],"predecessor-version":[{"id":1908,"href":"http:\/\/jocelynrobert.com\/index.php?rest_route=\/wp\/v2\/pages\/47\/revisions\/1908"}],"wp:attachment":[{"href":"http:\/\/jocelynrobert.com\/index.php?rest_route=%2Fwp%2Fv2%2Fmedia&parent=47"}],"curies":[{"name":"wp","href":"https:\/\/api.w.org\/{rel}","templated":true}]}}