{"id":560,"date":"2015-04-03T19:55:45","date_gmt":"2015-04-03T19:55:45","guid":{"rendered":"http:\/\/jocelynrobert.com\/?page_id=560"},"modified":"2015-04-03T20:08:57","modified_gmt":"2015-04-03T20:08:57","slug":"quelques-detours-pour-piano-seul","status":"publish","type":"page","link":"http:\/\/jocelynrobert.com\/?page_id=560","title":{"rendered":"Quelques d\u00e9tours pour piano seul"},"content":{"rendered":"<section class=\"wpb-content-wrapper\"><p>[vc_row][vc_column][vc_column_text]Un concert de piano lors du <a href=\"http:\/\/mmrectoverso.org\/fr\/mois-multi\/editions-precedentes\/mois-multi-15\/spectacles\/quelques-detours-pour-piano-seul\/\">Mois Multi<\/a>, \u00e0 Qu\u00e9bec en f\u00e9vrier 2014.<\/p>\n<p>A piano concert as part of <a href=\"http:\/\/mmrectoverso.org\/fr\/mois-multi\/editions-precedentes\/mois-multi-15\/spectacles\/quelques-detours-pour-piano-seul\/\">Mois Multi<\/a> Festival, Quebec, February 2014.[\/vc_column_text][\/vc_column][vc_column width=&#8221;1\/1&#8243;][vc_video link=&#8221;https:\/\/www.youtube.com\/watch?v=_be2kMRT7_E&#8221;][vc_column_text]Une entrevue au sujet du concert \/ An interview about the concert.[\/vc_column_text][vc_separator color=&#8221;grey&#8221;][vc_single_image border_color=&#8221;grey&#8221; img_link_target=&#8221;_self&#8221; image=&#8221;563&#8243; img_size=&#8221;full&#8221; alignment=&#8221;center&#8221; img_link_large=&#8221;&#8221;][vc_separator color=&#8221;grey&#8221;][\/vc_column][\/vc_row]<\/p>\n<\/section>","protected":false},"excerpt":{"rendered":"<p>[vc_row][vc_column][vc_column_text]Un concert de piano lors du Mois Multi, \u00e0 Qu\u00e9bec en f\u00e9vrier 2014. A piano concert as part of Mois Multi Festival, Quebec, February 2014.[\/vc_column_text][\/vc_column][vc_column width=&#8221;1\/1&#8243;][vc_video link=&#8221;https:\/\/www.youtube.com\/watch?v=_be2kMRT7_E&#8221;][vc_column_text]Une entrevue au sujet du concert \/ An interview about the concert.[\/vc_column_text][vc_separator color=&#8221;grey&#8221;][vc_single_image border_color=&#8221;grey&#8221; img_link_target=&#8221;_self&#8221; image=&#8221;563&#8243; img_size=&#8221;full&#8221; alignment=&#8221;center&#8221; img_link_large=&#8221;&#8221;][vc_separator color=&#8221;grey&#8221;][\/vc_column][\/vc_row]<\/p>\n","protected":false},"author":1,"featured_media":0,"parent":545,"menu_order":0,"comment_status":"closed","ping_status":"open","template":"","meta":[],"_links":{"self":[{"href":"http:\/\/jocelynrobert.com\/index.php?rest_route=\/wp\/v2\/pages\/560"}],"collection":[{"href":"http:\/\/jocelynrobert.com\/index.php?rest_route=\/wp\/v2\/pages"}],"about":[{"href":"http:\/\/jocelynrobert.com\/index.php?rest_route=\/wp\/v2\/types\/page"}],"author":[{"embeddable":true,"href":"http:\/\/jocelynrobert.com\/index.php?rest_route=\/wp\/v2\/users\/1"}],"replies":[{"embeddable":true,"href":"http:\/\/jocelynrobert.com\/index.php?rest_route=%2Fwp%2Fv2%2Fcomments&post=560"}],"version-history":[{"count":4,"href":"http:\/\/jocelynrobert.com\/index.php?rest_route=\/wp\/v2\/pages\/560\/revisions"}],"predecessor-version":[{"id":566,"href":"http:\/\/jocelynrobert.com\/index.php?rest_route=\/wp\/v2\/pages\/560\/revisions\/566"}],"up":[{"embeddable":true,"href":"http:\/\/jocelynrobert.com\/index.php?rest_route=\/wp\/v2\/pages\/545"}],"wp:attachment":[{"href":"http:\/\/jocelynrobert.com\/index.php?rest_route=%2Fwp%2Fv2%2Fmedia&parent=560"}],"curies":[{"name":"wp","href":"https:\/\/api.w.org\/{rel}","templated":true}]}}