{"id":571,"date":"2015-04-03T20:16:20","date_gmt":"2015-04-03T20:16:20","guid":{"rendered":"http:\/\/jocelynrobert.com\/?page_id=571"},"modified":"2015-04-03T20:23:59","modified_gmt":"2015-04-03T20:23:59","slug":"en-haut-a-gauche","status":"publish","type":"page","link":"http:\/\/jocelynrobert.com\/?page_id=571","title":{"rendered":"En haut \u00e0 gauche"},"content":{"rendered":"<section class=\"wpb-content-wrapper\"><p>[vc_row][vc_column][vc_column_text]<em>En haut \u00e0 gauche<\/em> est une performance qui a \u00e9t\u00e9 pr\u00e9sent\u00e9e pour la premi\u00e8re fois \u00e0 Qu\u00e9bec en septembre 2008 dans le cadre de l&#8217;\u00e9v\u00e9nement <em>L&#8217;Art des Bruits<\/em>, commissari\u00e9 par Erick D&#8217;Orion. La pi\u00e8ce a ensuite \u00e9t\u00e9 repr\u00e9sent\u00e9e \u00e0 quatre reprises dans la r\u00e9gion de Montr\u00e9al lors de la s\u00e9rie <em>Monstrer<\/em>, avec Ren\u00e9e Gagnon, Myl\u00e8ne Lauzon et Steve Savage \u00e0 l&#8217;automne 2009.<\/p>\n<p><em>En haut \u00e0 gauche<\/em> is a performance which has been shown for the first time as part of the <em>L&#8217;Art des Bruits<\/em> festival organized by Erick D&#8217;Orion in Quebec, in September 2008. It was shown afterwards as part of the <em>Monstrer<\/em> series in Montreal, with Ren\u00e9e Gagnon, Myl\u00e8ne Lauzon and Steve Savage, Fall 2009.[\/vc_column_text][\/vc_column][vc_column width=&#8221;1\/1&#8243;][vc_video link=&#8221;https:\/\/www.youtube.com\/watch?v=W883xpKk8AU&#8221;][vc_column_text]Un extrait de 4:30 d&#8217;une performance de 10:00 \/ A 4:30 excerpt from a\u00a0 10:00 performance.[\/vc_column_text][vc_separator color=&#8221;grey&#8221;][vc_separator color=&#8221;grey&#8221;][\/vc_column][\/vc_row]<\/p>\n<\/section>","protected":false},"excerpt":{"rendered":"<p>[vc_row][vc_column][vc_column_text]En haut \u00e0 gauche est une performance qui a \u00e9t\u00e9 pr\u00e9sent\u00e9e pour la premi\u00e8re fois \u00e0 Qu\u00e9bec en septembre 2008 dans le cadre de l&#8217;\u00e9v\u00e9nement L&#8217;Art des Bruits, commissari\u00e9 par Erick D&#8217;Orion. La pi\u00e8ce a ensuite \u00e9t\u00e9 repr\u00e9sent\u00e9e \u00e0 quatre reprises dans la r\u00e9gion de Montr\u00e9al lors de la s\u00e9rie Monstrer, avec Ren\u00e9e Gagnon, Myl\u00e8ne &#8230; <a title=\"En haut \u00e0 gauche\" class=\"read-more\" href=\"http:\/\/jocelynrobert.com\/?page_id=571\" aria-label=\"More on En haut \u00e0 gauche\">Read more<\/a><\/p>\n","protected":false},"author":1,"featured_media":0,"parent":545,"menu_order":0,"comment_status":"closed","ping_status":"open","template":"","meta":[],"_links":{"self":[{"href":"http:\/\/jocelynrobert.com\/index.php?rest_route=\/wp\/v2\/pages\/571"}],"collection":[{"href":"http:\/\/jocelynrobert.com\/index.php?rest_route=\/wp\/v2\/pages"}],"about":[{"href":"http:\/\/jocelynrobert.com\/index.php?rest_route=\/wp\/v2\/types\/page"}],"author":[{"embeddable":true,"href":"http:\/\/jocelynrobert.com\/index.php?rest_route=\/wp\/v2\/users\/1"}],"replies":[{"embeddable":true,"href":"http:\/\/jocelynrobert.com\/index.php?rest_route=%2Fwp%2Fv2%2Fcomments&post=571"}],"version-history":[{"count":3,"href":"http:\/\/jocelynrobert.com\/index.php?rest_route=\/wp\/v2\/pages\/571\/revisions"}],"predecessor-version":[{"id":574,"href":"http:\/\/jocelynrobert.com\/index.php?rest_route=\/wp\/v2\/pages\/571\/revisions\/574"}],"up":[{"embeddable":true,"href":"http:\/\/jocelynrobert.com\/index.php?rest_route=\/wp\/v2\/pages\/545"}],"wp:attachment":[{"href":"http:\/\/jocelynrobert.com\/index.php?rest_route=%2Fwp%2Fv2%2Fmedia&parent=571"}],"curies":[{"name":"wp","href":"https:\/\/api.w.org\/{rel}","templated":true}]}}