{"id":577,"date":"2015-04-03T20:34:52","date_gmt":"2015-04-03T20:34:52","guid":{"rendered":"http:\/\/jocelynrobert.com\/?page_id=577"},"modified":"2015-04-03T22:09:26","modified_gmt":"2015-04-03T22:09:26","slug":"resident-of-unit-d","status":"publish","type":"page","link":"http:\/\/jocelynrobert.com\/?page_id=577","title":{"rendered":"Resident of Unit D"},"content":{"rendered":"<section class=\"wpb-content-wrapper\"><p>[vc_row][vc_column][vc_column_text]Performance audio-informatique qui utilise l&#8217;\u00e9cran de l&#8217;ordinateur portable lui-m\u00eame et son micro int\u00e9gr\u00e9 comme surface de r\u00e9sonance. Pr\u00e9sent\u00e9e \u00e0 Tesla (Berlin), \u00e0 l&#8217;\u00c9cole d&#8217;arts d&#8217;Aix-en-Provence\/Locus Sonus (France), au New Music Festival (Vancouver), \u00e0 Vooruit (Belgique) et au Mois Multi (Qu\u00e9bec).<br \/>\nComputer audio performance, using the flat screen of the laptop itself and its built-in microphone as a sounding board. Shown at Tesla (Berlin), at the \u00c9cole d&#8217;arts d&#8217;Aix-en-Provence \/ Locus Sonus (France), at the Vancouver New Music Festival, at Vooruit (Belgium) and at the Mois Multi (Qu\u00e9bec) .<\/p>\n<p>&nbsp;[\/vc_column_text][\/vc_column][vc_column width=&#8221;1\/1&#8243;][vc_video link=&#8221;https:\/\/www.youtube.com\/watch?v=OPr9IXC9v6U&#038;feature=youtu.be&#8221;][vc_column_text]Symposium Locus Sonus, Aix-en-Provence[\/vc_column_text][vc_separator color=&#8221;grey&#8221;][vc_separator color=&#8221;grey&#8221;][vc_video link=&#8221;https:\/\/www.youtube.com\/watch?v=ibgMJQlqTYw&#038;feature=youtu.be&#8221;][vc_column_text]Mois Multi 8, Qu\u00e9bec, 2007.[\/vc_column_text][\/vc_column][\/vc_row]<\/p>\n<\/section>","protected":false},"excerpt":{"rendered":"<p>[vc_row][vc_column][vc_column_text]Performance audio-informatique qui utilise l&#8217;\u00e9cran de l&#8217;ordinateur portable lui-m\u00eame et son micro int\u00e9gr\u00e9 comme surface de r\u00e9sonance. Pr\u00e9sent\u00e9e \u00e0 Tesla (Berlin), \u00e0 l&#8217;\u00c9cole d&#8217;arts d&#8217;Aix-en-Provence\/Locus Sonus (France), au New Music Festival (Vancouver), \u00e0 Vooruit (Belgique) et au Mois Multi (Qu\u00e9bec). Computer audio performance, using the flat screen of the laptop itself and its built-in microphone &#8230; <a title=\"Resident of Unit D\" class=\"read-more\" href=\"http:\/\/jocelynrobert.com\/?page_id=577\" aria-label=\"More on Resident of Unit D\">Read more<\/a><\/p>\n","protected":false},"author":1,"featured_media":0,"parent":545,"menu_order":0,"comment_status":"closed","ping_status":"open","template":"","meta":[],"_links":{"self":[{"href":"http:\/\/jocelynrobert.com\/index.php?rest_route=\/wp\/v2\/pages\/577"}],"collection":[{"href":"http:\/\/jocelynrobert.com\/index.php?rest_route=\/wp\/v2\/pages"}],"about":[{"href":"http:\/\/jocelynrobert.com\/index.php?rest_route=\/wp\/v2\/types\/page"}],"author":[{"embeddable":true,"href":"http:\/\/jocelynrobert.com\/index.php?rest_route=\/wp\/v2\/users\/1"}],"replies":[{"embeddable":true,"href":"http:\/\/jocelynrobert.com\/index.php?rest_route=%2Fwp%2Fv2%2Fcomments&post=577"}],"version-history":[{"count":5,"href":"http:\/\/jocelynrobert.com\/index.php?rest_route=\/wp\/v2\/pages\/577\/revisions"}],"predecessor-version":[{"id":605,"href":"http:\/\/jocelynrobert.com\/index.php?rest_route=\/wp\/v2\/pages\/577\/revisions\/605"}],"up":[{"embeddable":true,"href":"http:\/\/jocelynrobert.com\/index.php?rest_route=\/wp\/v2\/pages\/545"}],"wp:attachment":[{"href":"http:\/\/jocelynrobert.com\/index.php?rest_route=%2Fwp%2Fv2%2Fmedia&parent=577"}],"curies":[{"name":"wp","href":"https:\/\/api.w.org\/{rel}","templated":true}]}}