{"id":588,"date":"2015-04-03T21:04:02","date_gmt":"2015-04-03T21:04:02","guid":{"rendered":"http:\/\/jocelynrobert.com\/?page_id=588"},"modified":"2015-04-03T21:15:15","modified_gmt":"2015-04-03T21:15:15","slug":"recettes-de-performance","status":"publish","type":"page","link":"http:\/\/jocelynrobert.com\/?page_id=588","title":{"rendered":"Recettes de performance"},"content":{"rendered":"<section class=\"wpb-content-wrapper\"><p>[vc_row][vc_column width=&#8221;1\/1&#8243;][vc_column_text]<em>Recettes de performance \u00e0 faire soi-m\u00eame<\/em>, avec Christof Migone. 1997. Livrets distribu\u00e9es gratuitement lors du Symposium d&#8217;art actuel d&#8217;Amos.<br \/>\n<em>Recettes de performance \u00e0 faire soi-m\u00eame<\/em>, with Christof Migone. 1997. Booklets of &#8220;Do-It-Yourself-Performance-Recipes&#8221; distributed for free at the Symposium d&#8217;art actuel d&#8217;Amos.[\/vc_column_text][\/vc_column][\/vc_row][vc_row][vc_column width=&#8221;1\/2&#8243;][vc_single_image border_color=&#8221;grey&#8221; img_link_target=&#8221;_self&#8221; image=&#8221;591&#8243; img_size=&#8221;large&#8221; alignment=&#8221;center&#8221; img_link_large=&#8221;&#8221;][\/vc_column][vc_column width=&#8221;1\/2&#8243;][vc_single_image border_color=&#8221;grey&#8221; img_link_target=&#8221;_self&#8221; image=&#8221;592&#8243; img_size=&#8221;large&#8221; alignment=&#8221;center&#8221; img_link_large=&#8221;&#8221;][\/vc_column][\/vc_row][vc_row][vc_column width=&#8221;1\/2&#8243;][vc_single_image border_color=&#8221;grey&#8221; img_link_target=&#8221;_self&#8221; image=&#8221;593&#8243; img_size=&#8221;large&#8221; alignment=&#8221;center&#8221; img_link_large=&#8221;&#8221;][\/vc_column][vc_column width=&#8221;1\/2&#8243;][vc_single_image border_color=&#8221;grey&#8221; img_link_target=&#8221;_self&#8221; image=&#8221;594&#8243; img_size=&#8221;large&#8221; alignment=&#8221;center&#8221; img_link_large=&#8221;&#8221;][\/vc_column][\/vc_row][vc_row][vc_column width=&#8221;1\/2&#8243;][vc_single_image border_color=&#8221;grey&#8221; img_link_target=&#8221;_self&#8221; image=&#8221;595&#8243; img_size=&#8221;large&#8221; alignment=&#8221;center&#8221; img_link_large=&#8221;&#8221;][\/vc_column][vc_column width=&#8221;1\/2&#8243;][vc_single_image border_color=&#8221;grey&#8221; img_link_target=&#8221;_self&#8221; image=&#8221;596&#8243; img_size=&#8221;large&#8221; alignment=&#8221;center&#8221; img_link_large=&#8221;&#8221;][\/vc_column][\/vc_row]<\/p>\n<\/section>","protected":false},"excerpt":{"rendered":"<p>[vc_row][vc_column width=&#8221;1\/1&#8243;][vc_column_text]Recettes de performance \u00e0 faire soi-m\u00eame, avec Christof Migone. 1997. Livrets distribu\u00e9es gratuitement lors du Symposium d&#8217;art actuel d&#8217;Amos. Recettes de performance \u00e0 faire soi-m\u00eame, with Christof Migone. 1997. Booklets of &#8220;Do-It-Yourself-Performance-Recipes&#8221; distributed for free at the Symposium d&#8217;art actuel d&#8217;Amos.[\/vc_column_text][\/vc_column][\/vc_row][vc_row][vc_column width=&#8221;1\/2&#8243;][vc_single_image border_color=&#8221;grey&#8221; img_link_target=&#8221;_self&#8221; image=&#8221;591&#8243; img_size=&#8221;large&#8221; alignment=&#8221;center&#8221; img_link_large=&#8221;&#8221;][\/vc_column][vc_column width=&#8221;1\/2&#8243;][vc_single_image border_color=&#8221;grey&#8221; img_link_target=&#8221;_self&#8221; image=&#8221;592&#8243; img_size=&#8221;large&#8221; alignment=&#8221;center&#8221; &#8230; <a title=\"Recettes de performance\" class=\"read-more\" href=\"http:\/\/jocelynrobert.com\/?page_id=588\" aria-label=\"More on Recettes de performance\">Read more<\/a><\/p>\n","protected":false},"author":1,"featured_media":0,"parent":545,"menu_order":0,"comment_status":"closed","ping_status":"open","template":"","meta":[],"_links":{"self":[{"href":"http:\/\/jocelynrobert.com\/index.php?rest_route=\/wp\/v2\/pages\/588"}],"collection":[{"href":"http:\/\/jocelynrobert.com\/index.php?rest_route=\/wp\/v2\/pages"}],"about":[{"href":"http:\/\/jocelynrobert.com\/index.php?rest_route=\/wp\/v2\/types\/page"}],"author":[{"embeddable":true,"href":"http:\/\/jocelynrobert.com\/index.php?rest_route=\/wp\/v2\/users\/1"}],"replies":[{"embeddable":true,"href":"http:\/\/jocelynrobert.com\/index.php?rest_route=%2Fwp%2Fv2%2Fcomments&post=588"}],"version-history":[{"count":3,"href":"http:\/\/jocelynrobert.com\/index.php?rest_route=\/wp\/v2\/pages\/588\/revisions"}],"predecessor-version":[{"id":597,"href":"http:\/\/jocelynrobert.com\/index.php?rest_route=\/wp\/v2\/pages\/588\/revisions\/597"}],"up":[{"embeddable":true,"href":"http:\/\/jocelynrobert.com\/index.php?rest_route=\/wp\/v2\/pages\/545"}],"wp:attachment":[{"href":"http:\/\/jocelynrobert.com\/index.php?rest_route=%2Fwp%2Fv2%2Fmedia&parent=588"}],"curies":[{"name":"wp","href":"https:\/\/api.w.org\/{rel}","templated":true}]}}