{"id":615,"date":"2015-04-03T22:20:34","date_gmt":"2015-04-03T22:20:34","guid":{"rendered":"http:\/\/jocelynrobert.com\/?page_id=615"},"modified":"2015-04-03T22:32:24","modified_gmt":"2015-04-03T22:32:24","slug":"nids-doreilles","status":"publish","type":"page","link":"http:\/\/jocelynrobert.com\/?page_id=615","title":{"rendered":"Nids d&#8217;oreilles"},"content":{"rendered":"<section class=\"wpb-content-wrapper\"><p>[vc_row][vc_column width=&#8221;1\/1&#8243;][vc_column_text]Performance urbaine dans le cadre du Printemps Electro-acoustique \u00e0 Montr\u00e9al en 1993. Une trentaine d&#8217;objets sonores sont plac\u00e9s dans le parc Lafontaine et abandonn\u00e9s \u00e0 leur sort. Peu \u00e0 peu, des visiteurs s&#8217;enhardissent et volent un des objets. Apr\u00e8s quelques heures les objets sont tous en circulation. Mais comme il n&#8217;y a pas moyen de les faire taire, ils participent aux autres installations, et peuvent \u00eatre entendus dans les rues du centre-ville jusque tard dans la nuit.<\/p>\n<p>&nbsp;<br \/>\nUrban performance as part of the Printemps Electro-acoustique in Montr\u00e9al, 1993. About thirty sound objects are placed in the parc Lafontaine and left there to be stolen. One after the other, they get stolen by visitors who carry them along. But since there is no way to shut them silent, they become part of every act, and they can be heard in the streets of downtown Montreal until late at night.[\/vc_column_text][\/vc_column][\/vc_row][vc_row][vc_column width=&#8221;1\/1&#8243;][vc_single_image border_color=&#8221;grey&#8221; img_link_target=&#8221;_self&#8221; image=&#8221;465&#8243; img_size=&#8221;large&#8221; alignment=&#8221;center&#8221; img_link_large=&#8221;&#8221;][vc_single_image image=&#8221;617&#8243; alignment=&#8221;center&#8221; border_color=&#8221;grey&#8221; img_link_large=&#8221;&#8221; img_link_target=&#8221;_self&#8221; img_size=&#8221;large&#8221;][\/vc_column][\/vc_row][vc_row][vc_column width=&#8221;1\/2&#8243;][vc_single_image image=&#8221;618&#8243; alignment=&#8221;center&#8221; border_color=&#8221;grey&#8221; img_link_large=&#8221;&#8221; img_link_target=&#8221;_self&#8221; img_size=&#8221;full&#8221;][\/vc_column][vc_column width=&#8221;1\/2&#8243;][vc_single_image image=&#8221;619&#8243; alignment=&#8221;center&#8221; border_color=&#8221;grey&#8221; img_link_large=&#8221;&#8221; img_link_target=&#8221;_self&#8221; img_size=&#8221;large&#8221;][\/vc_column][\/vc_row]<\/p>\n<\/section>","protected":false},"excerpt":{"rendered":"<p>[vc_row][vc_column width=&#8221;1\/1&#8243;][vc_column_text]Performance urbaine dans le cadre du Printemps Electro-acoustique \u00e0 Montr\u00e9al en 1993. Une trentaine d&#8217;objets sonores sont plac\u00e9s dans le parc Lafontaine et abandonn\u00e9s \u00e0 leur sort. Peu \u00e0 peu, des visiteurs s&#8217;enhardissent et volent un des objets. Apr\u00e8s quelques heures les objets sont tous en circulation. Mais comme il n&#8217;y a pas moyen &#8230; <a title=\"Nids d&#8217;oreilles\" class=\"read-more\" href=\"http:\/\/jocelynrobert.com\/?page_id=615\" aria-label=\"More on Nids d&#8217;oreilles\">Read more<\/a><\/p>\n","protected":false},"author":1,"featured_media":0,"parent":545,"menu_order":0,"comment_status":"closed","ping_status":"open","template":"","meta":[],"_links":{"self":[{"href":"http:\/\/jocelynrobert.com\/index.php?rest_route=\/wp\/v2\/pages\/615"}],"collection":[{"href":"http:\/\/jocelynrobert.com\/index.php?rest_route=\/wp\/v2\/pages"}],"about":[{"href":"http:\/\/jocelynrobert.com\/index.php?rest_route=\/wp\/v2\/types\/page"}],"author":[{"embeddable":true,"href":"http:\/\/jocelynrobert.com\/index.php?rest_route=\/wp\/v2\/users\/1"}],"replies":[{"embeddable":true,"href":"http:\/\/jocelynrobert.com\/index.php?rest_route=%2Fwp%2Fv2%2Fcomments&post=615"}],"version-history":[{"count":3,"href":"http:\/\/jocelynrobert.com\/index.php?rest_route=\/wp\/v2\/pages\/615\/revisions"}],"predecessor-version":[{"id":622,"href":"http:\/\/jocelynrobert.com\/index.php?rest_route=\/wp\/v2\/pages\/615\/revisions\/622"}],"up":[{"embeddable":true,"href":"http:\/\/jocelynrobert.com\/index.php?rest_route=\/wp\/v2\/pages\/545"}],"wp:attachment":[{"href":"http:\/\/jocelynrobert.com\/index.php?rest_route=%2Fwp%2Fv2%2Fmedia&parent=615"}],"curies":[{"name":"wp","href":"https:\/\/api.w.org\/{rel}","templated":true}]}}