{"id":632,"date":"2015-04-04T18:02:01","date_gmt":"2015-04-04T18:02:01","guid":{"rendered":"http:\/\/jocelynrobert.com\/?page_id=632"},"modified":"2015-04-10T15:28:16","modified_gmt":"2015-04-10T15:28:16","slug":"pieges-a-voix","status":"publish","type":"page","link":"http:\/\/jocelynrobert.com\/?page_id=632","title":{"rendered":"Pi\u00e8ges \u00e0 voix"},"content":{"rendered":"<section class=\"wpb-content-wrapper\"><p>[vc_row][vc_column][vc_column_text]Les R\u00e9seaux : Pi\u00e8ges \u00e0 voix. 1990.<br \/>\nPerformance urbaine. Voir description pdf in <a href=\"http:\/\/jocelynrobert.com\/wp-content\/uploads\/2015\/04\/Inter-91.pdf\">Inter<\/a>.<\/p>\n<p>Les R\u00e9seaux : Pi\u00e8ges \u00e0 voix. 1990.<br \/>\nUrban performance. See description pdf in <a href=\"http:\/\/jocelynrobert.com\/wp-content\/uploads\/2015\/04\/Inter-91.pdf\">Inter<\/a>.<\/p>\n<p>&nbsp;[\/vc_column_text][\/vc_column][vc_column width=&#8221;1\/1&#8243;][vc_video link=&#8221;http:\/\/youtu.be\/LjdPot9KosE&#8221;][vc_separator color=&#8221;grey&#8221;][vc_separator color=&#8221;grey&#8221;][\/vc_column][\/vc_row][vc_row full_width=&#8221;&#8221;][vc_column width=&#8221;1\/2&#8243;][vc_single_image image=&#8221;638&#8243; border_color=&#8221;grey&#8221; img_link_large=&#8221;&#8221; img_link_target=&#8221;_self&#8221; img_size=&#8221;full&#8221; alignment=&#8221;center&#8221;][\/vc_column][vc_column width=&#8221;1\/2&#8243;][vc_single_image image=&#8221;641&#8243; alignment=&#8221;center&#8221; border_color=&#8221;grey&#8221; img_link_large=&#8221;&#8221; img_link_target=&#8221;_self&#8221; img_size=&#8221;full&#8221;][\/vc_column][\/vc_row][vc_row full_width=&#8221;&#8221;][vc_column width=&#8221;1\/2&#8243;][vc_single_image image=&#8221;640&#8243; alignment=&#8221;center&#8221; border_color=&#8221;grey&#8221; img_link_large=&#8221;&#8221; img_link_target=&#8221;_self&#8221; img_size=&#8221;full&#8221;][\/vc_column][vc_column width=&#8221;1\/2&#8243;][\/vc_column][\/vc_row]<\/p>\n<\/section>","protected":false},"excerpt":{"rendered":"<p>[vc_row][vc_column][vc_column_text]Les R\u00e9seaux : Pi\u00e8ges \u00e0 voix. 1990. Performance urbaine. Voir description pdf in Inter. Les R\u00e9seaux : Pi\u00e8ges \u00e0 voix. 1990. Urban performance. See description pdf in Inter. &nbsp;[\/vc_column_text][\/vc_column][vc_column width=&#8221;1\/1&#8243;][vc_video link=&#8221;http:\/\/youtu.be\/LjdPot9KosE&#8221;][vc_separator color=&#8221;grey&#8221;][vc_separator color=&#8221;grey&#8221;][\/vc_column][\/vc_row][vc_row full_width=&#8221;&#8221;][vc_column width=&#8221;1\/2&#8243;][vc_single_image image=&#8221;638&#8243; border_color=&#8221;grey&#8221; img_link_large=&#8221;&#8221; img_link_target=&#8221;_self&#8221; img_size=&#8221;full&#8221; alignment=&#8221;center&#8221;][\/vc_column][vc_column width=&#8221;1\/2&#8243;][vc_single_image image=&#8221;641&#8243; alignment=&#8221;center&#8221; border_color=&#8221;grey&#8221; img_link_large=&#8221;&#8221; img_link_target=&#8221;_self&#8221; img_size=&#8221;full&#8221;][\/vc_column][\/vc_row][vc_row full_width=&#8221;&#8221;][vc_column width=&#8221;1\/2&#8243;][vc_single_image image=&#8221;640&#8243; alignment=&#8221;center&#8221; border_color=&#8221;grey&#8221; img_link_large=&#8221;&#8221; img_link_target=&#8221;_self&#8221; &#8230; <a title=\"Pi\u00e8ges \u00e0 voix\" class=\"read-more\" href=\"http:\/\/jocelynrobert.com\/?page_id=632\" aria-label=\"More on Pi\u00e8ges \u00e0 voix\">Read more<\/a><\/p>\n","protected":false},"author":1,"featured_media":0,"parent":545,"menu_order":0,"comment_status":"closed","ping_status":"open","template":"","meta":[],"_links":{"self":[{"href":"http:\/\/jocelynrobert.com\/index.php?rest_route=\/wp\/v2\/pages\/632"}],"collection":[{"href":"http:\/\/jocelynrobert.com\/index.php?rest_route=\/wp\/v2\/pages"}],"about":[{"href":"http:\/\/jocelynrobert.com\/index.php?rest_route=\/wp\/v2\/types\/page"}],"author":[{"embeddable":true,"href":"http:\/\/jocelynrobert.com\/index.php?rest_route=\/wp\/v2\/users\/1"}],"replies":[{"embeddable":true,"href":"http:\/\/jocelynrobert.com\/index.php?rest_route=%2Fwp%2Fv2%2Fcomments&post=632"}],"version-history":[{"count":7,"href":"http:\/\/jocelynrobert.com\/index.php?rest_route=\/wp\/v2\/pages\/632\/revisions"}],"predecessor-version":[{"id":1187,"href":"http:\/\/jocelynrobert.com\/index.php?rest_route=\/wp\/v2\/pages\/632\/revisions\/1187"}],"up":[{"embeddable":true,"href":"http:\/\/jocelynrobert.com\/index.php?rest_route=\/wp\/v2\/pages\/545"}],"wp:attachment":[{"href":"http:\/\/jocelynrobert.com\/index.php?rest_route=%2Fwp%2Fv2%2Fmedia&parent=632"}],"curies":[{"name":"wp","href":"https:\/\/api.w.org\/{rel}","templated":true}]}}