{"id":663,"date":"2015-04-04T18:52:17","date_gmt":"2015-04-04T18:52:17","guid":{"rendered":"http:\/\/jocelynrobert.com\/?page_id=663"},"modified":"2015-04-21T20:58:07","modified_gmt":"2015-04-21T20:58:07","slug":"lecon-de-piano","status":"publish","type":"page","link":"http:\/\/jocelynrobert.com\/?page_id=663","title":{"rendered":"Le\u00e7on de piano"},"content":{"rendered":"<section class=\"wpb-content-wrapper\"><p>[vc_row][vc_column][vc_column_text]<em>Le\u00e7on de piano<\/em>. 2003-2012, avec Emile Morin<br \/>\nDes mots tombent, lettre par lettre, sur les touches d&#8217;un piano. Quelques couleurs en font autant. Leur poids semble enfoncer les touches, ce qui entrem\u00eale les trois langages : \u00e9criture, couleurs et sons. Pr\u00e9sent\u00e9e dans des versions pr\u00e9liminaires \u00e0 Qu\u00e9bec, Paris, Gand, Berlin, Montr\u00e9al et pr\u00e9sent\u00e9e dans sa version d\u00e9finitive \u00e0 Baltimore en 2012.<\/p>\n<p><em>Le\u00e7on de piano<\/em>. 2003-2012, with Emile Morin<br \/>\nWords fall, letter by letter, on the keys of a piano. Some colours too. Their &#8220;weight&#8221; seems to push the keys down, which results in a mix of the three languages : writing, colours and sounds. Shown in preliminary versions in Quebec, Paris, Gent and Berlin, Montreal and in its definitive state in Baltimore in 2012.<\/p>\n<p>&nbsp;[\/vc_column_text][\/vc_column][vc_column width=&#8221;1\/1&#8243;][vc_video link=&#8221;https:\/\/www.youtube.com\/watch?v=2AqCr7rjfUs&#8221;][vc_column_text]Letters fall like rain and play the notes of a grand piano in the installation &#8220;Lecon de piano&#8221; by Emile Morin and Jocelyn Robert for the exhibition Command Z: Artists working with Phenomena and Technology, curated by Lisa Moren for the CADVC (Center for Art Design and Visual Culture) at UMBC. All rights belong to the artists and Lisa Moren. 2012. Special thanks for Jordan Kitts Music and many others.[\/vc_column_text][vc_separator color=&#8221;grey&#8221;][\/vc_column][\/vc_row][vc_row full_width=&#8221;&#8221;][vc_column width=&#8221;1\/2&#8243;][vc_single_image image=&#8221;666&#8243; alignment=&#8221;center&#8221; border_color=&#8221;grey&#8221; img_link_large=&#8221;&#8221; img_link_target=&#8221;_self&#8221; img_size=&#8221;full&#8221;][\/vc_column][vc_column width=&#8221;1\/2&#8243;][vc_single_image image=&#8221;667&#8243; alignment=&#8221;center&#8221; border_color=&#8221;grey&#8221; img_link_large=&#8221;&#8221; img_link_target=&#8221;_self&#8221; img_size=&#8221;full&#8221;][\/vc_column][\/vc_row][vc_row full_width=&#8221;&#8221;][vc_column width=&#8221;1\/2&#8243;][vc_single_image image=&#8221;668&#8243; alignment=&#8221;center&#8221; border_color=&#8221;grey&#8221; img_link_large=&#8221;&#8221; img_link_target=&#8221;_self&#8221; img_size=&#8221;full&#8221;][\/vc_column][vc_column width=&#8221;1\/2&#8243;][vc_single_image image=&#8221;669&#8243; alignment=&#8221;center&#8221; border_color=&#8221;grey&#8221; img_link_large=&#8221;&#8221; img_link_target=&#8221;_self&#8221; img_size=&#8221;full&#8221;][\/vc_column][\/vc_row]<\/p>\n<\/section>","protected":false},"excerpt":{"rendered":"<p>[vc_row][vc_column][vc_column_text]Le\u00e7on de piano. 2003-2012, avec Emile Morin Des mots tombent, lettre par lettre, sur les touches d&#8217;un piano. Quelques couleurs en font autant. Leur poids semble enfoncer les touches, ce qui entrem\u00eale les trois langages : \u00e9criture, couleurs et sons. Pr\u00e9sent\u00e9e dans des versions pr\u00e9liminaires \u00e0 Qu\u00e9bec, Paris, Gand, Berlin, Montr\u00e9al et pr\u00e9sent\u00e9e dans sa &#8230; <a title=\"Le\u00e7on de piano\" class=\"read-more\" href=\"http:\/\/jocelynrobert.com\/?page_id=663\" aria-label=\"More on Le\u00e7on de piano\">Read more<\/a><\/p>\n","protected":false},"author":1,"featured_media":0,"parent":40,"menu_order":0,"comment_status":"closed","ping_status":"open","template":"","meta":[],"_links":{"self":[{"href":"http:\/\/jocelynrobert.com\/index.php?rest_route=\/wp\/v2\/pages\/663"}],"collection":[{"href":"http:\/\/jocelynrobert.com\/index.php?rest_route=\/wp\/v2\/pages"}],"about":[{"href":"http:\/\/jocelynrobert.com\/index.php?rest_route=\/wp\/v2\/types\/page"}],"author":[{"embeddable":true,"href":"http:\/\/jocelynrobert.com\/index.php?rest_route=\/wp\/v2\/users\/1"}],"replies":[{"embeddable":true,"href":"http:\/\/jocelynrobert.com\/index.php?rest_route=%2Fwp%2Fv2%2Fcomments&post=663"}],"version-history":[{"count":6,"href":"http:\/\/jocelynrobert.com\/index.php?rest_route=\/wp\/v2\/pages\/663\/revisions"}],"predecessor-version":[{"id":1278,"href":"http:\/\/jocelynrobert.com\/index.php?rest_route=\/wp\/v2\/pages\/663\/revisions\/1278"}],"up":[{"embeddable":true,"href":"http:\/\/jocelynrobert.com\/index.php?rest_route=\/wp\/v2\/pages\/40"}],"wp:attachment":[{"href":"http:\/\/jocelynrobert.com\/index.php?rest_route=%2Fwp%2Fv2%2Fmedia&parent=663"}],"curies":[{"name":"wp","href":"https:\/\/api.w.org\/{rel}","templated":true}]}}