{"id":680,"date":"2015-04-04T20:25:41","date_gmt":"2015-04-04T20:25:41","guid":{"rendered":"http:\/\/jocelynrobert.com\/?page_id=680"},"modified":"2015-04-04T20:44:53","modified_gmt":"2015-04-04T20:44:53","slug":"la-cene","status":"publish","type":"page","link":"http:\/\/jocelynrobert.com\/?page_id=680","title":{"rendered":"La C\u00e8ne"},"content":{"rendered":"<section class=\"wpb-content-wrapper\"><p>[vc_row][vc_column width=&#8221;1\/1&#8243;][vc_column_text]S\u00e9rie de 13 portraits reconstruits, de genres mixtes. Pr\u00e9sent\u00e9 au Festival Del Mayo, Guadalajara, Mexique, 2012.<\/p>\n<p>A series of 13 mixed genders portraits. Shown at the Festival Del Mayo, Guadalajara, 2012[\/vc_column_text][\/vc_column][\/vc_row][vc_row][vc_column width=&#8221;1\/2&#8243;][vc_single_image border_color=&#8221;grey&#8221; img_link_target=&#8221;_self&#8221; image=&#8221;682&#8243; img_size=&#8221;full&#8221; alignment=&#8221;center&#8221; img_link_large=&#8221;&#8221;][\/vc_column][vc_column width=&#8221;1\/2&#8243;][vc_single_image border_color=&#8221;grey&#8221; img_link_target=&#8221;_self&#8221; image=&#8221;683&#8243; img_size=&#8221;full&#8221; alignment=&#8221;center&#8221; img_link_large=&#8221;&#8221;][\/vc_column][\/vc_row][vc_row][vc_column width=&#8221;1\/2&#8243;][vc_single_image border_color=&#8221;grey&#8221; img_link_target=&#8221;_self&#8221; image=&#8221;684&#8243; img_size=&#8221;large&#8221; alignment=&#8221;center&#8221; img_link_large=&#8221;&#8221;][\/vc_column][vc_column width=&#8221;1\/2&#8243;][vc_single_image border_color=&#8221;grey&#8221; img_link_target=&#8221;_self&#8221; image=&#8221;685&#8243; img_size=&#8221;large&#8221; alignment=&#8221;center&#8221; img_link_large=&#8221;&#8221;][\/vc_column][\/vc_row][vc_row][vc_column width=&#8221;1\/2&#8243;][vc_single_image border_color=&#8221;grey&#8221; img_link_target=&#8221;_self&#8221; image=&#8221;686&#8243; img_size=&#8221;large&#8221; alignment=&#8221;center&#8221; img_link_large=&#8221;&#8221;][\/vc_column][vc_column width=&#8221;1\/2&#8243;][vc_single_image border_color=&#8221;grey&#8221; img_link_target=&#8221;_self&#8221; image=&#8221;687&#8243; img_size=&#8221;large&#8221; alignment=&#8221;center&#8221; img_link_large=&#8221;&#8221;][\/vc_column][\/vc_row][vc_row full_width=&#8221;&#8221;][vc_column width=&#8221;1\/1&#8243;][vc_column_text]\u00c9taient \u00e9galement pr\u00e9sent\u00e9s au Festival Del Mayo : <a title=\"Jeune homme seul\" href=\"http:\/\/jocelynrobert.com\/?page_id=283\"><em>Jeune homme seul<\/em> <\/a>et<em> <a title=\"La Reine Rouge\" href=\"http:\/\/jocelynrobert.com\/?page_id=270\">La Reine Rouge<\/a><\/em>. \/ Were also shown at the Festival Del Mayo : <a title=\"Jeune homme seul\" href=\"http:\/\/jocelynrobert.com\/?page_id=283\"><em>Jeune homme seul<\/em> <\/a>et<em> <a title=\"La Reine Rouge\" href=\"http:\/\/jocelynrobert.com\/?page_id=270\">La Reine Rouge<\/a><\/em>.[\/vc_column_text][\/vc_column][\/vc_row]<\/p>\n<\/section>","protected":false},"excerpt":{"rendered":"<p>[vc_row][vc_column width=&#8221;1\/1&#8243;][vc_column_text]S\u00e9rie de 13 portraits reconstruits, de genres mixtes. Pr\u00e9sent\u00e9 au Festival Del Mayo, Guadalajara, Mexique, 2012. A series of 13 mixed genders portraits. Shown at the Festival Del Mayo, Guadalajara, 2012[\/vc_column_text][\/vc_column][\/vc_row][vc_row][vc_column width=&#8221;1\/2&#8243;][vc_single_image border_color=&#8221;grey&#8221; img_link_target=&#8221;_self&#8221; image=&#8221;682&#8243; img_size=&#8221;full&#8221; alignment=&#8221;center&#8221; img_link_large=&#8221;&#8221;][\/vc_column][vc_column width=&#8221;1\/2&#8243;][vc_single_image border_color=&#8221;grey&#8221; img_link_target=&#8221;_self&#8221; image=&#8221;683&#8243; img_size=&#8221;full&#8221; alignment=&#8221;center&#8221; img_link_large=&#8221;&#8221;][\/vc_column][\/vc_row][vc_row][vc_column width=&#8221;1\/2&#8243;][vc_single_image border_color=&#8221;grey&#8221; img_link_target=&#8221;_self&#8221; image=&#8221;684&#8243; img_size=&#8221;large&#8221; alignment=&#8221;center&#8221; img_link_large=&#8221;&#8221;][\/vc_column][vc_column width=&#8221;1\/2&#8243;][vc_single_image border_color=&#8221;grey&#8221; &#8230; <a title=\"La C\u00e8ne\" class=\"read-more\" href=\"http:\/\/jocelynrobert.com\/?page_id=680\" aria-label=\"More on La C\u00e8ne\">Read more<\/a><\/p>\n","protected":false},"author":1,"featured_media":0,"parent":40,"menu_order":0,"comment_status":"closed","ping_status":"open","template":"","meta":[],"_links":{"self":[{"href":"http:\/\/jocelynrobert.com\/index.php?rest_route=\/wp\/v2\/pages\/680"}],"collection":[{"href":"http:\/\/jocelynrobert.com\/index.php?rest_route=\/wp\/v2\/pages"}],"about":[{"href":"http:\/\/jocelynrobert.com\/index.php?rest_route=\/wp\/v2\/types\/page"}],"author":[{"embeddable":true,"href":"http:\/\/jocelynrobert.com\/index.php?rest_route=\/wp\/v2\/users\/1"}],"replies":[{"embeddable":true,"href":"http:\/\/jocelynrobert.com\/index.php?rest_route=%2Fwp%2Fv2%2Fcomments&post=680"}],"version-history":[{"count":2,"href":"http:\/\/jocelynrobert.com\/index.php?rest_route=\/wp\/v2\/pages\/680\/revisions"}],"predecessor-version":[{"id":688,"href":"http:\/\/jocelynrobert.com\/index.php?rest_route=\/wp\/v2\/pages\/680\/revisions\/688"}],"up":[{"embeddable":true,"href":"http:\/\/jocelynrobert.com\/index.php?rest_route=\/wp\/v2\/pages\/40"}],"wp:attachment":[{"href":"http:\/\/jocelynrobert.com\/index.php?rest_route=%2Fwp%2Fv2%2Fmedia&parent=680"}],"curies":[{"name":"wp","href":"https:\/\/api.w.org\/{rel}","templated":true}]}}