{"id":708,"date":"2015-04-04T21:35:12","date_gmt":"2015-04-04T21:35:12","guid":{"rendered":"http:\/\/jocelynrobert.com\/?page_id=708"},"modified":"2015-04-10T19:47:36","modified_gmt":"2015-04-10T19:47:36","slug":"la-republique-fraternite-egalite-sororite","status":"publish","type":"page","link":"http:\/\/jocelynrobert.com\/?page_id=708","title":{"rendered":"La R\u00e9publique \/ Fraternit\u00e9, \u00c9galit\u00e9, Sororit\u00e9"},"content":{"rendered":"<section class=\"wpb-content-wrapper\"><p>[vc_row][vc_column][vc_column_text]Une installation vid\u00e9o et audio en deux parties : une projection au mur enc\u00e2dr\u00e9e par des rideaux de sc\u00e8ne (intitul\u00e9e <em>La R\u00e9publique<\/em>), et une projection sur une page de journal clou\u00e9e au mur, par un projecteur d\u00e9pos\u00e9 sur une chaise (intitul\u00e9e <em>Libert\u00e9, \u00c9galit\u00e9, Sororit\u00e9<\/em>). Quelques chaises sont dispos\u00e9es en rang\u00e9es dans la salle. La trame sonore est tr\u00e8s grave : elle sera inaudible sur des haut-parleurs d&#8221;ordinateur. R\u00e9alis\u00e9e \u00e0 Da\u00efmon, Gatineau, o\u00f9 elle sera pr\u00e9sent\u00e9e pour la premi\u00e8re fois en avril 2007. Pr\u00e9sent\u00e9e ensuite \u00e0 la Triennale de Montr\u00e9al, Mus\u00e9e d&#8217;Art contemporain, 2008.<\/p>\n<p>A video and audio installation in two parts : a projection on the wall framed by theatre curtains (<em>La R\u00e9publique<\/em>), and a projection on a newspaper page nailed to the wall, from a video projector on a chair (<em>Libert\u00e9, \u00c9galit\u00e9, Sororit\u00e9<\/em>). A few rows of chairs a placed in the room. The soundtrack is made from very low frequencies : it will not be audible from computer loudspeakers. Produced at Da\u00efmon, Gatineau (Qc) where it was shown for the first time in April 2007. Then shown at Triennale de Montr\u00e9al, Mus\u00e9e d&#8217;Art contemporain de Montr\u00e9al, 2008.<\/p>\n<p>&nbsp;[\/vc_column_text][\/vc_column][vc_column width=&#8221;1\/1&#8243;][vc_video link=&#8221;https:\/\/vimeo.com\/124632357&#8243;][\/vc_column][\/vc_row][vc_row][vc_column width=&#8221;1\/1&#8243;][vc_video link=&#8221;https:\/\/vimeo.com\/124632194&#8243;][vc_separator color=&#8221;grey&#8221;][vc_separator color=&#8221;grey&#8221;][\/vc_column][\/vc_row]<\/p>\n<\/section>","protected":false},"excerpt":{"rendered":"<p>[vc_row][vc_column][vc_column_text]Une installation vid\u00e9o et audio en deux parties : une projection au mur enc\u00e2dr\u00e9e par des rideaux de sc\u00e8ne (intitul\u00e9e La R\u00e9publique), et une projection sur une page de journal clou\u00e9e au mur, par un projecteur d\u00e9pos\u00e9 sur une chaise (intitul\u00e9e Libert\u00e9, \u00c9galit\u00e9, Sororit\u00e9). Quelques chaises sont dispos\u00e9es en rang\u00e9es dans la salle. La trame &#8230; <a title=\"La R\u00e9publique \/ Fraternit\u00e9, \u00c9galit\u00e9, Sororit\u00e9\" class=\"read-more\" href=\"http:\/\/jocelynrobert.com\/?page_id=708\" aria-label=\"More on La R\u00e9publique \/ Fraternit\u00e9, \u00c9galit\u00e9, Sororit\u00e9\">Read more<\/a><\/p>\n","protected":false},"author":1,"featured_media":0,"parent":40,"menu_order":0,"comment_status":"closed","ping_status":"open","template":"","meta":[],"_links":{"self":[{"href":"http:\/\/jocelynrobert.com\/index.php?rest_route=\/wp\/v2\/pages\/708"}],"collection":[{"href":"http:\/\/jocelynrobert.com\/index.php?rest_route=\/wp\/v2\/pages"}],"about":[{"href":"http:\/\/jocelynrobert.com\/index.php?rest_route=\/wp\/v2\/types\/page"}],"author":[{"embeddable":true,"href":"http:\/\/jocelynrobert.com\/index.php?rest_route=\/wp\/v2\/users\/1"}],"replies":[{"embeddable":true,"href":"http:\/\/jocelynrobert.com\/index.php?rest_route=%2Fwp%2Fv2%2Fcomments&post=708"}],"version-history":[{"count":3,"href":"http:\/\/jocelynrobert.com\/index.php?rest_route=\/wp\/v2\/pages\/708\/revisions"}],"predecessor-version":[{"id":1189,"href":"http:\/\/jocelynrobert.com\/index.php?rest_route=\/wp\/v2\/pages\/708\/revisions\/1189"}],"up":[{"embeddable":true,"href":"http:\/\/jocelynrobert.com\/index.php?rest_route=\/wp\/v2\/pages\/40"}],"wp:attachment":[{"href":"http:\/\/jocelynrobert.com\/index.php?rest_route=%2Fwp%2Fv2%2Fmedia&parent=708"}],"curies":[{"name":"wp","href":"https:\/\/api.w.org\/{rel}","templated":true}]}}