{"id":751,"date":"2015-04-05T21:07:47","date_gmt":"2015-04-05T21:07:47","guid":{"rendered":"http:\/\/jocelynrobert.com\/?page_id=751"},"modified":"2015-04-05T21:14:43","modified_gmt":"2015-04-05T21:14:43","slug":"lorigine-des-especes","status":"publish","type":"page","link":"http:\/\/jocelynrobert.com\/?page_id=751","title":{"rendered":"L&#8217;Origine des esp\u00e8ces"},"content":{"rendered":"<section class=\"wpb-content-wrapper\"><p>[vc_row][vc_column width=&#8221;1\/1&#8243;][vc_column_text]Une impression jet d&#8217;encre et 48 haut-parleurs. Le son qui sort des haut-parleurs est fait \u00e0 partir du m\u00eame fichier informatique qui a servi \u00e0 imprimer l&#8217;image, lu comme fichier sonore cette fois. L&#8217;image et le son sont deux interpr\u00e9tations du m\u00eame fichier d&#8217;origine. L&#8217;installation a \u00e9t\u00e9 montr\u00e9e \u00e0 Galerie Leonard &amp; Bina Ellen, Montr\u00e9al en 2006 et \u00e0 Podewil, Berlin en 2007.<\/p>\n<p>An inkjet print and 48 loudspeakers. The sound coming out of the loudspeakers is made from the same digital file which was used to print the picture, only read as a soundfile instead. Image and sound are interpretations of the same data. Shown at Galerie Leonard &amp; Bina Ellen, Montreal in 2006 and at\u00a0Podewil, Berlin in 2007.[\/vc_column_text][\/vc_column][\/vc_row][vc_row][vc_column width=&#8221;1\/1&#8243;][vc_video link=&#8221;https:\/\/vimeo.com\/70785146&#8243;][\/vc_column][\/vc_row][vc_row][vc_column width=&#8221;1\/1&#8243;][vc_single_image border_color=&#8221;grey&#8221; img_link_target=&#8221;_self&#8221; image=&#8221;753&#8243; img_size=&#8221;full&#8221; alignment=&#8221;center&#8221; img_link_large=&#8221;&#8221;][\/vc_column][\/vc_row][vc_row][vc_column width=&#8221;1\/2&#8243;][vc_single_image border_color=&#8221;grey&#8221; img_link_target=&#8221;_self&#8221; image=&#8221;754&#8243; img_size=&#8221;full&#8221; alignment=&#8221;center&#8221; img_link_large=&#8221;&#8221;][\/vc_column][vc_column width=&#8221;1\/2&#8243;][vc_single_image image=&#8221;755&#8243; border_color=&#8221;grey&#8221; img_link_large=&#8221;&#8221; img_link_target=&#8221;_self&#8221; img_size=&#8221;full&#8221; alignment=&#8221;center&#8221;][\/vc_column][\/vc_row]<\/p>\n<\/section>","protected":false},"excerpt":{"rendered":"<p>[vc_row][vc_column width=&#8221;1\/1&#8243;][vc_column_text]Une impression jet d&#8217;encre et 48 haut-parleurs. Le son qui sort des haut-parleurs est fait \u00e0 partir du m\u00eame fichier informatique qui a servi \u00e0 imprimer l&#8217;image, lu comme fichier sonore cette fois. L&#8217;image et le son sont deux interpr\u00e9tations du m\u00eame fichier d&#8217;origine. L&#8217;installation a \u00e9t\u00e9 montr\u00e9e \u00e0 Galerie Leonard &amp; Bina Ellen, &#8230; <a title=\"L&#8217;Origine des esp\u00e8ces\" class=\"read-more\" href=\"http:\/\/jocelynrobert.com\/?page_id=751\" aria-label=\"More on L&#8217;Origine des esp\u00e8ces\">Read more<\/a><\/p>\n","protected":false},"author":1,"featured_media":0,"parent":40,"menu_order":0,"comment_status":"closed","ping_status":"open","template":"","meta":[],"_links":{"self":[{"href":"http:\/\/jocelynrobert.com\/index.php?rest_route=\/wp\/v2\/pages\/751"}],"collection":[{"href":"http:\/\/jocelynrobert.com\/index.php?rest_route=\/wp\/v2\/pages"}],"about":[{"href":"http:\/\/jocelynrobert.com\/index.php?rest_route=\/wp\/v2\/types\/page"}],"author":[{"embeddable":true,"href":"http:\/\/jocelynrobert.com\/index.php?rest_route=\/wp\/v2\/users\/1"}],"replies":[{"embeddable":true,"href":"http:\/\/jocelynrobert.com\/index.php?rest_route=%2Fwp%2Fv2%2Fcomments&post=751"}],"version-history":[{"count":2,"href":"http:\/\/jocelynrobert.com\/index.php?rest_route=\/wp\/v2\/pages\/751\/revisions"}],"predecessor-version":[{"id":756,"href":"http:\/\/jocelynrobert.com\/index.php?rest_route=\/wp\/v2\/pages\/751\/revisions\/756"}],"up":[{"embeddable":true,"href":"http:\/\/jocelynrobert.com\/index.php?rest_route=\/wp\/v2\/pages\/40"}],"wp:attachment":[{"href":"http:\/\/jocelynrobert.com\/index.php?rest_route=%2Fwp%2Fv2%2Fmedia&parent=751"}],"curies":[{"name":"wp","href":"https:\/\/api.w.org\/{rel}","templated":true}]}}