{"id":761,"date":"2015-04-05T21:19:03","date_gmt":"2015-04-05T21:19:03","guid":{"rendered":"http:\/\/jocelynrobert.com\/?page_id=761"},"modified":"2015-04-05T21:31:34","modified_gmt":"2015-04-05T21:31:34","slug":"aucune-de-mes-mains-ne-fait-mal","status":"publish","type":"page","link":"http:\/\/jocelynrobert.com\/?page_id=761","title":{"rendered":"Aucune de mes mains ne fait mal"},"content":{"rendered":"<section class=\"wpb-content-wrapper\"><p>[vc_row][vc_column][vc_column_text]D&#8217;un c\u00f4t\u00e9 d&#8217;un rideau, 2 projections vid\u00e9o : un homme qui marche lentement et une main qui tente d&#8217;\u00e9crire. Les images sont projet\u00e9es sur des \u00e9crans munis de senseurs qui transforment la lumi\u00e8re en impulsions \u00e9lectriques pour 300 relais et diodes \u00e9lectro-luminescentes de l&#8217;autre c\u00f4t\u00e9. De plus, 23 haut-parleurs sur le plancher jouent une trame sonore de piano et de sons sourds. Pr\u00e9sent\u00e9 \u00e0 Vox, Montr\u00e9al, en 2005 et \u00e0 L&#8217;Oeil de Poisson, Qu\u00e9bec, en 2009.<\/p>\n<p>On one side of a curtain, there are 2 video projections: of a man walking very slowly on one screen and of a hand trying to write on the other. The screens include photosensors that translate the light parts of the video into electric signals, triggering 300 electric relays and leds on the other side of the curtain. There are also 23 loudspeakers spread on the floor playing a soft piano music and some low beat sounds. Shown at Vox, Montreal, 2005 and L&#8217;Oeil de Poisson, Quebec, 2009.<\/p>\n<p>&nbsp;[\/vc_column_text][\/vc_column][vc_column width=&#8221;1\/1&#8243;][vc_video link=&#8221;https:\/\/www.youtube.com\/watch?v=y4LGidgH-q0&#8243;][vc_separator color=&#8221;grey&#8221;][\/vc_column][\/vc_row][vc_row full_width=&#8221;&#8221;][vc_column width=&#8221;1\/2&#8243;][vc_single_image image=&#8221;765&#8243; alignment=&#8221;center&#8221; border_color=&#8221;grey&#8221; img_link_large=&#8221;&#8221; img_link_target=&#8221;_self&#8221; img_size=&#8221;full&#8221;][\/vc_column][vc_column width=&#8221;1\/2&#8243;][vc_single_image image=&#8221;766&#8243; alignment=&#8221;center&#8221; border_color=&#8221;grey&#8221; img_link_large=&#8221;&#8221; img_link_target=&#8221;_self&#8221; img_size=&#8221;full&#8221;][\/vc_column][\/vc_row][vc_row full_width=&#8221;&#8221;][vc_column width=&#8221;1\/2&#8243;][vc_single_image image=&#8221;764&#8243; alignment=&#8221;center&#8221; border_color=&#8221;grey&#8221; img_link_large=&#8221;&#8221; img_link_target=&#8221;_self&#8221; img_size=&#8221;full&#8221;][\/vc_column][vc_column width=&#8221;1\/2&#8243;][vc_single_image image=&#8221;767&#8243; alignment=&#8221;center&#8221; border_color=&#8221;grey&#8221; img_link_large=&#8221;&#8221; img_link_target=&#8221;_self&#8221; img_size=&#8221;full&#8221;][\/vc_column][\/vc_row][vc_row full_width=&#8221;&#8221;][vc_column width=&#8221;1\/2&#8243;][vc_single_image image=&#8221;768&#8243; alignment=&#8221;center&#8221; border_color=&#8221;grey&#8221; img_link_large=&#8221;&#8221; img_link_target=&#8221;_self&#8221; img_size=&#8221;full&#8221;][\/vc_column][vc_column width=&#8221;1\/2&#8243;][\/vc_column][\/vc_row]<\/p>\n<\/section>","protected":false},"excerpt":{"rendered":"<p>[vc_row][vc_column][vc_column_text]D&#8217;un c\u00f4t\u00e9 d&#8217;un rideau, 2 projections vid\u00e9o : un homme qui marche lentement et une main qui tente d&#8217;\u00e9crire. Les images sont projet\u00e9es sur des \u00e9crans munis de senseurs qui transforment la lumi\u00e8re en impulsions \u00e9lectriques pour 300 relais et diodes \u00e9lectro-luminescentes de l&#8217;autre c\u00f4t\u00e9. De plus, 23 haut-parleurs sur le plancher jouent une trame &#8230; <a title=\"Aucune de mes mains ne fait mal\" class=\"read-more\" href=\"http:\/\/jocelynrobert.com\/?page_id=761\" aria-label=\"More on Aucune de mes mains ne fait mal\">Read more<\/a><\/p>\n","protected":false},"author":1,"featured_media":0,"parent":40,"menu_order":0,"comment_status":"closed","ping_status":"open","template":"","meta":[],"_links":{"self":[{"href":"http:\/\/jocelynrobert.com\/index.php?rest_route=\/wp\/v2\/pages\/761"}],"collection":[{"href":"http:\/\/jocelynrobert.com\/index.php?rest_route=\/wp\/v2\/pages"}],"about":[{"href":"http:\/\/jocelynrobert.com\/index.php?rest_route=\/wp\/v2\/types\/page"}],"author":[{"embeddable":true,"href":"http:\/\/jocelynrobert.com\/index.php?rest_route=\/wp\/v2\/users\/1"}],"replies":[{"embeddable":true,"href":"http:\/\/jocelynrobert.com\/index.php?rest_route=%2Fwp%2Fv2%2Fcomments&post=761"}],"version-history":[{"count":4,"href":"http:\/\/jocelynrobert.com\/index.php?rest_route=\/wp\/v2\/pages\/761\/revisions"}],"predecessor-version":[{"id":771,"href":"http:\/\/jocelynrobert.com\/index.php?rest_route=\/wp\/v2\/pages\/761\/revisions\/771"}],"up":[{"embeddable":true,"href":"http:\/\/jocelynrobert.com\/index.php?rest_route=\/wp\/v2\/pages\/40"}],"wp:attachment":[{"href":"http:\/\/jocelynrobert.com\/index.php?rest_route=%2Fwp%2Fv2%2Fmedia&parent=761"}],"curies":[{"name":"wp","href":"https:\/\/api.w.org\/{rel}","templated":true}]}}