{"id":772,"date":"2015-04-05T21:42:25","date_gmt":"2015-04-05T21:42:25","guid":{"rendered":"http:\/\/jocelynrobert.com\/?page_id=772"},"modified":"2015-04-05T21:55:50","modified_gmt":"2015-04-05T21:55:50","slug":"especes-et-quasi-especes","status":"publish","type":"page","link":"http:\/\/jocelynrobert.com\/?page_id=772","title":{"rendered":"Esp\u00e8ces et quasi-esp\u00e8ces"},"content":{"rendered":"<section class=\"wpb-content-wrapper\"><p>[vc_row][vc_column width=&#8221;1\/1&#8243;][vc_column_text]Installation, avec Emile Morin.<br \/>\nUne vid\u00e9o est projet\u00e9e sur des avions jouets munis de circuits \u00e9lectroniques qui sont activ\u00e9s par la lumi\u00e8re. Ils mettent en route les moteurs des avions ainsi que des relais et dels qui cliquent et clignotent en cons\u00e9quence. Un essai sur le clip art en 3D, pr\u00e9sent\u00e9 pour la premi\u00e8re fois \u00e0 la Biennale of Electronic Arts de Perth, Australie, en 2004, puis \u00e0 Espace F (Matane) en 2005, Vooruit (Gand, Belgique) et Mois Multi (Qu\u00e9bec) en 2006.<\/p>\n<p>An installation with Emile Morin.<br \/>\nA video is projected unto toy planes fitted with electronic circuits that, when lit up by the video light, activate the planes engines while triggering relays and leds that click and flash accordingly. An essay on 3d clip art, first shown at the Biennale of Electronic Arts in Perth, Australia in 2004, then at Espace F (Matane)\u00a0 2005, Vooruit (Gent, Belgium) and Mois Multi (Quebec) in 2006.[\/vc_column_text][vc_video link=&#8221;https:\/\/vimeo.com\/118549655&#8243;][\/vc_column][\/vc_row][vc_row full_width=&#8221;&#8221;][vc_column width=&#8221;1\/2&#8243;][vc_single_image image=&#8221;774&#8243; alignment=&#8221;center&#8221; border_color=&#8221;grey&#8221; img_link_large=&#8221;&#8221; img_link_target=&#8221;_self&#8221; img_size=&#8221;full&#8221;][\/vc_column][vc_column width=&#8221;1\/2&#8243;][vc_single_image image=&#8221;775&#8243; border_color=&#8221;grey&#8221; img_link_large=&#8221;&#8221; img_link_target=&#8221;_self&#8221; img_size=&#8221;full&#8221;][\/vc_column][\/vc_row][vc_row][vc_column width=&#8221;1\/1&#8243;][vc_single_image image=&#8221;776&#8243; alignment=&#8221;center&#8221; border_color=&#8221;grey&#8221; img_link_large=&#8221;&#8221; img_link_target=&#8221;_self&#8221; img_size=&#8221;full&#8221;][\/vc_column][\/vc_row]<\/p>\n<\/section>","protected":false},"excerpt":{"rendered":"<p>[vc_row][vc_column width=&#8221;1\/1&#8243;][vc_column_text]Installation, avec Emile Morin. Une vid\u00e9o est projet\u00e9e sur des avions jouets munis de circuits \u00e9lectroniques qui sont activ\u00e9s par la lumi\u00e8re. Ils mettent en route les moteurs des avions ainsi que des relais et dels qui cliquent et clignotent en cons\u00e9quence. Un essai sur le clip art en 3D, pr\u00e9sent\u00e9 pour la premi\u00e8re &#8230; <a title=\"Esp\u00e8ces et quasi-esp\u00e8ces\" class=\"read-more\" href=\"http:\/\/jocelynrobert.com\/?page_id=772\" aria-label=\"More on Esp\u00e8ces et quasi-esp\u00e8ces\">Read more<\/a><\/p>\n","protected":false},"author":1,"featured_media":0,"parent":40,"menu_order":0,"comment_status":"closed","ping_status":"open","template":"","meta":[],"_links":{"self":[{"href":"http:\/\/jocelynrobert.com\/index.php?rest_route=\/wp\/v2\/pages\/772"}],"collection":[{"href":"http:\/\/jocelynrobert.com\/index.php?rest_route=\/wp\/v2\/pages"}],"about":[{"href":"http:\/\/jocelynrobert.com\/index.php?rest_route=\/wp\/v2\/types\/page"}],"author":[{"embeddable":true,"href":"http:\/\/jocelynrobert.com\/index.php?rest_route=\/wp\/v2\/users\/1"}],"replies":[{"embeddable":true,"href":"http:\/\/jocelynrobert.com\/index.php?rest_route=%2Fwp%2Fv2%2Fcomments&post=772"}],"version-history":[{"count":2,"href":"http:\/\/jocelynrobert.com\/index.php?rest_route=\/wp\/v2\/pages\/772\/revisions"}],"predecessor-version":[{"id":777,"href":"http:\/\/jocelynrobert.com\/index.php?rest_route=\/wp\/v2\/pages\/772\/revisions\/777"}],"up":[{"embeddable":true,"href":"http:\/\/jocelynrobert.com\/index.php?rest_route=\/wp\/v2\/pages\/40"}],"wp:attachment":[{"href":"http:\/\/jocelynrobert.com\/index.php?rest_route=%2Fwp%2Fv2%2Fmedia&parent=772"}],"curies":[{"name":"wp","href":"https:\/\/api.w.org\/{rel}","templated":true}]}}