{"id":784,"date":"2015-04-06T15:27:39","date_gmt":"2015-04-06T15:27:39","guid":{"rendered":"http:\/\/jocelynrobert.com\/?page_id=784"},"modified":"2015-04-06T15:34:38","modified_gmt":"2015-04-06T15:34:38","slug":"les-gestes-dun-homme-libre","status":"publish","type":"page","link":"http:\/\/jocelynrobert.com\/?page_id=784","title":{"rendered":"Les Gestes d&#8217;un homme libre"},"content":{"rendered":"<section class=\"wpb-content-wrapper\"><p>[vc_row][vc_column][vc_column_text]Installation vid\u00e9o, Galerie S\u00e9quence, Saguenay (Qu\u00e9bec), 2006.[\/vc_column_text][\/vc_column][vc_column width=&#8221;1\/1&#8243;][vc_video link=&#8221;https:\/\/youtu.be\/9M7C4KkxEbc&#8221;][vc_separator color=&#8221;grey&#8221;][vc_separator color=&#8221;grey&#8221;][\/vc_column][\/vc_row]<\/p>\n<\/section>","protected":false},"excerpt":{"rendered":"<p>[vc_row][vc_column][vc_column_text]Installation vid\u00e9o, Galerie S\u00e9quence, Saguenay (Qu\u00e9bec), 2006.[\/vc_column_text][\/vc_column][vc_column width=&#8221;1\/1&#8243;][vc_video link=&#8221;https:\/\/youtu.be\/9M7C4KkxEbc&#8221;][vc_separator color=&#8221;grey&#8221;][vc_separator color=&#8221;grey&#8221;][\/vc_column][\/vc_row]<\/p>\n","protected":false},"author":1,"featured_media":0,"parent":40,"menu_order":0,"comment_status":"closed","ping_status":"open","template":"","meta":[],"_links":{"self":[{"href":"http:\/\/jocelynrobert.com\/index.php?rest_route=\/wp\/v2\/pages\/784"}],"collection":[{"href":"http:\/\/jocelynrobert.com\/index.php?rest_route=\/wp\/v2\/pages"}],"about":[{"href":"http:\/\/jocelynrobert.com\/index.php?rest_route=\/wp\/v2\/types\/page"}],"author":[{"embeddable":true,"href":"http:\/\/jocelynrobert.com\/index.php?rest_route=\/wp\/v2\/users\/1"}],"replies":[{"embeddable":true,"href":"http:\/\/jocelynrobert.com\/index.php?rest_route=%2Fwp%2Fv2%2Fcomments&post=784"}],"version-history":[{"count":3,"href":"http:\/\/jocelynrobert.com\/index.php?rest_route=\/wp\/v2\/pages\/784\/revisions"}],"predecessor-version":[{"id":787,"href":"http:\/\/jocelynrobert.com\/index.php?rest_route=\/wp\/v2\/pages\/784\/revisions\/787"}],"up":[{"embeddable":true,"href":"http:\/\/jocelynrobert.com\/index.php?rest_route=\/wp\/v2\/pages\/40"}],"wp:attachment":[{"href":"http:\/\/jocelynrobert.com\/index.php?rest_route=%2Fwp%2Fv2%2Fmedia&parent=784"}],"curies":[{"name":"wp","href":"https:\/\/api.w.org\/{rel}","templated":true}]}}