{"id":791,"date":"2015-04-06T15:41:58","date_gmt":"2015-04-06T15:41:58","guid":{"rendered":"http:\/\/jocelynrobert.com\/?page_id=791"},"modified":"2015-04-06T20:19:00","modified_gmt":"2015-04-06T20:19:00","slug":"roue-a-aube","status":"publish","type":"page","link":"http:\/\/jocelynrobert.com\/?page_id=791","title":{"rendered":"Roue \u00e0 aube"},"content":{"rendered":"<section class=\"wpb-content-wrapper\"><p>[vc_row][vc_column][vc_column_text]Installation vid\u00e9o, Galerie S\u00e9quence, Saguenay (Qu\u00e9bec), 2006 et in <em>C&#8217;est arriv\u00e9 pr\u00e8s de chez vous<\/em>, Mus\u00e9e National des Beaux-arts du Qu\u00e9bec, (Qu\u00e9bec) 2008-2009.[\/vc_column_text][\/vc_column][vc_column width=&#8221;1\/1&#8243;][vc_video link=&#8221;http:\/\/youtu.be\/VfuyXH8iCYA&#8221;][\/vc_column][\/vc_row]<\/p>\n<\/section>","protected":false},"excerpt":{"rendered":"<p>[vc_row][vc_column][vc_column_text]Installation vid\u00e9o, Galerie S\u00e9quence, Saguenay (Qu\u00e9bec), 2006 et in C&#8217;est arriv\u00e9 pr\u00e8s de chez vous, Mus\u00e9e National des Beaux-arts du Qu\u00e9bec, (Qu\u00e9bec) 2008-2009.[\/vc_column_text][\/vc_column][vc_column width=&#8221;1\/1&#8243;][vc_video link=&#8221;http:\/\/youtu.be\/VfuyXH8iCYA&#8221;][\/vc_column][\/vc_row]<\/p>\n","protected":false},"author":1,"featured_media":0,"parent":40,"menu_order":0,"comment_status":"closed","ping_status":"open","template":"","meta":[],"_links":{"self":[{"href":"http:\/\/jocelynrobert.com\/index.php?rest_route=\/wp\/v2\/pages\/791"}],"collection":[{"href":"http:\/\/jocelynrobert.com\/index.php?rest_route=\/wp\/v2\/pages"}],"about":[{"href":"http:\/\/jocelynrobert.com\/index.php?rest_route=\/wp\/v2\/types\/page"}],"author":[{"embeddable":true,"href":"http:\/\/jocelynrobert.com\/index.php?rest_route=\/wp\/v2\/users\/1"}],"replies":[{"embeddable":true,"href":"http:\/\/jocelynrobert.com\/index.php?rest_route=%2Fwp%2Fv2%2Fcomments&post=791"}],"version-history":[{"count":5,"href":"http:\/\/jocelynrobert.com\/index.php?rest_route=\/wp\/v2\/pages\/791\/revisions"}],"predecessor-version":[{"id":889,"href":"http:\/\/jocelynrobert.com\/index.php?rest_route=\/wp\/v2\/pages\/791\/revisions\/889"}],"up":[{"embeddable":true,"href":"http:\/\/jocelynrobert.com\/index.php?rest_route=\/wp\/v2\/pages\/40"}],"wp:attachment":[{"href":"http:\/\/jocelynrobert.com\/index.php?rest_route=%2Fwp%2Fv2%2Fmedia&parent=791"}],"curies":[{"name":"wp","href":"https:\/\/api.w.org\/{rel}","templated":true}]}}