{"id":811,"date":"2015-04-06T17:42:26","date_gmt":"2015-04-06T17:42:26","guid":{"rendered":"http:\/\/jocelynrobert.com\/?page_id=811"},"modified":"2015-04-06T18:08:23","modified_gmt":"2015-04-06T18:08:23","slug":"state-of-the-union","status":"publish","type":"page","link":"http:\/\/jocelynrobert.com\/?page_id=811","title":{"rendered":"The State of the Union"},"content":{"rendered":"<section class=\"wpb-content-wrapper\"><p>[vc_row][vc_column][vc_column_text]Installation sonore et video. D&#8217;un c\u00f4t\u00e9 d&#8217;une \u00e9tag\u00e8re, on trouve un sofa, une petite table, un projecteur video et un \u00e9cran sp\u00e9cial. La projection est faite d&#8217;images de guerre vues \u00e0 reculon, tel que propos\u00e9 par Kurt Vonnegut JR dans Abbatoir 5. L&#8217;\u00e9cran est muni de circuits photosensibles qui traduisent les zones sombres et \u00e9clair\u00e9es de l&#8217;image video en impulsions \u00e9lectriques pour les 108 relais qui sont accroch\u00e9s au dos de l&#8217;\u00e9tag\u00e8re. Pr\u00e9sent\u00e9 \u00e0 Stanford Art Gallery en 2003 et \u00e0 la Galerie de l&#8217;UQAM en 2005.<\/p>\n<p>Sound and video installation. On one side of a shelf one finds a sofa, a little bedside table with a video projector and a special made projection screen. The projection consists of pictures from the World War seen in reverse motion, as proposed by Vonnegut jr in his book Slaughterhouse 5. The screen includes photosensors that translate the light and dark parts of the video into electric signals, triggering 108 electric relays hung on the other side of the shelf. Shown at Stanford Art Gallery, 2003, and Galerie de l&#8217;UQAM, 2005.[\/vc_column_text][\/vc_column][vc_column width=&#8221;1\/1&#8243;][vc_video link=&#8221;https:\/\/vimeo.com\/49316089&#8243;][\/vc_column][\/vc_row][vc_row full_width=&#8221;&#8221;][vc_column width=&#8221;1\/1&#8243;][vc_single_image image=&#8221;821&#8243; alignment=&#8221;center&#8221; border_color=&#8221;grey&#8221; img_link_large=&#8221;&#8221; img_link_target=&#8221;_self&#8221; img_size=&#8221;full&#8221;][vc_column_text]<\/p>\n<p style=\"text-align: right;\">Photo Paul Litherland<\/p>\n<p>[\/vc_column_text][\/vc_column][\/vc_row][vc_row full_width=&#8221;&#8221;][vc_column width=&#8221;1\/2&#8243;][vc_single_image image=&#8221;817&#8243; alignment=&#8221;center&#8221; border_color=&#8221;grey&#8221; img_link_large=&#8221;&#8221; img_link_target=&#8221;_self&#8221; img_size=&#8221;full&#8221;][\/vc_column][vc_column width=&#8221;1\/2&#8243;][vc_single_image image=&#8221;819&#8243; alignment=&#8221;center&#8221; border_color=&#8221;grey&#8221; img_link_large=&#8221;&#8221; img_link_target=&#8221;_self&#8221; img_size=&#8221;full&#8221;][\/vc_column][\/vc_row][vc_row full_width=&#8221;&#8221;][vc_column width=&#8221;1\/2&#8243;][vc_single_image image=&#8221;820&#8243; alignment=&#8221;center&#8221; border_color=&#8221;grey&#8221; img_link_large=&#8221;&#8221; img_link_target=&#8221;_self&#8221; img_size=&#8221;full&#8221;][\/vc_column][vc_column width=&#8221;1\/2&#8243;][vc_single_image image=&#8221;818&#8243; alignment=&#8221;center&#8221; border_color=&#8221;grey&#8221; img_link_large=&#8221;&#8221; img_link_target=&#8221;_self&#8221; img_size=&#8221;full&#8221;][\/vc_column][\/vc_row][vc_row full_width=&#8221;&#8221;][vc_column width=&#8221;1\/2&#8243;][vc_single_image image=&#8221;822&#8243; alignment=&#8221;center&#8221; border_color=&#8221;grey&#8221; img_link_large=&#8221;&#8221; img_link_target=&#8221;_self&#8221; img_size=&#8221;full&#8221;][\/vc_column][vc_column width=&#8221;1\/2&#8243;][vc_single_image image=&#8221;823&#8243; alignment=&#8221;center&#8221; border_color=&#8221;grey&#8221; img_link_large=&#8221;&#8221; img_link_target=&#8221;_self&#8221; img_size=&#8221;full&#8221;][\/vc_column][\/vc_row]<\/p>\n<\/section>","protected":false},"excerpt":{"rendered":"<p>[vc_row][vc_column][vc_column_text]Installation sonore et video. D&#8217;un c\u00f4t\u00e9 d&#8217;une \u00e9tag\u00e8re, on trouve un sofa, une petite table, un projecteur video et un \u00e9cran sp\u00e9cial. La projection est faite d&#8217;images de guerre vues \u00e0 reculon, tel que propos\u00e9 par Kurt Vonnegut JR dans Abbatoir 5. L&#8217;\u00e9cran est muni de circuits photosensibles qui traduisent les zones sombres et \u00e9clair\u00e9es &#8230; <a title=\"The State of the Union\" class=\"read-more\" href=\"http:\/\/jocelynrobert.com\/?page_id=811\" aria-label=\"More on The State of the Union\">Read more<\/a><\/p>\n","protected":false},"author":1,"featured_media":0,"parent":40,"menu_order":0,"comment_status":"closed","ping_status":"open","template":"","meta":[],"_links":{"self":[{"href":"http:\/\/jocelynrobert.com\/index.php?rest_route=\/wp\/v2\/pages\/811"}],"collection":[{"href":"http:\/\/jocelynrobert.com\/index.php?rest_route=\/wp\/v2\/pages"}],"about":[{"href":"http:\/\/jocelynrobert.com\/index.php?rest_route=\/wp\/v2\/types\/page"}],"author":[{"embeddable":true,"href":"http:\/\/jocelynrobert.com\/index.php?rest_route=\/wp\/v2\/users\/1"}],"replies":[{"embeddable":true,"href":"http:\/\/jocelynrobert.com\/index.php?rest_route=%2Fwp%2Fv2%2Fcomments&post=811"}],"version-history":[{"count":4,"href":"http:\/\/jocelynrobert.com\/index.php?rest_route=\/wp\/v2\/pages\/811\/revisions"}],"predecessor-version":[{"id":824,"href":"http:\/\/jocelynrobert.com\/index.php?rest_route=\/wp\/v2\/pages\/811\/revisions\/824"}],"up":[{"embeddable":true,"href":"http:\/\/jocelynrobert.com\/index.php?rest_route=\/wp\/v2\/pages\/40"}],"wp:attachment":[{"href":"http:\/\/jocelynrobert.com\/index.php?rest_route=%2Fwp%2Fv2%2Fmedia&parent=811"}],"curies":[{"name":"wp","href":"https:\/\/api.w.org\/{rel}","templated":true}]}}