{"id":838,"date":"2015-04-06T18:49:09","date_gmt":"2015-04-06T18:49:09","guid":{"rendered":"http:\/\/jocelynrobert.com\/?page_id=838"},"modified":"2015-04-06T19:00:46","modified_gmt":"2015-04-06T19:00:46","slug":"i-had-a-canary-but-its-not-dead-yet","status":"publish","type":"page","link":"http:\/\/jocelynrobert.com\/?page_id=838","title":{"rendered":"I Had a Canary But It&#8217;s Not Dead Yet"},"content":{"rendered":"<section class=\"wpb-content-wrapper\"><p>[vc_row][vc_column width=&#8221;1\/1&#8243;][vc_column_text]Une installation interactive : des petits moteurs \u00e9lectriques sont plac\u00e9s dans le piano, pr\u00e8s des cordes. Les fils qui les relient \u00e0 la source \u00e9lectrique sont connect\u00e9s aux ustensiles plac\u00e9s sur la table. Manger cr\u00e9e automatiquement sa propre musique d&#8217;accompagnement. Banff Centre for the Arts, 1992, Galerie de l&#8217;UQAM, 2005.<\/p>\n<p>An interactive installation : small electric motors are hung inside the piano, near the strings. The wires that link them to the electricity are connected to the utensils on the table. Eating automatically creates its own atmosphere music. Banff Centre for the Arts, 1992, Galerie de l&#8217;UQAM, 2005.[\/vc_column_text][\/vc_column][\/vc_row][vc_row full_width=&#8221;&#8221;][vc_column width=&#8221;1\/2&#8243;][vc_single_image image=&#8221;840&#8243; alignment=&#8221;center&#8221; border_color=&#8221;grey&#8221; img_link_large=&#8221;&#8221; img_link_target=&#8221;_self&#8221; img_size=&#8221;full&#8221;][\/vc_column][vc_column width=&#8221;1\/2&#8243;][vc_single_image image=&#8221;841&#8243; alignment=&#8221;center&#8221; border_color=&#8221;grey&#8221; img_link_large=&#8221;&#8221; img_link_target=&#8221;_self&#8221; img_size=&#8221;full&#8221;][vc_column_text]<\/p>\n<p style=\"text-align: right;\">Photos Paul Litherland<\/p>\n<p>[\/vc_column_text][\/vc_column][\/vc_row][vc_row full_width=&#8221;&#8221;][vc_column width=&#8221;1\/2&#8243;][vc_single_image image=&#8221;842&#8243; alignment=&#8221;center&#8221; border_color=&#8221;grey&#8221; img_link_large=&#8221;&#8221; img_link_target=&#8221;_self&#8221; img_size=&#8221;full&#8221;][\/vc_column][vc_column width=&#8221;1\/2&#8243;][vc_single_image image=&#8221;843&#8243; alignment=&#8221;center&#8221; border_color=&#8221;grey&#8221; img_link_large=&#8221;&#8221; img_link_target=&#8221;_self&#8221; img_size=&#8221;full&#8221;][\/vc_column][\/vc_row]<\/p>\n<\/section>","protected":false},"excerpt":{"rendered":"<p>[vc_row][vc_column width=&#8221;1\/1&#8243;][vc_column_text]Une installation interactive : des petits moteurs \u00e9lectriques sont plac\u00e9s dans le piano, pr\u00e8s des cordes. Les fils qui les relient \u00e0 la source \u00e9lectrique sont connect\u00e9s aux ustensiles plac\u00e9s sur la table. Manger cr\u00e9e automatiquement sa propre musique d&#8217;accompagnement. Banff Centre for the Arts, 1992, Galerie de l&#8217;UQAM, 2005. An interactive installation : &#8230; <a title=\"I Had a Canary But It&#8217;s Not Dead Yet\" class=\"read-more\" href=\"http:\/\/jocelynrobert.com\/?page_id=838\" aria-label=\"More on I Had a Canary But It&#8217;s Not Dead Yet\">Read more<\/a><\/p>\n","protected":false},"author":1,"featured_media":0,"parent":40,"menu_order":0,"comment_status":"closed","ping_status":"open","template":"","meta":[],"_links":{"self":[{"href":"http:\/\/jocelynrobert.com\/index.php?rest_route=\/wp\/v2\/pages\/838"}],"collection":[{"href":"http:\/\/jocelynrobert.com\/index.php?rest_route=\/wp\/v2\/pages"}],"about":[{"href":"http:\/\/jocelynrobert.com\/index.php?rest_route=\/wp\/v2\/types\/page"}],"author":[{"embeddable":true,"href":"http:\/\/jocelynrobert.com\/index.php?rest_route=\/wp\/v2\/users\/1"}],"replies":[{"embeddable":true,"href":"http:\/\/jocelynrobert.com\/index.php?rest_route=%2Fwp%2Fv2%2Fcomments&post=838"}],"version-history":[{"count":2,"href":"http:\/\/jocelynrobert.com\/index.php?rest_route=\/wp\/v2\/pages\/838\/revisions"}],"predecessor-version":[{"id":844,"href":"http:\/\/jocelynrobert.com\/index.php?rest_route=\/wp\/v2\/pages\/838\/revisions\/844"}],"up":[{"embeddable":true,"href":"http:\/\/jocelynrobert.com\/index.php?rest_route=\/wp\/v2\/pages\/40"}],"wp:attachment":[{"href":"http:\/\/jocelynrobert.com\/index.php?rest_route=%2Fwp%2Fv2%2Fmedia&parent=838"}],"curies":[{"name":"wp","href":"https:\/\/api.w.org\/{rel}","templated":true}]}}