{"id":854,"date":"2015-04-06T19:14:38","date_gmt":"2015-04-06T19:14:38","guid":{"rendered":"http:\/\/jocelynrobert.com\/?page_id=854"},"modified":"2015-07-31T20:28:56","modified_gmt":"2015-07-31T20:28:56","slug":"politique-dinterieur","status":"publish","type":"page","link":"http:\/\/jocelynrobert.com\/?page_id=854","title":{"rendered":"Politique d&#8217;int\u00e9rieur"},"content":{"rendered":"<section class=\"wpb-content-wrapper\"><p>[vc_row][vc_column][vc_column_text]<em>Politique d&#8217;Int\u00e9rieur<\/em> est compos\u00e9 d&#8217;une bo\u00eete de carton \u00e0 l&#8217;int\u00e9rieur de laquelle est projet\u00e9 un vid\u00e9o. L&#8217;image vid\u00e9o est presqu&#8217;immobile : le simple mouvement du soleil et de l&#8217;ombrage des feuilles d&#8217;un arbre, bougeant lentement sur le plancher et le mur de la cuisine. Collection du Mus\u00e9e National des Beaux-Arts du Qu\u00e9bec. Montr\u00e9e \u00e0 Oboro, Montr\u00e9al, 2002, \u00e0 la <em>Manif d&#8217;Art 2<\/em> de Qu\u00e9bec en 2003, dans <em>Intrus<\/em>, MNBAQ, 2008-09 , dans <em>M\u00e9tamorphose(s), <\/em>Akbank Sanat, Istanbul (Turquie) 2008 et dans <em>Interf\u00e9rences \/ Mus\u00e9e Nomade 3<\/em>, Mus\u00e9e des Beaux-Arts de Nantes (France), en 2015.<\/p>\n<p><em>Politique d&#8217;Int\u00e9rieur<\/em> is a made out of a cardboard box in which there is a video projection. The video is almost still : a simple image of the sun and shadows of leaves, slowly moving on the kitchen floor and wall. Collection of the Mus\u00e9e National des Beaux-Arts du Qu\u00e9bec. Shown at Oboro, Montreal, 2002, in <em>Intrus<\/em>, MNBAQ, in <em>Manif d&#8217;Art 2<\/em>, Qu\u00e9bec, 2003, in 2008-09 in <em>M\u00e9tamorphose(s), <\/em>Akbank Sanat, Istanbul (Turquie) 2008, and in 2015 as part of <em>Interf\u00e9rences \/ Mus\u00e9e Nomade 3<\/em>, Mus\u00e9e des Beaux-arts de Nantes (France).[\/vc_column_text][\/vc_column][vc_column width=&#8221;1\/1&#8243;][vc_video link=&#8221;https:\/\/youtu.be\/I-1iP4vbqIs&#8221;][\/vc_column][\/vc_row][vc_row full_width=&#8221;&#8221;][vc_column width=&#8221;1\/2&#8243;][vc_single_image image=&#8221;861&#8243; border_color=&#8221;grey&#8221; img_link_large=&#8221;&#8221; img_link_target=&#8221;_self&#8221; img_size=&#8221;full&#8221;][\/vc_column][vc_column width=&#8221;1\/2&#8243;][vc_single_image image=&#8221;859&#8243; border_color=&#8221;grey&#8221; img_link_large=&#8221;&#8221; img_link_target=&#8221;_self&#8221; img_size=&#8221;full&#8221;][\/vc_column][\/vc_row][vc_row full_width=&#8221;&#8221;][vc_column width=&#8221;1\/2&#8243;][vc_single_image image=&#8221;858&#8243; alignment=&#8221;center&#8221; border_color=&#8221;grey&#8221; img_link_large=&#8221;&#8221; img_link_target=&#8221;_self&#8221; img_size=&#8221;full&#8221;][\/vc_column][vc_column width=&#8221;1\/2&#8243;][vc_single_image image=&#8221;864&#8243; alignment=&#8221;center&#8221; border_color=&#8221;grey&#8221; img_link_large=&#8221;&#8221; img_link_target=&#8221;_self&#8221; img_size=&#8221;full&#8221;][\/vc_column][\/vc_row][vc_row full_width=&#8221;&#8221;][vc_column width=&#8221;1\/1&#8243;][vc_single_image image=&#8221;865&#8243; border_color=&#8221;grey&#8221; img_link_large=&#8221;&#8221; img_link_target=&#8221;_self&#8221; img_size=&#8221;full&#8221; alignment=&#8221;center&#8221;][\/vc_column][\/vc_row]<\/p>\n<\/section>","protected":false},"excerpt":{"rendered":"<p>[vc_row][vc_column][vc_column_text]Politique d&#8217;Int\u00e9rieur est compos\u00e9 d&#8217;une bo\u00eete de carton \u00e0 l&#8217;int\u00e9rieur de laquelle est projet\u00e9 un vid\u00e9o. L&#8217;image vid\u00e9o est presqu&#8217;immobile : le simple mouvement du soleil et de l&#8217;ombrage des feuilles d&#8217;un arbre, bougeant lentement sur le plancher et le mur de la cuisine. Collection du Mus\u00e9e National des Beaux-Arts du Qu\u00e9bec. Montr\u00e9e \u00e0 Oboro, &#8230; <a title=\"Politique d&#8217;int\u00e9rieur\" class=\"read-more\" href=\"http:\/\/jocelynrobert.com\/?page_id=854\" aria-label=\"More on Politique d&#8217;int\u00e9rieur\">Read more<\/a><\/p>\n","protected":false},"author":1,"featured_media":0,"parent":40,"menu_order":0,"comment_status":"closed","ping_status":"open","template":"","meta":[],"_links":{"self":[{"href":"http:\/\/jocelynrobert.com\/index.php?rest_route=\/wp\/v2\/pages\/854"}],"collection":[{"href":"http:\/\/jocelynrobert.com\/index.php?rest_route=\/wp\/v2\/pages"}],"about":[{"href":"http:\/\/jocelynrobert.com\/index.php?rest_route=\/wp\/v2\/types\/page"}],"author":[{"embeddable":true,"href":"http:\/\/jocelynrobert.com\/index.php?rest_route=\/wp\/v2\/users\/1"}],"replies":[{"embeddable":true,"href":"http:\/\/jocelynrobert.com\/index.php?rest_route=%2Fwp%2Fv2%2Fcomments&post=854"}],"version-history":[{"count":6,"href":"http:\/\/jocelynrobert.com\/index.php?rest_route=\/wp\/v2\/pages\/854\/revisions"}],"predecessor-version":[{"id":1337,"href":"http:\/\/jocelynrobert.com\/index.php?rest_route=\/wp\/v2\/pages\/854\/revisions\/1337"}],"up":[{"embeddable":true,"href":"http:\/\/jocelynrobert.com\/index.php?rest_route=\/wp\/v2\/pages\/40"}],"wp:attachment":[{"href":"http:\/\/jocelynrobert.com\/index.php?rest_route=%2Fwp%2Fv2%2Fmedia&parent=854"}],"curies":[{"name":"wp","href":"https:\/\/api.w.org\/{rel}","templated":true}]}}