{"id":896,"date":"2015-04-06T20:34:25","date_gmt":"2015-04-06T20:34:25","guid":{"rendered":"http:\/\/jocelynrobert.com\/?page_id=896"},"modified":"2015-04-10T15:15:21","modified_gmt":"2015-04-10T15:15:21","slug":"8-bit-globe","status":"publish","type":"page","link":"http:\/\/jocelynrobert.com\/?page_id=896","title":{"rendered":"8-bit Globe"},"content":{"rendered":"<section class=\"wpb-content-wrapper\"><p>[vc_row][vc_column width=&#8221;1\/1&#8243;][vc_column_text]<a href=\"http:\/\/jocelynrobert.com\/jr-travaux\/jr-autres\/8-bit\/8-bit-globe\/index.html\">Projet web <\/a>r\u00e9alis\u00e9 avec Amy Franceschini (<a href=\"http:\/\/www.futurefarmers.com\/\">Future Farmers<\/a>) et pr\u00e9sent\u00e9 par Vox, Montr\u00e9al (Qu\u00e9bec) en 2005.<\/p>\n<p><a href=\"http:\/\/jocelynrobert.com\/jr-travaux\/jr-autres\/8-bit\/8-bit-globe\/index.html\">Web project<\/a> with Amy Franceschini (<a href=\"http:\/\/www.futurefarmers.com\/\">Future Farmers<\/a>) presented by Vox, Montreal (Quebec), 2005.[\/vc_column_text][vc_separator color=&#8221;grey&#8221;][vc_single_image border_color=&#8221;grey&#8221; img_link_target=&#8221;_self&#8221; image=&#8221;898&#8243; img_size=&#8221;full&#8221; alignment=&#8221;center&#8221; img_link_large=&#8221;&#8221; link=&#8221;http:\/\/jocelynrobert.com\/jr-travaux\/jr-autres\/8-bit\/8-bit-globe\/index.html&#8221;][vc_separator color=&#8221;grey&#8221;][\/vc_column][\/vc_row]<\/p>\n<\/section>","protected":false},"excerpt":{"rendered":"<p>[vc_row][vc_column width=&#8221;1\/1&#8243;][vc_column_text]Projet web r\u00e9alis\u00e9 avec Amy Franceschini (Future Farmers) et pr\u00e9sent\u00e9 par Vox, Montr\u00e9al (Qu\u00e9bec) en 2005. Web project with Amy Franceschini (Future Farmers) presented by Vox, Montreal (Quebec), 2005.[\/vc_column_text][vc_separator color=&#8221;grey&#8221;][vc_single_image border_color=&#8221;grey&#8221; img_link_target=&#8221;_self&#8221; image=&#8221;898&#8243; img_size=&#8221;full&#8221; alignment=&#8221;center&#8221; img_link_large=&#8221;&#8221; link=&#8221;http:\/\/jocelynrobert.com\/jr-travaux\/jr-autres\/8-bit\/8-bit-globe\/index.html&#8221;][vc_separator color=&#8221;grey&#8221;][\/vc_column][\/vc_row]<\/p>\n","protected":false},"author":1,"featured_media":0,"parent":40,"menu_order":0,"comment_status":"closed","ping_status":"open","template":"","meta":[],"_links":{"self":[{"href":"http:\/\/jocelynrobert.com\/index.php?rest_route=\/wp\/v2\/pages\/896"}],"collection":[{"href":"http:\/\/jocelynrobert.com\/index.php?rest_route=\/wp\/v2\/pages"}],"about":[{"href":"http:\/\/jocelynrobert.com\/index.php?rest_route=\/wp\/v2\/types\/page"}],"author":[{"embeddable":true,"href":"http:\/\/jocelynrobert.com\/index.php?rest_route=\/wp\/v2\/users\/1"}],"replies":[{"embeddable":true,"href":"http:\/\/jocelynrobert.com\/index.php?rest_route=%2Fwp%2Fv2%2Fcomments&post=896"}],"version-history":[{"count":3,"href":"http:\/\/jocelynrobert.com\/index.php?rest_route=\/wp\/v2\/pages\/896\/revisions"}],"predecessor-version":[{"id":1179,"href":"http:\/\/jocelynrobert.com\/index.php?rest_route=\/wp\/v2\/pages\/896\/revisions\/1179"}],"up":[{"embeddable":true,"href":"http:\/\/jocelynrobert.com\/index.php?rest_route=\/wp\/v2\/pages\/40"}],"wp:attachment":[{"href":"http:\/\/jocelynrobert.com\/index.php?rest_route=%2Fwp%2Fv2%2Fmedia&parent=896"}],"curies":[{"name":"wp","href":"https:\/\/api.w.org\/{rel}","templated":true}]}}