{"id":903,"date":"2015-04-06T21:00:33","date_gmt":"2015-04-06T21:00:33","guid":{"rendered":"http:\/\/jocelynrobert.com\/?page_id=903"},"modified":"2015-04-06T21:20:37","modified_gmt":"2015-04-06T21:20:37","slug":"ground-station","status":"publish","type":"page","link":"http:\/\/jocelynrobert.com\/?page_id=903","title":{"rendered":"Ground Station"},"content":{"rendered":"<section class=\"wpb-content-wrapper\"><p>[vc_row][vc_column][vc_column_text]Ground Station est une installation r\u00e9alis\u00e9e avec <a href=\"http:\/\/www.danieljolliffe.ca\/index.html\">Daniel Jolliffe<\/a> en 2000. Elle est compos\u00e9e d&#8217;un GPS, d&#8217;un ordinateur avec un logiciel sp\u00e9cialement con\u00e7u et un piano Disklavier. La danse des satellites du syst\u00e8me de positionnement global devient la partition pour une musique ludique. Un catalogue\/cd a \u00e9t\u00e9 publi\u00e9 par <a href=\"http:\/\/www.surrey.ca\/culture-recreation\/6721.aspx\">Surrey Art Gallery<\/a>.<\/p>\n<p>Ground Station is an installation made with <a href=\"http:\/\/www.danieljolliffe.ca\/index.html\">Daniel Jolliffe<\/a> en 2000. It is made from a GPS, a computer with special made software and a Disklavier piano. The danse of the global positioning system becomes the score for the music. A catalog \/ cd has been published by <a href=\"http:\/\/www.surrey.ca\/culture-recreation\/6721.aspx\">Surrey Art Gallery<\/a>.[\/vc_column_text][\/vc_column][vc_column width=&#8221;1\/1&#8243;][vc_video link=&#8221;http:\/\/youtu.be\/wFmT7hZ2u28 &#8220;][\/vc_column][\/vc_row][vc_row full_width=&#8221;&#8221;][vc_column width=&#8221;1\/2&#8243;][vc_single_image image=&#8221;905&#8243; alignment=&#8221;center&#8221; border_color=&#8221;grey&#8221; img_link_large=&#8221;&#8221; img_link_target=&#8221;_self&#8221; img_size=&#8221;full&#8221;][\/vc_column][vc_column width=&#8221;1\/2&#8243;][vc_single_image image=&#8221;907&#8243; alignment=&#8221;center&#8221; border_color=&#8221;grey&#8221; img_link_large=&#8221;&#8221; img_link_target=&#8221;_self&#8221; img_size=&#8221;full&#8221;][\/vc_column][\/vc_row][vc_row full_width=&#8221;&#8221;][vc_column width=&#8221;1\/2&#8243;][vc_single_image image=&#8221;906&#8243; alignment=&#8221;center&#8221; border_color=&#8221;grey&#8221; img_link_large=&#8221;&#8221; img_link_target=&#8221;_self&#8221; img_size=&#8221;full&#8221;][\/vc_column][vc_column width=&#8221;1\/2&#8243;][vc_single_image image=&#8221;908&#8243; alignment=&#8221;center&#8221; border_color=&#8221;grey&#8221; img_link_large=&#8221;&#8221; img_link_target=&#8221;_self&#8221; img_size=&#8221;full&#8221;][\/vc_column][\/vc_row]<\/p>\n<\/section>","protected":false},"excerpt":{"rendered":"<p>[vc_row][vc_column][vc_column_text]Ground Station est une installation r\u00e9alis\u00e9e avec Daniel Jolliffe en 2000. Elle est compos\u00e9e d&#8217;un GPS, d&#8217;un ordinateur avec un logiciel sp\u00e9cialement con\u00e7u et un piano Disklavier. La danse des satellites du syst\u00e8me de positionnement global devient la partition pour une musique ludique. Un catalogue\/cd a \u00e9t\u00e9 publi\u00e9 par Surrey Art Gallery. Ground Station is &#8230; <a title=\"Ground Station\" class=\"read-more\" href=\"http:\/\/jocelynrobert.com\/?page_id=903\" aria-label=\"More on Ground Station\">Read more<\/a><\/p>\n","protected":false},"author":1,"featured_media":0,"parent":40,"menu_order":0,"comment_status":"closed","ping_status":"open","template":"","meta":[],"_links":{"self":[{"href":"http:\/\/jocelynrobert.com\/index.php?rest_route=\/wp\/v2\/pages\/903"}],"collection":[{"href":"http:\/\/jocelynrobert.com\/index.php?rest_route=\/wp\/v2\/pages"}],"about":[{"href":"http:\/\/jocelynrobert.com\/index.php?rest_route=\/wp\/v2\/types\/page"}],"author":[{"embeddable":true,"href":"http:\/\/jocelynrobert.com\/index.php?rest_route=\/wp\/v2\/users\/1"}],"replies":[{"embeddable":true,"href":"http:\/\/jocelynrobert.com\/index.php?rest_route=%2Fwp%2Fv2%2Fcomments&post=903"}],"version-history":[{"count":4,"href":"http:\/\/jocelynrobert.com\/index.php?rest_route=\/wp\/v2\/pages\/903\/revisions"}],"predecessor-version":[{"id":912,"href":"http:\/\/jocelynrobert.com\/index.php?rest_route=\/wp\/v2\/pages\/903\/revisions\/912"}],"up":[{"embeddable":true,"href":"http:\/\/jocelynrobert.com\/index.php?rest_route=\/wp\/v2\/pages\/40"}],"wp:attachment":[{"href":"http:\/\/jocelynrobert.com\/index.php?rest_route=%2Fwp%2Fv2%2Fmedia&parent=903"}],"curies":[{"name":"wp","href":"https:\/\/api.w.org\/{rel}","templated":true}]}}