{"id":920,"date":"2015-04-07T13:23:06","date_gmt":"2015-04-07T13:23:06","guid":{"rendered":"http:\/\/jocelynrobert.com\/?page_id=920"},"modified":"2015-04-07T13:40:14","modified_gmt":"2015-04-07T13:40:14","slug":"st-georges-et-le-dragon","status":"publish","type":"page","link":"http:\/\/jocelynrobert.com\/?page_id=920","title":{"rendered":"St-Georges et le dragon"},"content":{"rendered":"<section class=\"wpb-content-wrapper\"><p>[vc_row][vc_column][vc_column_text]Installation video-informatique r\u00e9alis\u00e9e pour l&#8217;exposition collective R\u00e9sonance &#8211; Le corps \u00e9lectromagn\u00e9tique, 2005-2006.<br \/>\nPr\u00e9sent\u00e9e \u00e0 Oboro et Occurrence, Montr\u00e9al, ZKM, Karlsruhe (Allemagne), Ludwig Museum, Budapest (Hongrie), Conde Duque MediaLab, Madrid (Espagne), V2, Rotterdam (Hollande), Festival @rt Outsiders, Maison Europ\u00e9enne de la Photographie, Paris (France).<\/p>\n<p>A computer-video installation presented in the group show R\u00e9sonance &#8211; Le corps \u00e9lectromagn\u00e9tique, 2005-2006.<br \/>\nShown at Oboro et Occurrence, Montreal, ZKM, Karlsruhe (Germany), Ludwig Museum, Budapest (Hungary), Conde Duque MediaLab, Madrid (Spain), V2, Rotterdam (Holland), Festival @rt Outsiders, Maison Europ\u00e9enne de la Photographie, Paris (France).[\/vc_column_text][\/vc_column][vc_column width=&#8221;1\/1&#8243;][vc_video link=&#8221;https:\/\/vimeo.com\/124303629&#8243;][\/vc_column][\/vc_row][vc_row full_width=&#8221;&#8221;][vc_column width=&#8221;1\/1&#8243;][vc_single_image image=&#8221;922&#8243; alignment=&#8221;center&#8221; border_color=&#8221;grey&#8221; img_link_large=&#8221;&#8221; img_link_target=&#8221;_self&#8221; img_size=&#8221;full&#8221;][\/vc_column][\/vc_row][vc_row full_width=&#8221;&#8221;][vc_column width=&#8221;1\/1&#8243;][vc_single_image image=&#8221;923&#8243; alignment=&#8221;center&#8221; border_color=&#8221;grey&#8221; img_link_large=&#8221;&#8221; img_link_target=&#8221;_self&#8221; img_size=&#8221;full&#8221;][\/vc_column][\/vc_row]<\/p>\n<\/section>","protected":false},"excerpt":{"rendered":"<p>[vc_row][vc_column][vc_column_text]Installation video-informatique r\u00e9alis\u00e9e pour l&#8217;exposition collective R\u00e9sonance &#8211; Le corps \u00e9lectromagn\u00e9tique, 2005-2006. Pr\u00e9sent\u00e9e \u00e0 Oboro et Occurrence, Montr\u00e9al, ZKM, Karlsruhe (Allemagne), Ludwig Museum, Budapest (Hongrie), Conde Duque MediaLab, Madrid (Espagne), V2, Rotterdam (Hollande), Festival @rt Outsiders, Maison Europ\u00e9enne de la Photographie, Paris (France). A computer-video installation presented in the group show R\u00e9sonance &#8211; Le corps &#8230; <a title=\"St-Georges et le dragon\" class=\"read-more\" href=\"http:\/\/jocelynrobert.com\/?page_id=920\" aria-label=\"More on St-Georges et le dragon\">Read more<\/a><\/p>\n","protected":false},"author":1,"featured_media":0,"parent":40,"menu_order":0,"comment_status":"closed","ping_status":"open","template":"","meta":[],"_links":{"self":[{"href":"http:\/\/jocelynrobert.com\/index.php?rest_route=\/wp\/v2\/pages\/920"}],"collection":[{"href":"http:\/\/jocelynrobert.com\/index.php?rest_route=\/wp\/v2\/pages"}],"about":[{"href":"http:\/\/jocelynrobert.com\/index.php?rest_route=\/wp\/v2\/types\/page"}],"author":[{"embeddable":true,"href":"http:\/\/jocelynrobert.com\/index.php?rest_route=\/wp\/v2\/users\/1"}],"replies":[{"embeddable":true,"href":"http:\/\/jocelynrobert.com\/index.php?rest_route=%2Fwp%2Fv2%2Fcomments&post=920"}],"version-history":[{"count":2,"href":"http:\/\/jocelynrobert.com\/index.php?rest_route=\/wp\/v2\/pages\/920\/revisions"}],"predecessor-version":[{"id":924,"href":"http:\/\/jocelynrobert.com\/index.php?rest_route=\/wp\/v2\/pages\/920\/revisions\/924"}],"up":[{"embeddable":true,"href":"http:\/\/jocelynrobert.com\/index.php?rest_route=\/wp\/v2\/pages\/40"}],"wp:attachment":[{"href":"http:\/\/jocelynrobert.com\/index.php?rest_route=%2Fwp%2Fv2%2Fmedia&parent=920"}],"curies":[{"name":"wp","href":"https:\/\/api.w.org\/{rel}","templated":true}]}}